{"id":29973,"date":"2022-02-17T14:43:20","date_gmt":"2022-02-17T14:43:20","guid":{"rendered":"https:\/\/www.promo24.info\/datenschutz\/"},"modified":"2024-01-22T11:14:56","modified_gmt":"2024-01-22T11:14:56","slug":"protection-des-donnees","status":"publish","type":"page","link":"https:\/\/www.promo24.info\/fr\/protection-des-donnees\/","title":{"rendered":"Protection des donn\u00e9es"},"content":{"rendered":"<p>INFORMATIONS SUR LE TRAITEMENT DES DONN\u00c9ES<br \/>\n<a href=\"https:\/\/www.octogone.de\/wp-content\/uploads\/Datenschutz.pdf\" target=\"_blank\" rel=\"noopener\">(T\u00e9l\u00e9charger la politique de confidentialit\u00e9)<\/a><\/p>\n<p><strong>1. Nom et coordonn\u00e9es du responsable du traitement et du d\u00e9l\u00e9gu\u00e9 \u00e0 la protection des donn\u00e9es de l&rsquo;entreprise<\/strong><br \/>\nLes pr\u00e9sentes informations sur la protection des donn\u00e9es s&rsquo;appliquent au traitement des donn\u00e9es par le responsable du traitement :<br \/>\nOCTOGONE GmbH,<br \/>\nMittlerer Weg 34,<br \/>\n79424 Auggen, Allemagne,<\/p>\n<p>Email: <span id=\"cloak205f8e093eff591fce69f35639e27b59\"><a href=\"&#109;&#x61;&#x69;l&#116;&#x6f;:&#105;&#x6e;f&#111;&#x40;o&#99;&#x74;&#x6f;&#103;&#x6f;&#x6e;e&#46;&#x64;e\">in&#102;&#111;&#64;&#x6f;&#x63;&#x74;&#x6f;&#x67;on&#101;&#46;&#100;&#x65;<\/a><\/span>, <br \/>\n<a href=\"http:\/\/www.octogone.de\">www.octogone.de<\/a><br \/>\nT\u00e9l\u00e9phone: +49 (0)7631 \u2013 80589-0 <br \/>\nFax: +49 (0)7631 \u2013 80589-99<\/p>\n<p><strong>2. La collecte et l&rsquo;enregistrement de donn\u00e9es \u00e0 caract\u00e8re personnel ainsi que la nature, le but et l&rsquo;utilisation de ces donn\u00e9es<\/strong><br \/>\na) Lorsque vous nous confiez une mission et\/ou nous adressez une demande, nous collectons les informations suivantes :<\/p>\n<p>Titre, pr\u00e9nom, nom de famille,<br \/>\nnom de la soci\u00e9t\u00e9<br \/>\nune adresse e-mail valide,<br \/>\nadresse, si elle est diff\u00e9rente, \u00e9galement l&rsquo;adresse de livraison<br \/>\nun num\u00e9ro de t\u00e9l\u00e9phone (fixe et\/ou mobile)<br \/>\nles informations n\u00e9cessaires au traitement et \u00e0 l&rsquo;ex\u00e9cution de la commande<\/p>\n<p>b) La collecte de ces donn\u00e9es est effectu\u00e9e,<\/p>\n<p>pour pouvoir vous identifier en tant que notre client ;<br \/>\npour vous soumettre une offre correspondant \u00e0 votre demande,<br \/>\npour pouvoir vous conseiller de mani\u00e8re appropri\u00e9e dans le cadre de la commande ;<br \/>\npour correspondre avec vous ;<br \/>\npour la facturation ;<br \/>\npour traiter d&rsquo;\u00e9ventuels droits de garantie et de responsabilit\u00e9 ;<br \/>\npour vous informer sur les extensions de gamme<\/p>\n<p>c) Le traitement des donn\u00e9es est effectu\u00e9 \u00e0 votre demande et est n\u00e9cessaire, conform\u00e9ment \u00e0 l&rsquo;article 6, paragraphe 1, phrase 1, lettre b du RGPD, aux fins mentionn\u00e9es pour le traitement appropri\u00e9 de l&rsquo;offre\/de la commande et pour l&rsquo;ex\u00e9cution par les deux parties des obligations d\u00e9coulant de la commande. La non-fourniture de ces donn\u00e9es peut avoir pour cons\u00e9quence que le contrat ne peut pas \u00eatre conclu.<\/p>\n<p>d) Les donn\u00e9es personnelles que nous avons collect\u00e9es pour le traitement et l&rsquo;ex\u00e9cution de la commande sont stock\u00e9es jusqu&rsquo;\u00e0 l&rsquo;expiration de l&rsquo;obligation l\u00e9gale de conservation, puis supprim\u00e9es, \u00e0 moins que nous ne soyons tenus \u00e0 un stockage plus long en vertu de l&rsquo;article 6, paragraphe 1, phrase 1, point c) du RGPD en raison d&rsquo;obligations de conservation et de documentation fiscales et commerciales (d\u00e9coulant du code de commerce, du code p\u00e9nal ou du code des imp\u00f4ts) ou que vous n&rsquo;ayez consenti \u00e0 un stockage plus long en vertu de l&rsquo;article 6, paragraphe 1, phrase 1, point a) du RGPD.<\/p>\n<p><strong>3. Transmission de donn\u00e9es \u00e0 des tiers<\/strong><br \/>\nVos donn\u00e9es personnelles ne sont pas transmises \u00e0 des tiers \u00e0 des fins autres que celles mentionn\u00e9es ci-dessous.<\/p>\n<p><strong>4. Droits des personnes concern\u00e9es<\/strong><br \/>\nVous avez le droit<\/p>\n<p>conform\u00e9ment \u00e0 l&rsquo;article 7, paragraphe 3 du RGPD, de r\u00e9voquer \u00e0 tout moment le consentement que vous nous avez donn\u00e9. Cela a pour cons\u00e9quence que nous ne pouvons plus poursuivre \u00e0 l&rsquo;avenir le traitement des donn\u00e9es qui \u00e9tait bas\u00e9 sur le consentement ;<br \/>\nde demander, conform\u00e9ment \u00e0 l&rsquo;article 15 du RGPD, des informations sur les donn\u00e9es \u00e0 caract\u00e8re personnel que nous traitons. Ces informations comprennent \u00e9galement les cat\u00e9gories de destinataires auxquels ces donn\u00e9es sont transmises ainsi que la finalit\u00e9 et la dur\u00e9e de leur stockage ;<br \/>\nconform\u00e9ment \u00e0 l&rsquo;art. 16 du RGPD, d&rsquo;exiger sans d\u00e9lai la rectification des donn\u00e9es \u00e0 caract\u00e8re personnel vous concernant qui sont inexactes ou qui ont \u00e9t\u00e9 compl\u00e9t\u00e9es ;<br \/>\nconform\u00e9ment \u00e0 l&rsquo;article 17 du RGPD, d&rsquo;exiger la suppression des donn\u00e9es \u00e0 caract\u00e8re personnel vous concernant que nous avons enregistr\u00e9es, \u00e0 moins que le traitement ne soit n\u00e9cessaire \u00e0 l&rsquo;exercice du droit \u00e0 la libert\u00e9 d&rsquo;expression et d&rsquo;information, au respect d&rsquo;une obligation l\u00e9gale, pour des motifs d&rsquo;int\u00e9r\u00eat public ou pour la constatation, l&rsquo;exercice ou la d\u00e9fense de droits en justice ;<\/p>\n<p>d&rsquo;exiger, conform\u00e9ment \u00e0 l&rsquo;article 18 du RGPD, la limitation du traitement de vos donn\u00e9es personnelles, dans la mesure o\u00f9 vous contestez l&rsquo;exactitude des donn\u00e9es, o\u00f9 le traitement est illicite mais que vous refusez leur suppression et que nous n&rsquo;avons plus besoin des donn\u00e9es, mais que vous en avez besoin pour faire valoir, exercer ou d\u00e9fendre des droits en justice ou que vous vous \u00eates oppos\u00e9 au traitement conform\u00e9ment \u00e0 l&rsquo;article 21 du RGPD ;<br \/>\nconform\u00e9ment \u00e0 l&rsquo;art. 20 du RGPD, de recevoir les donn\u00e9es \u00e0 caract\u00e8re personnel que vous nous avez fournies dans un format structur\u00e9, couramment utilis\u00e9 et lisible par machine ou d&rsquo;exiger leur transmission \u00e0 un autre responsable du traitement ; et<br \/>\nde d\u00e9poser une plainte aupr\u00e8s d&rsquo;une autorit\u00e9 de surveillance conform\u00e9ment \u00e0 l&rsquo;article 77 du RGPD. En r\u00e8gle g\u00e9n\u00e9rale, vous pouvez vous adresser pour cela \u00e0 l&rsquo;autorit\u00e9 de surveillance de votre lieu de r\u00e9sidence ou de travail habituel ou de notre si\u00e8ge social.<\/p>\n<p><strong>5. Droit d&rsquo;opposition<\/strong><br \/>\nDans la mesure o\u00f9 vos donn\u00e9es personnelles sont trait\u00e9es sur la base d&rsquo;int\u00e9r\u00eats l\u00e9gitimes conform\u00e9ment \u00e0 l&rsquo;article 6, paragraphe 1, phrase 1, point f) du RGPD, vous avez le droit, conform\u00e9ment \u00e0 l&rsquo;article 21 du RGPD, de vous opposer au traitement de vos donn\u00e9es personnelles, dans la mesure o\u00f9 il existe des raisons li\u00e9es \u00e0 votre situation particuli\u00e8re.<br \/>\nSi vous souhaitez faire usage de votre droit d&rsquo;opposition, il vous suffit d&rsquo;envoyer un e-mail \u00e0 &#x69;n&#x66;o&#x40;&#111;&#x63;&#116;o&#x67;o&#x6e;&#101;&#x2e;&#100;&#x65; en indiquant en objet \u00ab\u00a0Opposition au traitement des donn\u00e9es \u00e0 caract\u00e8re personnel\u00a0\u00bb.<\/p>\n","protected":false},"excerpt":{"rendered":"<p>INFORMATIONS SUR LE TRAITEMENT DES DONN\u00c9ES (T\u00e9l\u00e9charger la politique de confidentialit\u00e9) 1. Nom et coordonn\u00e9es du responsable du traitement et du d\u00e9l\u00e9gu\u00e9 \u00e0 la protection des donn\u00e9es de l&rsquo;entreprise Les pr\u00e9sentes informations sur la protection des donn\u00e9es s&rsquo;appliquent au traitement des donn\u00e9es par le responsable du traitement : OCTOGONE GmbH, Mittlerer Weg 34, 79424 Auggen, [&hellip;]<\/p>\n","protected":false},"author":1,"featured_media":0,"parent":0,"menu_order":49,"comment_status":"closed","ping_status":"closed","template":"","meta":{"_acf_changed":false,"footnotes":""},"class_list":["post-29973","page","type-page","status-publish","hentry"],"acf":[],"yoast_head":"<!-- This site is optimized with the Yoast SEO Premium plugin v22.3 (Yoast SEO v25.6) - https:\/\/yoast.com\/wordpress\/plugins\/seo\/ -->\n<title>Articles promotionnels de promo24 - Protection des donn\u00e9es<\/title>\n<meta name=\"robots\" content=\"index, follow, max-snippet:-1, max-image-preview:large, max-video-preview:-1\" \/>\n<link rel=\"canonical\" href=\"https:\/\/www.promo24.info\/fr\/protection-des-donnees\/\" \/>\n<meta property=\"og:locale\" content=\"fr_FR\" \/>\n<meta property=\"og:type\" content=\"article\" \/>\n<meta property=\"og:title\" content=\"Protection des donn\u00e9es\" \/>\n<meta property=\"og:description\" content=\"INFORMATIONS SUR LE TRAITEMENT DES DONN\u00c9ES (T\u00e9l\u00e9charger la politique de confidentialit\u00e9) 1. Nom et coordonn\u00e9es du responsable du traitement et du d\u00e9l\u00e9gu\u00e9 \u00e0 la protection des donn\u00e9es de l&rsquo;entreprise Les pr\u00e9sentes informations sur la protection des donn\u00e9es s&rsquo;appliquent au traitement des donn\u00e9es par le responsable du traitement : OCTOGONE GmbH, Mittlerer Weg 34, 79424 Auggen, [&hellip;]\" \/>\n<meta property=\"og:url\" content=\"https:\/\/www.promo24.info\/fr\/protection-des-donnees\/\" \/>\n<meta property=\"og:site_name\" content=\"Articles promotionnels de promo24\" \/>\n<meta property=\"article:modified_time\" content=\"2024-01-22T11:14:56+00:00\" \/>\n<meta name=\"twitter:label1\" content=\"Dur\u00e9e de lecture estim\u00e9e\" \/>\n\t<meta name=\"twitter:data1\" content=\"4 minutes\" \/>\n<script type=\"application\/ld+json\" class=\"yoast-schema-graph\">{\"@context\":\"https:\/\/schema.org\",\"@graph\":[{\"@type\":\"WebPage\",\"@id\":\"https:\/\/www.promo24.info\/fr\/protection-des-donnees\/\",\"url\":\"https:\/\/www.promo24.info\/fr\/protection-des-donnees\/\",\"name\":\"Articles promotionnels de promo24 - Protection des donn\u00e9es\",\"isPartOf\":{\"@id\":\"https:\/\/www.promo24.info\/fr\/#website\"},\"datePublished\":\"2022-02-17T14:43:20+00:00\",\"dateModified\":\"2024-01-22T11:14:56+00:00\",\"breadcrumb\":{\"@id\":\"https:\/\/www.promo24.info\/fr\/protection-des-donnees\/#breadcrumb\"},\"inLanguage\":\"fr-FR\",\"potentialAction\":[{\"@type\":\"ReadAction\",\"target\":[\"https:\/\/www.promo24.info\/fr\/protection-des-donnees\/\"]}]},{\"@type\":\"BreadcrumbList\",\"@id\":\"https:\/\/www.promo24.info\/fr\/protection-des-donnees\/#breadcrumb\",\"itemListElement\":[{\"@type\":\"ListItem\",\"position\":1,\"name\":\"Home\",\"item\":\"https:\/\/www.promo24.info\/fr\/\"},{\"@type\":\"ListItem\",\"position\":2,\"name\":\"Protection des donn\u00e9es\"}]},{\"@type\":\"WebSite\",\"@id\":\"https:\/\/www.promo24.info\/fr\/#website\",\"url\":\"https:\/\/www.promo24.info\/fr\/\",\"name\":\"Articles promotionnels de promo24\",\"description\":\"\",\"potentialAction\":[{\"@type\":\"SearchAction\",\"target\":{\"@type\":\"EntryPoint\",\"urlTemplate\":\"https:\/\/www.promo24.info\/fr\/?s={search_term_string}\"},\"query-input\":{\"@type\":\"PropertyValueSpecification\",\"valueRequired\":true,\"valueName\":\"search_term_string\"}}],\"inLanguage\":\"fr-FR\"}]}<\/script>\n<!-- \/ Yoast SEO Premium plugin. -->","yoast_head_json":{"title":"Articles promotionnels de promo24 - Protection des donn\u00e9es","robots":{"index":"index","follow":"follow","max-snippet":"max-snippet:-1","max-image-preview":"max-image-preview:large","max-video-preview":"max-video-preview:-1"},"canonical":"https:\/\/www.promo24.info\/fr\/protection-des-donnees\/","og_locale":"fr_FR","og_type":"article","og_title":"Protection des donn\u00e9es","og_description":"INFORMATIONS SUR LE TRAITEMENT DES DONN\u00c9ES (T\u00e9l\u00e9charger la politique de confidentialit\u00e9) 1. Nom et coordonn\u00e9es du responsable du traitement et du d\u00e9l\u00e9gu\u00e9 \u00e0 la protection des donn\u00e9es de l&rsquo;entreprise Les pr\u00e9sentes informations sur la protection des donn\u00e9es s&rsquo;appliquent au traitement des donn\u00e9es par le responsable du traitement : OCTOGONE GmbH, Mittlerer Weg 34, 79424 Auggen, [&hellip;]","og_url":"https:\/\/www.promo24.info\/fr\/protection-des-donnees\/","og_site_name":"Articles promotionnels de promo24","article_modified_time":"2024-01-22T11:14:56+00:00","twitter_misc":{"Dur\u00e9e de lecture estim\u00e9e":"4 minutes"},"schema":{"@context":"https:\/\/schema.org","@graph":[{"@type":"WebPage","@id":"https:\/\/www.promo24.info\/fr\/protection-des-donnees\/","url":"https:\/\/www.promo24.info\/fr\/protection-des-donnees\/","name":"Articles promotionnels de promo24 - Protection des donn\u00e9es","isPartOf":{"@id":"https:\/\/www.promo24.info\/fr\/#website"},"datePublished":"2022-02-17T14:43:20+00:00","dateModified":"2024-01-22T11:14:56+00:00","breadcrumb":{"@id":"https:\/\/www.promo24.info\/fr\/protection-des-donnees\/#breadcrumb"},"inLanguage":"fr-FR","potentialAction":[{"@type":"ReadAction","target":["https:\/\/www.promo24.info\/fr\/protection-des-donnees\/"]}]},{"@type":"BreadcrumbList","@id":"https:\/\/www.promo24.info\/fr\/protection-des-donnees\/#breadcrumb","itemListElement":[{"@type":"ListItem","position":1,"name":"Home","item":"https:\/\/www.promo24.info\/fr\/"},{"@type":"ListItem","position":2,"name":"Protection des donn\u00e9es"}]},{"@type":"WebSite","@id":"https:\/\/www.promo24.info\/fr\/#website","url":"https:\/\/www.promo24.info\/fr\/","name":"Articles promotionnels de promo24","description":"","potentialAction":[{"@type":"SearchAction","target":{"@type":"EntryPoint","urlTemplate":"https:\/\/www.promo24.info\/fr\/?s={search_term_string}"},"query-input":{"@type":"PropertyValueSpecification","valueRequired":true,"valueName":"search_term_string"}}],"inLanguage":"fr-FR"}]}},"_links":{"self":[{"href":"https:\/\/www.promo24.info\/fr\/wp-json\/wp\/v2\/pages\/29973","targetHints":{"allow":["GET"]}}],"collection":[{"href":"https:\/\/www.promo24.info\/fr\/wp-json\/wp\/v2\/pages"}],"about":[{"href":"https:\/\/www.promo24.info\/fr\/wp-json\/wp\/v2\/types\/page"}],"author":[{"embeddable":true,"href":"https:\/\/www.promo24.info\/fr\/wp-json\/wp\/v2\/users\/1"}],"replies":[{"embeddable":true,"href":"https:\/\/www.promo24.info\/fr\/wp-json\/wp\/v2\/comments?post=29973"}],"version-history":[{"count":4,"href":"https:\/\/www.promo24.info\/fr\/wp-json\/wp\/v2\/pages\/29973\/revisions"}],"predecessor-version":[{"id":29999,"href":"https:\/\/www.promo24.info\/fr\/wp-json\/wp\/v2\/pages\/29973\/revisions\/29999"}],"wp:attachment":[{"href":"https:\/\/www.promo24.info\/fr\/wp-json\/wp\/v2\/media?parent=29973"}],"curies":[{"name":"wp","href":"https:\/\/api.w.org\/{rel}","templated":true}]}}