{"id":30177,"date":"2022-03-02T08:53:27","date_gmt":"2022-03-02T08:53:27","guid":{"rendered":"https:\/\/www.promo24.info\/products\/non%20class\u00e9\/mousepad-quadro-pad-form-square-7-210-x-150-mm-15-mm-dick-fr\/"},"modified":"2026-02-13T10:25:13","modified_gmt":"2026-02-13T10:25:13","slug":"quadro-pad-forme-square-7-210-x-150-mm-paiss-15-mm","status":"publish","type":"product","link":"https:\/\/www.promo24.info\/fr\/articles-promotionnels\/tapis-de-souris\/top-qualit-et-pas-cher-mousepads\/quadro-pad-forme-square-7-210-x-150-mm-paiss-15-mm\/","title":{"rendered":"QUADRO-pad, forme Square 7, 210 x 150 mm, \u00e9paiss. 1,5 mm"},"content":{"rendered":"<p>Un format Mini pour une fonction Maxi!<br \/>\nCertifi\u00e9 sans phtalate d&rsquo;apr\u00e8s la norme europ\u00e9enne<br \/>\n EN 71-3<br \/>\nThermosoud\u00e9 \u00e0 haute fr\u00e9quence par le proc\u00e9d\u00e9 FOAM-tec. Ainsi pas de colle toxique ni d&rsquo;angles qui se d\u00e9collent avec le temps. Angles arrondis ergonomiques pour une manipulation sans obstacle de la souris.<br \/>\n Dessus plastique SPEED-top \u00e9pais de 0,3 mm environ, mousse SLIDE-stop, parfaitement antid\u00e9rapante \u00e9paisse d&rsquo;environ 1.2 mm,<br \/>\nEpaisseur totale env. 1,5 mmUne forme Mini pour une fonction Maxi!<\/p>\n","protected":false},"excerpt":{"rendered":"<p>Un format Mini pour une fonction Maxi! Certifi\u00e9 sans phtalate d&rsquo;apr\u00e8s la norme europ\u00e9enne EN 71-3 Thermosoud\u00e9 \u00e0 haute fr\u00e9quence par le proc\u00e9d\u00e9 FOAM-tec. Ainsi pas de colle toxique ni d&rsquo;angles qui se d\u00e9collent avec le temps. Angles arrondis ergonomiques pour une manipulation sans obstacle de la souris. Dessus plastique SPEED-top \u00e9pais de 0,3 mm [&hellip;]<\/p>\n","protected":false},"featured_media":21610,"template":"","meta":{"_acf_changed":false},"product_brand":[],"product_cat":[1349],"product_tag":[],"class_list":{"0":"post-30177","1":"product","2":"type-product","3":"status-publish","4":"has-post-thumbnail","6":"product_cat-top-qualit-et-pas-cher-mousepads","8":"first","9":"instock","10":"taxable","11":"shipping-taxable","12":"purchasable","13":"product-type-simple"},"acf":[],"yoast_head":"<!-- This site is optimized with the Yoast SEO Premium plugin v22.3 (Yoast SEO v25.6) - https:\/\/yoast.com\/wordpress\/plugins\/seo\/ -->\n<title>Articles promotionnels de promo24 - QUADRO-pad, forme Square 7, 210 x 150 mm, \u00e9paiss. 1,5 mm<\/title>\n<meta name=\"description\" content=\"Un format Mini pour une fonction Maxi! Certifi\u00e9 sans phtalate d&#039;apr\u00e8s la norme europ\u00e9enne EN 71-3 Thermosoud\u00e9 \u00e0 haute fr\u00e9quence par le proc\u00e9d\u00e9 FOAM-tec.\" \/>\n<meta name=\"robots\" content=\"index, follow, max-snippet:-1, max-image-preview:large, max-video-preview:-1\" \/>\n<link rel=\"canonical\" href=\"https:\/\/www.promo24.info\/fr\/articles-promotionnels\/tapis-de-souris\/top-qualit-et-pas-cher-mousepads\/quadro-pad-forme-square-7-210-x-150-mm-paiss-15-mm\/\" \/>\n<meta property=\"og:locale\" content=\"fr_FR\" \/>\n<meta property=\"og:type\" content=\"article\" \/>\n<meta property=\"og:title\" content=\"Articles promotionnels de promo24 - QUADRO-pad, forme Square 7, 210 x 150 mm, \u00e9paiss. 1,5 mm\" \/>\n<meta property=\"og:description\" content=\"Un format Mini pour une fonction Maxi! Certifi\u00e9 sans phtalate d&#039;apr\u00e8s la norme europ\u00e9enne EN 71-3 Thermosoud\u00e9 \u00e0 haute fr\u00e9quence par le proc\u00e9d\u00e9 FOAM-tec.\" \/>\n<meta property=\"og:url\" content=\"https:\/\/www.promo24.info\/fr\/articles-promotionnels\/tapis-de-souris\/top-qualit-et-pas-cher-mousepads\/quadro-pad-forme-square-7-210-x-150-mm-paiss-15-mm\/\" \/>\n<meta property=\"og:site_name\" content=\"Articles promotionnels de promo24\" \/>\n<meta property=\"article:modified_time\" content=\"2026-02-13T10:25:13+00:00\" \/>\n<meta property=\"og:image\" content=\"https:\/\/www.promo24.info\/wp-content\/uploads\/F000018.jpg\" \/>\n\t<meta property=\"og:image:width\" content=\"360\" \/>\n\t<meta property=\"og:image:height\" content=\"300\" \/>\n\t<meta property=\"og:image:type\" content=\"image\/jpeg\" \/>\n<script type=\"application\/ld+json\" class=\"yoast-schema-graph\">{\"@context\":\"https:\/\/schema.org\",\"@graph\":[{\"@type\":\"WebPage\",\"@id\":\"https:\/\/www.promo24.info\/fr\/articles-promotionnels\/tapis-de-souris\/top-qualit-et-pas-cher-mousepads\/quadro-pad-forme-square-7-210-x-150-mm-paiss-15-mm\/\",\"url\":\"https:\/\/www.promo24.info\/fr\/articles-promotionnels\/tapis-de-souris\/top-qualit-et-pas-cher-mousepads\/quadro-pad-forme-square-7-210-x-150-mm-paiss-15-mm\/\",\"name\":\"Articles promotionnels de promo24 - QUADRO-pad, forme Square 7, 210 x 150 mm, \u00e9paiss. 1,5 mm\",\"isPartOf\":{\"@id\":\"https:\/\/www.promo24.info\/fr\/#website\"},\"primaryImageOfPage\":{\"@id\":\"https:\/\/www.promo24.info\/fr\/articles-promotionnels\/tapis-de-souris\/top-qualit-et-pas-cher-mousepads\/quadro-pad-forme-square-7-210-x-150-mm-paiss-15-mm\/#primaryimage\"},\"image\":{\"@id\":\"https:\/\/www.promo24.info\/fr\/articles-promotionnels\/tapis-de-souris\/top-qualit-et-pas-cher-mousepads\/quadro-pad-forme-square-7-210-x-150-mm-paiss-15-mm\/#primaryimage\"},\"thumbnailUrl\":\"https:\/\/www.promo24.info\/wp-content\/uploads\/F000018.jpg\",\"datePublished\":\"2022-03-02T08:53:27+00:00\",\"dateModified\":\"2026-02-13T10:25:13+00:00\",\"description\":\"Un format Mini pour une fonction Maxi! Certifi\u00e9 sans phtalate d'apr\u00e8s la norme europ\u00e9enne EN 71-3 Thermosoud\u00e9 \u00e0 haute fr\u00e9quence par le proc\u00e9d\u00e9 FOAM-tec.\",\"breadcrumb\":{\"@id\":\"https:\/\/www.promo24.info\/fr\/articles-promotionnels\/tapis-de-souris\/top-qualit-et-pas-cher-mousepads\/quadro-pad-forme-square-7-210-x-150-mm-paiss-15-mm\/#breadcrumb\"},\"inLanguage\":\"fr-FR\",\"potentialAction\":[{\"@type\":\"ReadAction\",\"target\":[\"https:\/\/www.promo24.info\/fr\/articles-promotionnels\/tapis-de-souris\/top-qualit-et-pas-cher-mousepads\/quadro-pad-forme-square-7-210-x-150-mm-paiss-15-mm\/\"]}]},{\"@type\":\"ImageObject\",\"inLanguage\":\"fr-FR\",\"@id\":\"https:\/\/www.promo24.info\/fr\/articles-promotionnels\/tapis-de-souris\/top-qualit-et-pas-cher-mousepads\/quadro-pad-forme-square-7-210-x-150-mm-paiss-15-mm\/#primaryimage\",\"url\":\"https:\/\/www.promo24.info\/wp-content\/uploads\/F000018.jpg\",\"contentUrl\":\"https:\/\/www.promo24.info\/wp-content\/uploads\/F000018.jpg\",\"width\":360,\"height\":300},{\"@type\":\"BreadcrumbList\",\"@id\":\"https:\/\/www.promo24.info\/fr\/articles-promotionnels\/tapis-de-souris\/top-qualit-et-pas-cher-mousepads\/quadro-pad-forme-square-7-210-x-150-mm-paiss-15-mm\/#breadcrumb\",\"itemListElement\":[{\"@type\":\"ListItem\",\"position\":1,\"name\":\"Home\",\"item\":\"https:\/\/www.promo24.info\/fr\/\"},{\"@type\":\"ListItem\",\"position\":2,\"name\":\"Articles Promotionnels\",\"item\":\"https:\/\/www.promo24.info\/fr\/produits\/\"},{\"@type\":\"ListItem\",\"position\":3,\"name\":\"Tapis de souris\",\"item\":\"https:\/\/www.promo24.info\/fr\/werbeartikel-kategorien\/tapis-de-souris\/\"},{\"@type\":\"ListItem\",\"position\":4,\"name\":\"QUADRO-pad, forme Square 7, 210 x 150 mm, \u00e9paiss. 1,5 mm\"}]},{\"@type\":\"WebSite\",\"@id\":\"https:\/\/www.promo24.info\/fr\/#website\",\"url\":\"https:\/\/www.promo24.info\/fr\/\",\"name\":\"Articles promotionnels de promo24\",\"description\":\"\",\"potentialAction\":[{\"@type\":\"SearchAction\",\"target\":{\"@type\":\"EntryPoint\",\"urlTemplate\":\"https:\/\/www.promo24.info\/fr\/?s={search_term_string}\"},\"query-input\":{\"@type\":\"PropertyValueSpecification\",\"valueRequired\":true,\"valueName\":\"search_term_string\"}}],\"inLanguage\":\"fr-FR\"}]}<\/script>\n<!-- \/ Yoast SEO Premium plugin. -->","yoast_head_json":{"title":"Articles promotionnels de promo24 - QUADRO-pad, forme Square 7, 210 x 150 mm, \u00e9paiss. 1,5 mm","description":"Un format Mini pour une fonction Maxi! Certifi\u00e9 sans phtalate d'apr\u00e8s la norme europ\u00e9enne EN 71-3 Thermosoud\u00e9 \u00e0 haute fr\u00e9quence par le proc\u00e9d\u00e9 FOAM-tec.","robots":{"index":"index","follow":"follow","max-snippet":"max-snippet:-1","max-image-preview":"max-image-preview:large","max-video-preview":"max-video-preview:-1"},"canonical":"https:\/\/www.promo24.info\/fr\/articles-promotionnels\/tapis-de-souris\/top-qualit-et-pas-cher-mousepads\/quadro-pad-forme-square-7-210-x-150-mm-paiss-15-mm\/","og_locale":"fr_FR","og_type":"article","og_title":"Articles promotionnels de promo24 - QUADRO-pad, forme Square 7, 210 x 150 mm, \u00e9paiss. 1,5 mm","og_description":"Un format Mini pour une fonction Maxi! Certifi\u00e9 sans phtalate d'apr\u00e8s la norme europ\u00e9enne EN 71-3 Thermosoud\u00e9 \u00e0 haute fr\u00e9quence par le proc\u00e9d\u00e9 FOAM-tec.","og_url":"https:\/\/www.promo24.info\/fr\/articles-promotionnels\/tapis-de-souris\/top-qualit-et-pas-cher-mousepads\/quadro-pad-forme-square-7-210-x-150-mm-paiss-15-mm\/","og_site_name":"Articles promotionnels de promo24","article_modified_time":"2026-02-13T10:25:13+00:00","og_image":[{"width":360,"height":300,"url":"https:\/\/www.promo24.info\/wp-content\/uploads\/F000018.jpg","type":"image\/jpeg"}],"schema":{"@context":"https:\/\/schema.org","@graph":[{"@type":"WebPage","@id":"https:\/\/www.promo24.info\/fr\/articles-promotionnels\/tapis-de-souris\/top-qualit-et-pas-cher-mousepads\/quadro-pad-forme-square-7-210-x-150-mm-paiss-15-mm\/","url":"https:\/\/www.promo24.info\/fr\/articles-promotionnels\/tapis-de-souris\/top-qualit-et-pas-cher-mousepads\/quadro-pad-forme-square-7-210-x-150-mm-paiss-15-mm\/","name":"Articles promotionnels de promo24 - QUADRO-pad, forme Square 7, 210 x 150 mm, \u00e9paiss. 1,5 mm","isPartOf":{"@id":"https:\/\/www.promo24.info\/fr\/#website"},"primaryImageOfPage":{"@id":"https:\/\/www.promo24.info\/fr\/articles-promotionnels\/tapis-de-souris\/top-qualit-et-pas-cher-mousepads\/quadro-pad-forme-square-7-210-x-150-mm-paiss-15-mm\/#primaryimage"},"image":{"@id":"https:\/\/www.promo24.info\/fr\/articles-promotionnels\/tapis-de-souris\/top-qualit-et-pas-cher-mousepads\/quadro-pad-forme-square-7-210-x-150-mm-paiss-15-mm\/#primaryimage"},"thumbnailUrl":"https:\/\/www.promo24.info\/wp-content\/uploads\/F000018.jpg","datePublished":"2022-03-02T08:53:27+00:00","dateModified":"2026-02-13T10:25:13+00:00","description":"Un format Mini pour une fonction Maxi! Certifi\u00e9 sans phtalate d'apr\u00e8s la norme europ\u00e9enne EN 71-3 Thermosoud\u00e9 \u00e0 haute fr\u00e9quence par le proc\u00e9d\u00e9 FOAM-tec.","breadcrumb":{"@id":"https:\/\/www.promo24.info\/fr\/articles-promotionnels\/tapis-de-souris\/top-qualit-et-pas-cher-mousepads\/quadro-pad-forme-square-7-210-x-150-mm-paiss-15-mm\/#breadcrumb"},"inLanguage":"fr-FR","potentialAction":[{"@type":"ReadAction","target":["https:\/\/www.promo24.info\/fr\/articles-promotionnels\/tapis-de-souris\/top-qualit-et-pas-cher-mousepads\/quadro-pad-forme-square-7-210-x-150-mm-paiss-15-mm\/"]}]},{"@type":"ImageObject","inLanguage":"fr-FR","@id":"https:\/\/www.promo24.info\/fr\/articles-promotionnels\/tapis-de-souris\/top-qualit-et-pas-cher-mousepads\/quadro-pad-forme-square-7-210-x-150-mm-paiss-15-mm\/#primaryimage","url":"https:\/\/www.promo24.info\/wp-content\/uploads\/F000018.jpg","contentUrl":"https:\/\/www.promo24.info\/wp-content\/uploads\/F000018.jpg","width":360,"height":300},{"@type":"BreadcrumbList","@id":"https:\/\/www.promo24.info\/fr\/articles-promotionnels\/tapis-de-souris\/top-qualit-et-pas-cher-mousepads\/quadro-pad-forme-square-7-210-x-150-mm-paiss-15-mm\/#breadcrumb","itemListElement":[{"@type":"ListItem","position":1,"name":"Home","item":"https:\/\/www.promo24.info\/fr\/"},{"@type":"ListItem","position":2,"name":"Articles Promotionnels","item":"https:\/\/www.promo24.info\/fr\/produits\/"},{"@type":"ListItem","position":3,"name":"Tapis de souris","item":"https:\/\/www.promo24.info\/fr\/werbeartikel-kategorien\/tapis-de-souris\/"},{"@type":"ListItem","position":4,"name":"QUADRO-pad, forme Square 7, 210 x 150 mm, \u00e9paiss. 1,5 mm"}]},{"@type":"WebSite","@id":"https:\/\/www.promo24.info\/fr\/#website","url":"https:\/\/www.promo24.info\/fr\/","name":"Articles promotionnels de promo24","description":"","potentialAction":[{"@type":"SearchAction","target":{"@type":"EntryPoint","urlTemplate":"https:\/\/www.promo24.info\/fr\/?s={search_term_string}"},"query-input":{"@type":"PropertyValueSpecification","valueRequired":true,"valueName":"search_term_string"}}],"inLanguage":"fr-FR"}]}},"tiered_pricing_type":"fixed","tiered_pricing_fixed_rules":{"500":"4.95","750":"4.70","1000":"4.30","1500":"4.10"},"tiered_pricing_percentage_rules":[],"tiered_pricing_minimum":1,"tiered_pricing_roles_data":{"b2b":{"product_id":30177,"role":"b2b","pricing_type":"flat","regular_price":null,"sale_price":null,"discount":null,"discount_type":"sale_price","tiered_pricing_type":"fixed","percentage_rules":[],"fixed_rules":{"500":"2.46","750":"2.35","1000":"2.15","1500":"2.05"},"minimum":null}},"_links":{"self":[{"href":"https:\/\/www.promo24.info\/fr\/wp-json\/wp\/v2\/product\/30177","targetHints":{"allow":["GET"]}}],"collection":[{"href":"https:\/\/www.promo24.info\/fr\/wp-json\/wp\/v2\/product"}],"about":[{"href":"https:\/\/www.promo24.info\/fr\/wp-json\/wp\/v2\/types\/product"}],"wp:featuredmedia":[{"embeddable":true,"href":"https:\/\/www.promo24.info\/fr\/wp-json\/wp\/v2\/media\/21610"}],"wp:attachment":[{"href":"https:\/\/www.promo24.info\/fr\/wp-json\/wp\/v2\/media?parent=30177"}],"wp:term":[{"taxonomy":"product_brand","embeddable":true,"href":"https:\/\/www.promo24.info\/fr\/wp-json\/wp\/v2\/product_brand?post=30177"},{"taxonomy":"product_cat","embeddable":true,"href":"https:\/\/www.promo24.info\/fr\/wp-json\/wp\/v2\/product_cat?post=30177"},{"taxonomy":"product_tag","embeddable":true,"href":"https:\/\/www.promo24.info\/fr\/wp-json\/wp\/v2\/product_tag?post=30177"}],"curies":[{"name":"wp","href":"https:\/\/api.w.org\/{rel}","templated":true}]}}