{"id":30235,"date":"2023-07-18T15:23:07","date_gmt":"2023-07-18T15:23:07","guid":{"rendered":"https:\/\/www.promo24.info\/products\/non%20class\u00e9\/fototasse-espresso-100-ml-fr\/"},"modified":"2026-02-13T10:39:20","modified_gmt":"2026-02-13T10:39:20","slug":"espresso-mug-en-sublimation-100-ml","status":"publish","type":"product","link":"https:\/\/www.promo24.info\/fr\/articles-promotionnels\/mugs\/sublimation-tassen\/espresso-mug-en-sublimation-100-ml\/","title":{"rendered":"Espresso, mug en sublimation, 100 ml"},"content":{"rendered":"<p>Petit, pour un caf\u00e9 noir cors\u00e9 !<br \/>\nC\u00e9ramique, parois int\u00e9rieure et ext\u00e9rieure blanches.<br \/>\nBords perdus  de 5 mm en haut et en bas.<br \/>\nconvient aux lave-vaisselle et micro-ondes.<\/p>\n","protected":false},"excerpt":{"rendered":"<p>Petit, pour un caf\u00e9 noir cors\u00e9 ! C\u00e9ramique, parois int\u00e9rieure et ext\u00e9rieure blanches. Bords perdus de 5 mm en haut et en bas. convient aux lave-vaisselle et micro-ondes.<\/p>\n","protected":false},"featured_media":22172,"template":"","meta":{"_acf_changed":false},"product_brand":[],"product_cat":[1389],"product_tag":[],"class_list":{"0":"post-30235","1":"product","2":"type-product","3":"status-publish","4":"has-post-thumbnail","6":"product_cat-sublimation-tassen","8":"first","9":"instock","10":"taxable","11":"shipping-taxable","12":"purchasable","13":"product-type-simple"},"acf":[],"yoast_head":"<!-- This site is optimized with the Yoast SEO Premium plugin v22.3 (Yoast SEO v25.6) - https:\/\/yoast.com\/wordpress\/plugins\/seo\/ -->\n<title>Articles promotionnels de promo24 - Espresso, mug en sublimation, 100 ml<\/title>\n<meta name=\"description\" content=\"Petit, pour un caf\u00e9 noir cors\u00e9 ! C\u00e9ramique, parois int\u00e9rieure et ext\u00e9rieure blanches. Bords perdus de 5 mm en haut et en bas. convient aux lave-vaisselle\" \/>\n<meta name=\"robots\" content=\"index, follow, max-snippet:-1, max-image-preview:large, max-video-preview:-1\" \/>\n<link rel=\"canonical\" href=\"https:\/\/www.promo24.info\/fr\/articles-promotionnels\/mugs\/sublimation-tassen\/espresso-mug-en-sublimation-100-ml\/\" \/>\n<meta property=\"og:locale\" content=\"fr_FR\" \/>\n<meta property=\"og:type\" content=\"article\" \/>\n<meta property=\"og:title\" content=\"Articles promotionnels de promo24 - Espresso, mug en sublimation, 100 ml\" \/>\n<meta property=\"og:description\" content=\"Petit, pour un caf\u00e9 noir cors\u00e9 ! C\u00e9ramique, parois int\u00e9rieure et ext\u00e9rieure blanches. Bords perdus de 5 mm en haut et en bas. convient aux lave-vaisselle\" \/>\n<meta property=\"og:url\" content=\"https:\/\/www.promo24.info\/fr\/articles-promotionnels\/mugs\/sublimation-tassen\/espresso-mug-en-sublimation-100-ml\/\" \/>\n<meta property=\"og:site_name\" content=\"Articles promotionnels de promo24\" \/>\n<meta property=\"article:modified_time\" content=\"2026-02-13T10:39:20+00:00\" \/>\n<meta property=\"og:image\" content=\"https:\/\/www.promo24.info\/wp-content\/uploads\/F005964.jpg\" \/>\n\t<meta property=\"og:image:width\" content=\"1200\" \/>\n\t<meta property=\"og:image:height\" content=\"1200\" \/>\n\t<meta property=\"og:image:type\" content=\"image\/jpeg\" \/>\n<script type=\"application\/ld+json\" class=\"yoast-schema-graph\">{\"@context\":\"https:\/\/schema.org\",\"@graph\":[{\"@type\":\"WebPage\",\"@id\":\"https:\/\/www.promo24.info\/fr\/articles-promotionnels\/mugs\/sublimation-tassen\/espresso-mug-en-sublimation-100-ml\/\",\"url\":\"https:\/\/www.promo24.info\/fr\/articles-promotionnels\/mugs\/sublimation-tassen\/espresso-mug-en-sublimation-100-ml\/\",\"name\":\"Articles promotionnels de promo24 - Espresso, mug en sublimation, 100 ml\",\"isPartOf\":{\"@id\":\"https:\/\/www.promo24.info\/fr\/#website\"},\"primaryImageOfPage\":{\"@id\":\"https:\/\/www.promo24.info\/fr\/articles-promotionnels\/mugs\/sublimation-tassen\/espresso-mug-en-sublimation-100-ml\/#primaryimage\"},\"image\":{\"@id\":\"https:\/\/www.promo24.info\/fr\/articles-promotionnels\/mugs\/sublimation-tassen\/espresso-mug-en-sublimation-100-ml\/#primaryimage\"},\"thumbnailUrl\":\"https:\/\/www.promo24.info\/wp-content\/uploads\/F005964.jpg\",\"datePublished\":\"2023-07-18T15:23:07+00:00\",\"dateModified\":\"2026-02-13T10:39:20+00:00\",\"description\":\"Petit, pour un caf\u00e9 noir cors\u00e9 ! C\u00e9ramique, parois int\u00e9rieure et ext\u00e9rieure blanches. Bords perdus de 5 mm en haut et en bas. convient aux lave-vaisselle\",\"breadcrumb\":{\"@id\":\"https:\/\/www.promo24.info\/fr\/articles-promotionnels\/mugs\/sublimation-tassen\/espresso-mug-en-sublimation-100-ml\/#breadcrumb\"},\"inLanguage\":\"fr-FR\",\"potentialAction\":[{\"@type\":\"ReadAction\",\"target\":[\"https:\/\/www.promo24.info\/fr\/articles-promotionnels\/mugs\/sublimation-tassen\/espresso-mug-en-sublimation-100-ml\/\"]}]},{\"@type\":\"ImageObject\",\"inLanguage\":\"fr-FR\",\"@id\":\"https:\/\/www.promo24.info\/fr\/articles-promotionnels\/mugs\/sublimation-tassen\/espresso-mug-en-sublimation-100-ml\/#primaryimage\",\"url\":\"https:\/\/www.promo24.info\/wp-content\/uploads\/F005964.jpg\",\"contentUrl\":\"https:\/\/www.promo24.info\/wp-content\/uploads\/F005964.jpg\",\"width\":1200,\"height\":1200},{\"@type\":\"BreadcrumbList\",\"@id\":\"https:\/\/www.promo24.info\/fr\/articles-promotionnels\/mugs\/sublimation-tassen\/espresso-mug-en-sublimation-100-ml\/#breadcrumb\",\"itemListElement\":[{\"@type\":\"ListItem\",\"position\":1,\"name\":\"Home\",\"item\":\"https:\/\/www.promo24.info\/fr\/\"},{\"@type\":\"ListItem\",\"position\":2,\"name\":\"Articles Promotionnels\",\"item\":\"https:\/\/www.promo24.info\/fr\/produits\/\"},{\"@type\":\"ListItem\",\"position\":3,\"name\":\"Mugs\",\"item\":\"https:\/\/www.promo24.info\/fr\/werbeartikel-kategorien\/mugs\/\"},{\"@type\":\"ListItem\",\"position\":4,\"name\":\"Sublimation\",\"item\":\"https:\/\/www.promo24.info\/fr\/werbeartikel-kategorien\/mugs\/sublimation-tassen\/\"},{\"@type\":\"ListItem\",\"position\":5,\"name\":\"Espresso, mug en sublimation, 100 ml\"}]},{\"@type\":\"WebSite\",\"@id\":\"https:\/\/www.promo24.info\/fr\/#website\",\"url\":\"https:\/\/www.promo24.info\/fr\/\",\"name\":\"Articles promotionnels de promo24\",\"description\":\"\",\"potentialAction\":[{\"@type\":\"SearchAction\",\"target\":{\"@type\":\"EntryPoint\",\"urlTemplate\":\"https:\/\/www.promo24.info\/fr\/?s={search_term_string}\"},\"query-input\":{\"@type\":\"PropertyValueSpecification\",\"valueRequired\":true,\"valueName\":\"search_term_string\"}}],\"inLanguage\":\"fr-FR\"}]}<\/script>\n<!-- \/ Yoast SEO Premium plugin. -->","yoast_head_json":{"title":"Articles promotionnels de promo24 - Espresso, mug en sublimation, 100 ml","description":"Petit, pour un caf\u00e9 noir cors\u00e9 ! C\u00e9ramique, parois int\u00e9rieure et ext\u00e9rieure blanches. Bords perdus de 5 mm en haut et en bas. convient aux lave-vaisselle","robots":{"index":"index","follow":"follow","max-snippet":"max-snippet:-1","max-image-preview":"max-image-preview:large","max-video-preview":"max-video-preview:-1"},"canonical":"https:\/\/www.promo24.info\/fr\/articles-promotionnels\/mugs\/sublimation-tassen\/espresso-mug-en-sublimation-100-ml\/","og_locale":"fr_FR","og_type":"article","og_title":"Articles promotionnels de promo24 - Espresso, mug en sublimation, 100 ml","og_description":"Petit, pour un caf\u00e9 noir cors\u00e9 ! C\u00e9ramique, parois int\u00e9rieure et ext\u00e9rieure blanches. Bords perdus de 5 mm en haut et en bas. convient aux lave-vaisselle","og_url":"https:\/\/www.promo24.info\/fr\/articles-promotionnels\/mugs\/sublimation-tassen\/espresso-mug-en-sublimation-100-ml\/","og_site_name":"Articles promotionnels de promo24","article_modified_time":"2026-02-13T10:39:20+00:00","og_image":[{"width":1200,"height":1200,"url":"https:\/\/www.promo24.info\/wp-content\/uploads\/F005964.jpg","type":"image\/jpeg"}],"schema":{"@context":"https:\/\/schema.org","@graph":[{"@type":"WebPage","@id":"https:\/\/www.promo24.info\/fr\/articles-promotionnels\/mugs\/sublimation-tassen\/espresso-mug-en-sublimation-100-ml\/","url":"https:\/\/www.promo24.info\/fr\/articles-promotionnels\/mugs\/sublimation-tassen\/espresso-mug-en-sublimation-100-ml\/","name":"Articles promotionnels de promo24 - Espresso, mug en sublimation, 100 ml","isPartOf":{"@id":"https:\/\/www.promo24.info\/fr\/#website"},"primaryImageOfPage":{"@id":"https:\/\/www.promo24.info\/fr\/articles-promotionnels\/mugs\/sublimation-tassen\/espresso-mug-en-sublimation-100-ml\/#primaryimage"},"image":{"@id":"https:\/\/www.promo24.info\/fr\/articles-promotionnels\/mugs\/sublimation-tassen\/espresso-mug-en-sublimation-100-ml\/#primaryimage"},"thumbnailUrl":"https:\/\/www.promo24.info\/wp-content\/uploads\/F005964.jpg","datePublished":"2023-07-18T15:23:07+00:00","dateModified":"2026-02-13T10:39:20+00:00","description":"Petit, pour un caf\u00e9 noir cors\u00e9 ! C\u00e9ramique, parois int\u00e9rieure et ext\u00e9rieure blanches. Bords perdus de 5 mm en haut et en bas. convient aux lave-vaisselle","breadcrumb":{"@id":"https:\/\/www.promo24.info\/fr\/articles-promotionnels\/mugs\/sublimation-tassen\/espresso-mug-en-sublimation-100-ml\/#breadcrumb"},"inLanguage":"fr-FR","potentialAction":[{"@type":"ReadAction","target":["https:\/\/www.promo24.info\/fr\/articles-promotionnels\/mugs\/sublimation-tassen\/espresso-mug-en-sublimation-100-ml\/"]}]},{"@type":"ImageObject","inLanguage":"fr-FR","@id":"https:\/\/www.promo24.info\/fr\/articles-promotionnels\/mugs\/sublimation-tassen\/espresso-mug-en-sublimation-100-ml\/#primaryimage","url":"https:\/\/www.promo24.info\/wp-content\/uploads\/F005964.jpg","contentUrl":"https:\/\/www.promo24.info\/wp-content\/uploads\/F005964.jpg","width":1200,"height":1200},{"@type":"BreadcrumbList","@id":"https:\/\/www.promo24.info\/fr\/articles-promotionnels\/mugs\/sublimation-tassen\/espresso-mug-en-sublimation-100-ml\/#breadcrumb","itemListElement":[{"@type":"ListItem","position":1,"name":"Home","item":"https:\/\/www.promo24.info\/fr\/"},{"@type":"ListItem","position":2,"name":"Articles Promotionnels","item":"https:\/\/www.promo24.info\/fr\/produits\/"},{"@type":"ListItem","position":3,"name":"Mugs","item":"https:\/\/www.promo24.info\/fr\/werbeartikel-kategorien\/mugs\/"},{"@type":"ListItem","position":4,"name":"Sublimation","item":"https:\/\/www.promo24.info\/fr\/werbeartikel-kategorien\/mugs\/sublimation-tassen\/"},{"@type":"ListItem","position":5,"name":"Espresso, mug en sublimation, 100 ml"}]},{"@type":"WebSite","@id":"https:\/\/www.promo24.info\/fr\/#website","url":"https:\/\/www.promo24.info\/fr\/","name":"Articles promotionnels de promo24","description":"","potentialAction":[{"@type":"SearchAction","target":{"@type":"EntryPoint","urlTemplate":"https:\/\/www.promo24.info\/fr\/?s={search_term_string}"},"query-input":{"@type":"PropertyValueSpecification","valueRequired":true,"valueName":"search_term_string"}}],"inLanguage":"fr-FR"}]}},"tiered_pricing_type":"fixed","tiered_pricing_fixed_rules":{"72":"10.50","144":"7.95","216":"7.65","288":"7.40"},"tiered_pricing_percentage_rules":[],"tiered_pricing_minimum":1,"tiered_pricing_roles_data":{"b2b":{"product_id":30235,"role":"b2b","pricing_type":"flat","regular_price":null,"sale_price":null,"discount":null,"discount_type":"sale_price","tiered_pricing_type":"fixed","percentage_rules":[],"fixed_rules":{"72":"5.25","144":"3.97","216":"3.82","288":"3.68"},"minimum":null}},"_links":{"self":[{"href":"https:\/\/www.promo24.info\/fr\/wp-json\/wp\/v2\/product\/30235","targetHints":{"allow":["GET"]}}],"collection":[{"href":"https:\/\/www.promo24.info\/fr\/wp-json\/wp\/v2\/product"}],"about":[{"href":"https:\/\/www.promo24.info\/fr\/wp-json\/wp\/v2\/types\/product"}],"wp:featuredmedia":[{"embeddable":true,"href":"https:\/\/www.promo24.info\/fr\/wp-json\/wp\/v2\/media\/22172"}],"wp:attachment":[{"href":"https:\/\/www.promo24.info\/fr\/wp-json\/wp\/v2\/media?parent=30235"}],"wp:term":[{"taxonomy":"product_brand","embeddable":true,"href":"https:\/\/www.promo24.info\/fr\/wp-json\/wp\/v2\/product_brand?post=30235"},{"taxonomy":"product_cat","embeddable":true,"href":"https:\/\/www.promo24.info\/fr\/wp-json\/wp\/v2\/product_cat?post=30235"},{"taxonomy":"product_tag","embeddable":true,"href":"https:\/\/www.promo24.info\/fr\/wp-json\/wp\/v2\/product_tag?post=30235"}],"curies":[{"name":"wp","href":"https:\/\/api.w.org\/{rel}","templated":true}]}}