{"id":30238,"date":"2023-07-18T15:23:23","date_gmt":"2023-07-18T15:23:23","guid":{"rendered":"https:\/\/www.promo24.info\/products\/non%20class\u00e9\/fototasse-modern-life-color-rot-300-ml-fr\/"},"modified":"2026-02-13T10:40:45","modified_gmt":"2026-02-13T10:40:45","slug":"modern-life-color-rouge-mug-en-sublimation-300-ml","status":"publish","type":"product","link":"https:\/\/www.promo24.info\/fr\/articles-promotionnels\/mugs\/sublimation-tassen\/modern-life-color-rouge-mug-en-sublimation-300-ml\/","title":{"rendered":"Modern-life Color rouge, Mug en sublimation, 300 ml"},"content":{"rendered":"<p>Anse et int\u00e9rieur color\u00e9s<br \/>\nC\u00e9ramique, ext\u00e9rieur blanc<br \/>\nBord perdu en haut et en bas env. 8 mm<br \/>\nAdapt\u00e9 au lave-vaisselle et au micro-ondes<\/p>\n","protected":false},"excerpt":{"rendered":"<p>Anse et int\u00e9rieur color\u00e9s C\u00e9ramique, ext\u00e9rieur blanc Bord perdu en haut et en bas env. 8 mm Adapt\u00e9 au lave-vaisselle et au micro-ondes<\/p>\n","protected":false},"featured_media":22220,"template":"","meta":{"_acf_changed":false},"product_brand":[],"product_cat":[1389],"product_tag":[],"class_list":{"0":"post-30238","1":"product","2":"type-product","3":"status-publish","4":"has-post-thumbnail","6":"product_cat-sublimation-tassen","8":"first","9":"instock","10":"taxable","11":"shipping-taxable","12":"purchasable","13":"product-type-simple"},"acf":[],"yoast_head":"<!-- This site is optimized with the Yoast SEO Premium plugin v22.3 (Yoast SEO v25.6) - https:\/\/yoast.com\/wordpress\/plugins\/seo\/ -->\n<title>Articles promotionnels de promo24 - Modern-life Color rouge, Mug en sublimation, 300 ml<\/title>\n<meta name=\"description\" content=\"Anse et int\u00e9rieur color\u00e9s C\u00e9ramique, ext\u00e9rieur blanc Bord perdu en haut et en bas env. 8 mm Adapt\u00e9 au lave-vaisselle et au micro-ondes\" \/>\n<meta name=\"robots\" content=\"index, follow, max-snippet:-1, max-image-preview:large, max-video-preview:-1\" \/>\n<link rel=\"canonical\" href=\"https:\/\/www.promo24.info\/fr\/articles-promotionnels\/mugs\/sublimation-tassen\/modern-life-color-rouge-mug-en-sublimation-300-ml\/\" \/>\n<meta property=\"og:locale\" content=\"fr_FR\" \/>\n<meta property=\"og:type\" content=\"article\" \/>\n<meta property=\"og:title\" content=\"Articles promotionnels de promo24 - Modern-life Color rouge, Mug en sublimation, 300 ml\" \/>\n<meta property=\"og:description\" content=\"Anse et int\u00e9rieur color\u00e9s C\u00e9ramique, ext\u00e9rieur blanc Bord perdu en haut et en bas env. 8 mm Adapt\u00e9 au lave-vaisselle et au micro-ondes\" \/>\n<meta property=\"og:url\" content=\"https:\/\/www.promo24.info\/fr\/articles-promotionnels\/mugs\/sublimation-tassen\/modern-life-color-rouge-mug-en-sublimation-300-ml\/\" \/>\n<meta property=\"og:site_name\" content=\"Articles promotionnels de promo24\" \/>\n<meta property=\"article:modified_time\" content=\"2026-02-13T10:40:45+00:00\" \/>\n<meta property=\"og:image\" content=\"https:\/\/www.promo24.info\/wp-content\/uploads\/F006006.jpg\" \/>\n\t<meta property=\"og:image:width\" content=\"1200\" \/>\n\t<meta property=\"og:image:height\" content=\"1200\" \/>\n\t<meta property=\"og:image:type\" content=\"image\/jpeg\" \/>\n<script type=\"application\/ld+json\" class=\"yoast-schema-graph\">{\"@context\":\"https:\/\/schema.org\",\"@graph\":[{\"@type\":\"WebPage\",\"@id\":\"https:\/\/www.promo24.info\/fr\/articles-promotionnels\/mugs\/sublimation-tassen\/modern-life-color-rouge-mug-en-sublimation-300-ml\/\",\"url\":\"https:\/\/www.promo24.info\/fr\/articles-promotionnels\/mugs\/sublimation-tassen\/modern-life-color-rouge-mug-en-sublimation-300-ml\/\",\"name\":\"Articles promotionnels de promo24 - Modern-life Color rouge, Mug en sublimation, 300 ml\",\"isPartOf\":{\"@id\":\"https:\/\/www.promo24.info\/fr\/#website\"},\"primaryImageOfPage\":{\"@id\":\"https:\/\/www.promo24.info\/fr\/articles-promotionnels\/mugs\/sublimation-tassen\/modern-life-color-rouge-mug-en-sublimation-300-ml\/#primaryimage\"},\"image\":{\"@id\":\"https:\/\/www.promo24.info\/fr\/articles-promotionnels\/mugs\/sublimation-tassen\/modern-life-color-rouge-mug-en-sublimation-300-ml\/#primaryimage\"},\"thumbnailUrl\":\"https:\/\/www.promo24.info\/wp-content\/uploads\/F006006.jpg\",\"datePublished\":\"2023-07-18T15:23:23+00:00\",\"dateModified\":\"2026-02-13T10:40:45+00:00\",\"description\":\"Anse et int\u00e9rieur color\u00e9s C\u00e9ramique, ext\u00e9rieur blanc Bord perdu en haut et en bas env. 8 mm Adapt\u00e9 au lave-vaisselle et au micro-ondes\",\"breadcrumb\":{\"@id\":\"https:\/\/www.promo24.info\/fr\/articles-promotionnels\/mugs\/sublimation-tassen\/modern-life-color-rouge-mug-en-sublimation-300-ml\/#breadcrumb\"},\"inLanguage\":\"fr-FR\",\"potentialAction\":[{\"@type\":\"ReadAction\",\"target\":[\"https:\/\/www.promo24.info\/fr\/articles-promotionnels\/mugs\/sublimation-tassen\/modern-life-color-rouge-mug-en-sublimation-300-ml\/\"]}]},{\"@type\":\"ImageObject\",\"inLanguage\":\"fr-FR\",\"@id\":\"https:\/\/www.promo24.info\/fr\/articles-promotionnels\/mugs\/sublimation-tassen\/modern-life-color-rouge-mug-en-sublimation-300-ml\/#primaryimage\",\"url\":\"https:\/\/www.promo24.info\/wp-content\/uploads\/F006006.jpg\",\"contentUrl\":\"https:\/\/www.promo24.info\/wp-content\/uploads\/F006006.jpg\",\"width\":1200,\"height\":1200},{\"@type\":\"BreadcrumbList\",\"@id\":\"https:\/\/www.promo24.info\/fr\/articles-promotionnels\/mugs\/sublimation-tassen\/modern-life-color-rouge-mug-en-sublimation-300-ml\/#breadcrumb\",\"itemListElement\":[{\"@type\":\"ListItem\",\"position\":1,\"name\":\"Home\",\"item\":\"https:\/\/www.promo24.info\/fr\/\"},{\"@type\":\"ListItem\",\"position\":2,\"name\":\"Articles Promotionnels\",\"item\":\"https:\/\/www.promo24.info\/fr\/produits\/\"},{\"@type\":\"ListItem\",\"position\":3,\"name\":\"Mugs\",\"item\":\"https:\/\/www.promo24.info\/fr\/werbeartikel-kategorien\/mugs\/\"},{\"@type\":\"ListItem\",\"position\":4,\"name\":\"Sublimation\",\"item\":\"https:\/\/www.promo24.info\/fr\/werbeartikel-kategorien\/mugs\/sublimation-tassen\/\"},{\"@type\":\"ListItem\",\"position\":5,\"name\":\"Modern-life Color rouge, Mug en sublimation, 300 ml\"}]},{\"@type\":\"WebSite\",\"@id\":\"https:\/\/www.promo24.info\/fr\/#website\",\"url\":\"https:\/\/www.promo24.info\/fr\/\",\"name\":\"Articles promotionnels de promo24\",\"description\":\"\",\"potentialAction\":[{\"@type\":\"SearchAction\",\"target\":{\"@type\":\"EntryPoint\",\"urlTemplate\":\"https:\/\/www.promo24.info\/fr\/?s={search_term_string}\"},\"query-input\":{\"@type\":\"PropertyValueSpecification\",\"valueRequired\":true,\"valueName\":\"search_term_string\"}}],\"inLanguage\":\"fr-FR\"}]}<\/script>\n<!-- \/ Yoast SEO Premium plugin. -->","yoast_head_json":{"title":"Articles promotionnels de promo24 - Modern-life Color rouge, Mug en sublimation, 300 ml","description":"Anse et int\u00e9rieur color\u00e9s C\u00e9ramique, ext\u00e9rieur blanc Bord perdu en haut et en bas env. 8 mm Adapt\u00e9 au lave-vaisselle et au micro-ondes","robots":{"index":"index","follow":"follow","max-snippet":"max-snippet:-1","max-image-preview":"max-image-preview:large","max-video-preview":"max-video-preview:-1"},"canonical":"https:\/\/www.promo24.info\/fr\/articles-promotionnels\/mugs\/sublimation-tassen\/modern-life-color-rouge-mug-en-sublimation-300-ml\/","og_locale":"fr_FR","og_type":"article","og_title":"Articles promotionnels de promo24 - Modern-life Color rouge, Mug en sublimation, 300 ml","og_description":"Anse et int\u00e9rieur color\u00e9s C\u00e9ramique, ext\u00e9rieur blanc Bord perdu en haut et en bas env. 8 mm Adapt\u00e9 au lave-vaisselle et au micro-ondes","og_url":"https:\/\/www.promo24.info\/fr\/articles-promotionnels\/mugs\/sublimation-tassen\/modern-life-color-rouge-mug-en-sublimation-300-ml\/","og_site_name":"Articles promotionnels de promo24","article_modified_time":"2026-02-13T10:40:45+00:00","og_image":[{"width":1200,"height":1200,"url":"https:\/\/www.promo24.info\/wp-content\/uploads\/F006006.jpg","type":"image\/jpeg"}],"schema":{"@context":"https:\/\/schema.org","@graph":[{"@type":"WebPage","@id":"https:\/\/www.promo24.info\/fr\/articles-promotionnels\/mugs\/sublimation-tassen\/modern-life-color-rouge-mug-en-sublimation-300-ml\/","url":"https:\/\/www.promo24.info\/fr\/articles-promotionnels\/mugs\/sublimation-tassen\/modern-life-color-rouge-mug-en-sublimation-300-ml\/","name":"Articles promotionnels de promo24 - Modern-life Color rouge, Mug en sublimation, 300 ml","isPartOf":{"@id":"https:\/\/www.promo24.info\/fr\/#website"},"primaryImageOfPage":{"@id":"https:\/\/www.promo24.info\/fr\/articles-promotionnels\/mugs\/sublimation-tassen\/modern-life-color-rouge-mug-en-sublimation-300-ml\/#primaryimage"},"image":{"@id":"https:\/\/www.promo24.info\/fr\/articles-promotionnels\/mugs\/sublimation-tassen\/modern-life-color-rouge-mug-en-sublimation-300-ml\/#primaryimage"},"thumbnailUrl":"https:\/\/www.promo24.info\/wp-content\/uploads\/F006006.jpg","datePublished":"2023-07-18T15:23:23+00:00","dateModified":"2026-02-13T10:40:45+00:00","description":"Anse et int\u00e9rieur color\u00e9s C\u00e9ramique, ext\u00e9rieur blanc Bord perdu en haut et en bas env. 8 mm Adapt\u00e9 au lave-vaisselle et au micro-ondes","breadcrumb":{"@id":"https:\/\/www.promo24.info\/fr\/articles-promotionnels\/mugs\/sublimation-tassen\/modern-life-color-rouge-mug-en-sublimation-300-ml\/#breadcrumb"},"inLanguage":"fr-FR","potentialAction":[{"@type":"ReadAction","target":["https:\/\/www.promo24.info\/fr\/articles-promotionnels\/mugs\/sublimation-tassen\/modern-life-color-rouge-mug-en-sublimation-300-ml\/"]}]},{"@type":"ImageObject","inLanguage":"fr-FR","@id":"https:\/\/www.promo24.info\/fr\/articles-promotionnels\/mugs\/sublimation-tassen\/modern-life-color-rouge-mug-en-sublimation-300-ml\/#primaryimage","url":"https:\/\/www.promo24.info\/wp-content\/uploads\/F006006.jpg","contentUrl":"https:\/\/www.promo24.info\/wp-content\/uploads\/F006006.jpg","width":1200,"height":1200},{"@type":"BreadcrumbList","@id":"https:\/\/www.promo24.info\/fr\/articles-promotionnels\/mugs\/sublimation-tassen\/modern-life-color-rouge-mug-en-sublimation-300-ml\/#breadcrumb","itemListElement":[{"@type":"ListItem","position":1,"name":"Home","item":"https:\/\/www.promo24.info\/fr\/"},{"@type":"ListItem","position":2,"name":"Articles Promotionnels","item":"https:\/\/www.promo24.info\/fr\/produits\/"},{"@type":"ListItem","position":3,"name":"Mugs","item":"https:\/\/www.promo24.info\/fr\/werbeartikel-kategorien\/mugs\/"},{"@type":"ListItem","position":4,"name":"Sublimation","item":"https:\/\/www.promo24.info\/fr\/werbeartikel-kategorien\/mugs\/sublimation-tassen\/"},{"@type":"ListItem","position":5,"name":"Modern-life Color rouge, Mug en sublimation, 300 ml"}]},{"@type":"WebSite","@id":"https:\/\/www.promo24.info\/fr\/#website","url":"https:\/\/www.promo24.info\/fr\/","name":"Articles promotionnels de promo24","description":"","potentialAction":[{"@type":"SearchAction","target":{"@type":"EntryPoint","urlTemplate":"https:\/\/www.promo24.info\/fr\/?s={search_term_string}"},"query-input":{"@type":"PropertyValueSpecification","valueRequired":true,"valueName":"search_term_string"}}],"inLanguage":"fr-FR"}]}},"tiered_pricing_type":"fixed","tiered_pricing_fixed_rules":{"72":"10.40","144":"8.75","216":"8.10","288":"7.80"},"tiered_pricing_percentage_rules":[],"tiered_pricing_minimum":1,"tiered_pricing_roles_data":{"b2b":{"product_id":30238,"role":"b2b","pricing_type":"flat","regular_price":null,"sale_price":null,"discount":null,"discount_type":"sale_price","tiered_pricing_type":"fixed","percentage_rules":[],"fixed_rules":{"72":"5.19","144":"4.36","216":"4.03","288":"3.88"},"minimum":null}},"_links":{"self":[{"href":"https:\/\/www.promo24.info\/fr\/wp-json\/wp\/v2\/product\/30238","targetHints":{"allow":["GET"]}}],"collection":[{"href":"https:\/\/www.promo24.info\/fr\/wp-json\/wp\/v2\/product"}],"about":[{"href":"https:\/\/www.promo24.info\/fr\/wp-json\/wp\/v2\/types\/product"}],"wp:featuredmedia":[{"embeddable":true,"href":"https:\/\/www.promo24.info\/fr\/wp-json\/wp\/v2\/media\/22220"}],"wp:attachment":[{"href":"https:\/\/www.promo24.info\/fr\/wp-json\/wp\/v2\/media?parent=30238"}],"wp:term":[{"taxonomy":"product_brand","embeddable":true,"href":"https:\/\/www.promo24.info\/fr\/wp-json\/wp\/v2\/product_brand?post=30238"},{"taxonomy":"product_cat","embeddable":true,"href":"https:\/\/www.promo24.info\/fr\/wp-json\/wp\/v2\/product_cat?post=30238"},{"taxonomy":"product_tag","embeddable":true,"href":"https:\/\/www.promo24.info\/fr\/wp-json\/wp\/v2\/product_tag?post=30238"}],"curies":[{"name":"wp","href":"https:\/\/api.w.org\/{rel}","templated":true}]}}