{"id":30287,"date":"2023-07-18T15:29:29","date_gmt":"2023-07-18T15:29:29","guid":{"rendered":"https:\/\/www.promo24.info\/products\/non%20class\u00e9\/textil-pad-circle-200-mm-15-mm-fr\/"},"modified":"2026-02-13T11:00:48","modified_gmt":"2026-02-13T11:00:48","slug":"textil-pad-circle-200-mm-15-mm","status":"publish","type":"product","link":"https:\/\/www.promo24.info\/fr\/articles-promotionnels\/tapis-de-souris\/en-microfibre-mousepads\/textil-pad-circle-200-mm-15-mm\/","title":{"rendered":"TEXTIL-pad Circle 200 mm 1,5 mm"},"content":{"rendered":"<p>Tapis de souris \u00e0 sublimation textile avec une face inf\u00e9rieure antid\u00e9rapante de 1,5 mm en caoutchouc naturel certifi\u00e9 FSC et une surface textile. Attention aux motifs avec des cadres ou des contenus proches du bord ext\u00e9rieur en raison des tol\u00e9rances de stabilit\u00e9 d&rsquo;environ +\/- 1,5 mm.<\/p>\n","protected":false},"excerpt":{"rendered":"<p>Tapis de souris \u00e0 sublimation textile avec une face inf\u00e9rieure antid\u00e9rapante de 1,5 mm en caoutchouc naturel certifi\u00e9 FSC et une surface textile. Attention aux motifs avec des cadres ou des contenus proches du bord ext\u00e9rieur en raison des tol\u00e9rances de stabilit\u00e9 d&rsquo;environ +\/- 1,5 mm.<\/p>\n","protected":false},"featured_media":23308,"template":"","meta":{"_acf_changed":false},"product_brand":[],"product_cat":[1395],"product_tag":[],"class_list":{"0":"post-30287","1":"product","2":"type-product","3":"status-publish","4":"has-post-thumbnail","6":"product_cat-en-microfibre-mousepads","8":"first","9":"instock","10":"taxable","11":"shipping-taxable","12":"purchasable","13":"product-type-simple"},"acf":[],"yoast_head":"<!-- This site is optimized with the Yoast SEO Premium plugin v22.3 (Yoast SEO v25.6) - https:\/\/yoast.com\/wordpress\/plugins\/seo\/ -->\n<title>Articles promotionnels de promo24 - TEXTIL-pad Circle 200 mm 1,5 mm<\/title>\n<meta name=\"description\" content=\"Tapis de souris \u00e0 sublimation textile avec une face inf\u00e9rieure antid\u00e9rapante de 1,5 mm en caoutchouc naturel certifi\u00e9 FSC et une surface textile.\" \/>\n<meta name=\"robots\" content=\"index, follow, max-snippet:-1, max-image-preview:large, max-video-preview:-1\" \/>\n<link rel=\"canonical\" href=\"https:\/\/www.promo24.info\/fr\/articles-promotionnels\/tapis-de-souris\/en-microfibre-mousepads\/textil-pad-circle-200-mm-15-mm\/\" \/>\n<meta property=\"og:locale\" content=\"fr_FR\" \/>\n<meta property=\"og:type\" content=\"article\" \/>\n<meta property=\"og:title\" content=\"Articles promotionnels de promo24 - TEXTIL-pad Circle 200 mm 1,5 mm\" \/>\n<meta property=\"og:description\" content=\"Tapis de souris \u00e0 sublimation textile avec une face inf\u00e9rieure antid\u00e9rapante de 1,5 mm en caoutchouc naturel certifi\u00e9 FSC et une surface textile.\" \/>\n<meta property=\"og:url\" content=\"https:\/\/www.promo24.info\/fr\/articles-promotionnels\/tapis-de-souris\/en-microfibre-mousepads\/textil-pad-circle-200-mm-15-mm\/\" \/>\n<meta property=\"og:site_name\" content=\"Articles promotionnels de promo24\" \/>\n<meta property=\"article:modified_time\" content=\"2026-02-13T11:00:48+00:00\" \/>\n<meta property=\"og:image\" content=\"https:\/\/www.promo24.info\/wp-content\/uploads\/F006984.jpg\" \/>\n\t<meta property=\"og:image:width\" content=\"1200\" \/>\n\t<meta property=\"og:image:height\" content=\"1200\" \/>\n\t<meta property=\"og:image:type\" content=\"image\/jpeg\" \/>\n<script type=\"application\/ld+json\" class=\"yoast-schema-graph\">{\"@context\":\"https:\/\/schema.org\",\"@graph\":[{\"@type\":\"WebPage\",\"@id\":\"https:\/\/www.promo24.info\/fr\/articles-promotionnels\/tapis-de-souris\/en-microfibre-mousepads\/textil-pad-circle-200-mm-15-mm\/\",\"url\":\"https:\/\/www.promo24.info\/fr\/articles-promotionnels\/tapis-de-souris\/en-microfibre-mousepads\/textil-pad-circle-200-mm-15-mm\/\",\"name\":\"Articles promotionnels de promo24 - TEXTIL-pad Circle 200 mm 1,5 mm\",\"isPartOf\":{\"@id\":\"https:\/\/www.promo24.info\/fr\/#website\"},\"primaryImageOfPage\":{\"@id\":\"https:\/\/www.promo24.info\/fr\/articles-promotionnels\/tapis-de-souris\/en-microfibre-mousepads\/textil-pad-circle-200-mm-15-mm\/#primaryimage\"},\"image\":{\"@id\":\"https:\/\/www.promo24.info\/fr\/articles-promotionnels\/tapis-de-souris\/en-microfibre-mousepads\/textil-pad-circle-200-mm-15-mm\/#primaryimage\"},\"thumbnailUrl\":\"https:\/\/www.promo24.info\/wp-content\/uploads\/F006984.jpg\",\"datePublished\":\"2023-07-18T15:29:29+00:00\",\"dateModified\":\"2026-02-13T11:00:48+00:00\",\"description\":\"Tapis de souris \u00e0 sublimation textile avec une face inf\u00e9rieure antid\u00e9rapante de 1,5 mm en caoutchouc naturel certifi\u00e9 FSC et une surface textile.\",\"breadcrumb\":{\"@id\":\"https:\/\/www.promo24.info\/fr\/articles-promotionnels\/tapis-de-souris\/en-microfibre-mousepads\/textil-pad-circle-200-mm-15-mm\/#breadcrumb\"},\"inLanguage\":\"fr-FR\",\"potentialAction\":[{\"@type\":\"ReadAction\",\"target\":[\"https:\/\/www.promo24.info\/fr\/articles-promotionnels\/tapis-de-souris\/en-microfibre-mousepads\/textil-pad-circle-200-mm-15-mm\/\"]}]},{\"@type\":\"ImageObject\",\"inLanguage\":\"fr-FR\",\"@id\":\"https:\/\/www.promo24.info\/fr\/articles-promotionnels\/tapis-de-souris\/en-microfibre-mousepads\/textil-pad-circle-200-mm-15-mm\/#primaryimage\",\"url\":\"https:\/\/www.promo24.info\/wp-content\/uploads\/F006984.jpg\",\"contentUrl\":\"https:\/\/www.promo24.info\/wp-content\/uploads\/F006984.jpg\",\"width\":1200,\"height\":1200},{\"@type\":\"BreadcrumbList\",\"@id\":\"https:\/\/www.promo24.info\/fr\/articles-promotionnels\/tapis-de-souris\/en-microfibre-mousepads\/textil-pad-circle-200-mm-15-mm\/#breadcrumb\",\"itemListElement\":[{\"@type\":\"ListItem\",\"position\":1,\"name\":\"Home\",\"item\":\"https:\/\/www.promo24.info\/fr\/\"},{\"@type\":\"ListItem\",\"position\":2,\"name\":\"Articles Promotionnels\",\"item\":\"https:\/\/www.promo24.info\/fr\/produits\/\"},{\"@type\":\"ListItem\",\"position\":3,\"name\":\"Tapis de souris\",\"item\":\"https:\/\/www.promo24.info\/fr\/werbeartikel-kategorien\/tapis-de-souris\/\"},{\"@type\":\"ListItem\",\"position\":4,\"name\":\"En microfibre\",\"item\":\"https:\/\/www.promo24.info\/fr\/werbeartikel-kategorien\/tapis-de-souris\/en-microfibre-mousepads\/\"},{\"@type\":\"ListItem\",\"position\":5,\"name\":\"TEXTIL-pad Circle 200 mm 1,5 mm\"}]},{\"@type\":\"WebSite\",\"@id\":\"https:\/\/www.promo24.info\/fr\/#website\",\"url\":\"https:\/\/www.promo24.info\/fr\/\",\"name\":\"Articles promotionnels de promo24\",\"description\":\"\",\"potentialAction\":[{\"@type\":\"SearchAction\",\"target\":{\"@type\":\"EntryPoint\",\"urlTemplate\":\"https:\/\/www.promo24.info\/fr\/?s={search_term_string}\"},\"query-input\":{\"@type\":\"PropertyValueSpecification\",\"valueRequired\":true,\"valueName\":\"search_term_string\"}}],\"inLanguage\":\"fr-FR\"}]}<\/script>\n<!-- \/ Yoast SEO Premium plugin. -->","yoast_head_json":{"title":"Articles promotionnels de promo24 - TEXTIL-pad Circle 200 mm 1,5 mm","description":"Tapis de souris \u00e0 sublimation textile avec une face inf\u00e9rieure antid\u00e9rapante de 1,5 mm en caoutchouc naturel certifi\u00e9 FSC et une surface textile.","robots":{"index":"index","follow":"follow","max-snippet":"max-snippet:-1","max-image-preview":"max-image-preview:large","max-video-preview":"max-video-preview:-1"},"canonical":"https:\/\/www.promo24.info\/fr\/articles-promotionnels\/tapis-de-souris\/en-microfibre-mousepads\/textil-pad-circle-200-mm-15-mm\/","og_locale":"fr_FR","og_type":"article","og_title":"Articles promotionnels de promo24 - TEXTIL-pad Circle 200 mm 1,5 mm","og_description":"Tapis de souris \u00e0 sublimation textile avec une face inf\u00e9rieure antid\u00e9rapante de 1,5 mm en caoutchouc naturel certifi\u00e9 FSC et une surface textile.","og_url":"https:\/\/www.promo24.info\/fr\/articles-promotionnels\/tapis-de-souris\/en-microfibre-mousepads\/textil-pad-circle-200-mm-15-mm\/","og_site_name":"Articles promotionnels de promo24","article_modified_time":"2026-02-13T11:00:48+00:00","og_image":[{"width":1200,"height":1200,"url":"https:\/\/www.promo24.info\/wp-content\/uploads\/F006984.jpg","type":"image\/jpeg"}],"schema":{"@context":"https:\/\/schema.org","@graph":[{"@type":"WebPage","@id":"https:\/\/www.promo24.info\/fr\/articles-promotionnels\/tapis-de-souris\/en-microfibre-mousepads\/textil-pad-circle-200-mm-15-mm\/","url":"https:\/\/www.promo24.info\/fr\/articles-promotionnels\/tapis-de-souris\/en-microfibre-mousepads\/textil-pad-circle-200-mm-15-mm\/","name":"Articles promotionnels de promo24 - TEXTIL-pad Circle 200 mm 1,5 mm","isPartOf":{"@id":"https:\/\/www.promo24.info\/fr\/#website"},"primaryImageOfPage":{"@id":"https:\/\/www.promo24.info\/fr\/articles-promotionnels\/tapis-de-souris\/en-microfibre-mousepads\/textil-pad-circle-200-mm-15-mm\/#primaryimage"},"image":{"@id":"https:\/\/www.promo24.info\/fr\/articles-promotionnels\/tapis-de-souris\/en-microfibre-mousepads\/textil-pad-circle-200-mm-15-mm\/#primaryimage"},"thumbnailUrl":"https:\/\/www.promo24.info\/wp-content\/uploads\/F006984.jpg","datePublished":"2023-07-18T15:29:29+00:00","dateModified":"2026-02-13T11:00:48+00:00","description":"Tapis de souris \u00e0 sublimation textile avec une face inf\u00e9rieure antid\u00e9rapante de 1,5 mm en caoutchouc naturel certifi\u00e9 FSC et une surface textile.","breadcrumb":{"@id":"https:\/\/www.promo24.info\/fr\/articles-promotionnels\/tapis-de-souris\/en-microfibre-mousepads\/textil-pad-circle-200-mm-15-mm\/#breadcrumb"},"inLanguage":"fr-FR","potentialAction":[{"@type":"ReadAction","target":["https:\/\/www.promo24.info\/fr\/articles-promotionnels\/tapis-de-souris\/en-microfibre-mousepads\/textil-pad-circle-200-mm-15-mm\/"]}]},{"@type":"ImageObject","inLanguage":"fr-FR","@id":"https:\/\/www.promo24.info\/fr\/articles-promotionnels\/tapis-de-souris\/en-microfibre-mousepads\/textil-pad-circle-200-mm-15-mm\/#primaryimage","url":"https:\/\/www.promo24.info\/wp-content\/uploads\/F006984.jpg","contentUrl":"https:\/\/www.promo24.info\/wp-content\/uploads\/F006984.jpg","width":1200,"height":1200},{"@type":"BreadcrumbList","@id":"https:\/\/www.promo24.info\/fr\/articles-promotionnels\/tapis-de-souris\/en-microfibre-mousepads\/textil-pad-circle-200-mm-15-mm\/#breadcrumb","itemListElement":[{"@type":"ListItem","position":1,"name":"Home","item":"https:\/\/www.promo24.info\/fr\/"},{"@type":"ListItem","position":2,"name":"Articles Promotionnels","item":"https:\/\/www.promo24.info\/fr\/produits\/"},{"@type":"ListItem","position":3,"name":"Tapis de souris","item":"https:\/\/www.promo24.info\/fr\/werbeartikel-kategorien\/tapis-de-souris\/"},{"@type":"ListItem","position":4,"name":"En microfibre","item":"https:\/\/www.promo24.info\/fr\/werbeartikel-kategorien\/tapis-de-souris\/en-microfibre-mousepads\/"},{"@type":"ListItem","position":5,"name":"TEXTIL-pad Circle 200 mm 1,5 mm"}]},{"@type":"WebSite","@id":"https:\/\/www.promo24.info\/fr\/#website","url":"https:\/\/www.promo24.info\/fr\/","name":"Articles promotionnels de promo24","description":"","potentialAction":[{"@type":"SearchAction","target":{"@type":"EntryPoint","urlTemplate":"https:\/\/www.promo24.info\/fr\/?s={search_term_string}"},"query-input":{"@type":"PropertyValueSpecification","valueRequired":true,"valueName":"search_term_string"}}],"inLanguage":"fr-FR"}]}},"tiered_pricing_type":"fixed","tiered_pricing_fixed_rules":{"50":"10.05","100":"6.65","250":"4.65","500":"3.90"},"tiered_pricing_percentage_rules":[],"tiered_pricing_minimum":1,"tiered_pricing_roles_data":{"b2b":{"product_id":30287,"role":"b2b","pricing_type":"flat","regular_price":null,"sale_price":null,"discount":null,"discount_type":"sale_price","tiered_pricing_type":"fixed","percentage_rules":[],"fixed_rules":{"50":"5.01","100":"3.31","250":"2.32","500":"1.95"},"minimum":null}},"_links":{"self":[{"href":"https:\/\/www.promo24.info\/fr\/wp-json\/wp\/v2\/product\/30287","targetHints":{"allow":["GET"]}}],"collection":[{"href":"https:\/\/www.promo24.info\/fr\/wp-json\/wp\/v2\/product"}],"about":[{"href":"https:\/\/www.promo24.info\/fr\/wp-json\/wp\/v2\/types\/product"}],"wp:featuredmedia":[{"embeddable":true,"href":"https:\/\/www.promo24.info\/fr\/wp-json\/wp\/v2\/media\/23308"}],"wp:attachment":[{"href":"https:\/\/www.promo24.info\/fr\/wp-json\/wp\/v2\/media?parent=30287"}],"wp:term":[{"taxonomy":"product_brand","embeddable":true,"href":"https:\/\/www.promo24.info\/fr\/wp-json\/wp\/v2\/product_brand?post=30287"},{"taxonomy":"product_cat","embeddable":true,"href":"https:\/\/www.promo24.info\/fr\/wp-json\/wp\/v2\/product_cat?post=30287"},{"taxonomy":"product_tag","embeddable":true,"href":"https:\/\/www.promo24.info\/fr\/wp-json\/wp\/v2\/product_tag?post=30287"}],"curies":[{"name":"wp","href":"https:\/\/api.w.org\/{rel}","templated":true}]}}