{"id":30288,"date":"2023-07-18T15:29:37","date_gmt":"2023-07-18T15:29:37","guid":{"rendered":"https:\/\/www.promo24.info\/products\/non%20class\u00e9\/ergo-pad-memoryschaum-textil-hb-schwarz-fr\/"},"modified":"2026-02-13T11:01:10","modified_gmt":"2026-02-13T11:01:10","slug":"ergo-pad-quadro-textile-mousse-noire","status":"publish","type":"product","link":"https:\/\/www.promo24.info\/fr\/articles-promotionnels\/tapis-de-souris\/avec-repose-poignet-mousepads\/ergo-pad-quadro-textile-mousse-noire\/","title":{"rendered":"ERGO-pad Quadro textile mousse noire"},"content":{"rendered":"<p>Tapis de souris ergonomique en textile avec repose-poignets en mousse \u00e0 m\u00e9moire de forme.<br \/>\nFormat 240 x 200 mm, surface inf\u00e9rieure en polyester 2,5 mm en caoutchouc naturel<br \/>\nNos tapis de souris sont durables car ..<br \/>\n&#8211; Fabriqu\u00e9 en Allemagne<br \/>\n&#8211; Encre de sublimation \u00e0 base d&rsquo;eau respectueuse de l&rsquo;environnement<br \/>\n&#8211; Encres d&rsquo;impression sans solvant<br \/>\n&#8211; Conforme \u00e0 REACH<br \/>\n&#8211; Conforme EN71-3<br \/>\n&#8211; Sans phtalate<\/p>\n","protected":false},"excerpt":{"rendered":"<p>Tapis de souris ergonomique en textile avec repose-poignets en mousse \u00e0 m\u00e9moire de forme. Format 240 x 200 mm, surface inf\u00e9rieure en polyester 2,5 mm en caoutchouc naturel Nos tapis de souris sont durables car .. &#8211; Fabriqu\u00e9 en Allemagne &#8211; Encre de sublimation \u00e0 base d&rsquo;eau respectueuse de l&rsquo;environnement &#8211; Encres d&rsquo;impression sans solvant [&hellip;]<\/p>\n","protected":false},"featured_media":23314,"template":"","meta":{"_acf_changed":false},"product_brand":[],"product_cat":[1388,1395,1339,1380],"product_tag":[],"class_list":{"0":"post-30288","1":"product","2":"type-product","3":"status-publish","4":"has-post-thumbnail","6":"product_cat-avec-insert-mousepads","7":"product_cat-en-microfibre-mousepads","8":"product_cat-repose-poignets","9":"product_cat-avec-repose-poignet-mousepads","11":"first","12":"instock","13":"taxable","14":"shipping-taxable","15":"purchasable","16":"product-type-simple"},"acf":[],"yoast_head":"<!-- This site is optimized with the Yoast SEO Premium plugin v22.3 (Yoast SEO v25.6) - https:\/\/yoast.com\/wordpress\/plugins\/seo\/ -->\n<title>Articles promotionnels de promo24 - ERGO-pad Quadro textile mousse noire<\/title>\n<meta name=\"description\" content=\"Tapis de souris ergonomique en textile avec repose-poignets en mousse \u00e0 m\u00e9moire de forme. Format 240 x 200 mm, surface inf\u00e9rieure en polyester 2,5 mm en\" \/>\n<meta name=\"robots\" content=\"index, follow, max-snippet:-1, max-image-preview:large, max-video-preview:-1\" \/>\n<link rel=\"canonical\" href=\"https:\/\/www.promo24.info\/fr\/articles-promotionnels\/tapis-de-souris\/avec-repose-poignet-mousepads\/ergo-pad-quadro-textile-mousse-noire\/\" \/>\n<meta property=\"og:locale\" content=\"fr_FR\" \/>\n<meta property=\"og:type\" content=\"article\" \/>\n<meta property=\"og:title\" content=\"Articles promotionnels de promo24 - ERGO-pad Quadro textile mousse noire\" \/>\n<meta property=\"og:description\" content=\"Tapis de souris ergonomique en textile avec repose-poignets en mousse \u00e0 m\u00e9moire de forme. Format 240 x 200 mm, surface inf\u00e9rieure en polyester 2,5 mm en\" \/>\n<meta property=\"og:url\" content=\"https:\/\/www.promo24.info\/fr\/articles-promotionnels\/tapis-de-souris\/avec-repose-poignet-mousepads\/ergo-pad-quadro-textile-mousse-noire\/\" \/>\n<meta property=\"og:site_name\" content=\"Articles promotionnels de promo24\" \/>\n<meta property=\"article:modified_time\" content=\"2026-02-13T11:01:10+00:00\" \/>\n<meta property=\"og:image\" content=\"https:\/\/www.promo24.info\/wp-content\/uploads\/F007000-scaled.jpg\" \/>\n\t<meta property=\"og:image:width\" content=\"2560\" \/>\n\t<meta property=\"og:image:height\" content=\"2560\" \/>\n\t<meta property=\"og:image:type\" content=\"image\/jpeg\" \/>\n<script type=\"application\/ld+json\" class=\"yoast-schema-graph\">{\"@context\":\"https:\/\/schema.org\",\"@graph\":[{\"@type\":\"WebPage\",\"@id\":\"https:\/\/www.promo24.info\/fr\/articles-promotionnels\/tapis-de-souris\/avec-repose-poignet-mousepads\/ergo-pad-quadro-textile-mousse-noire\/\",\"url\":\"https:\/\/www.promo24.info\/fr\/articles-promotionnels\/tapis-de-souris\/avec-repose-poignet-mousepads\/ergo-pad-quadro-textile-mousse-noire\/\",\"name\":\"Articles promotionnels de promo24 - ERGO-pad Quadro textile mousse noire\",\"isPartOf\":{\"@id\":\"https:\/\/www.promo24.info\/fr\/#website\"},\"primaryImageOfPage\":{\"@id\":\"https:\/\/www.promo24.info\/fr\/articles-promotionnels\/tapis-de-souris\/avec-repose-poignet-mousepads\/ergo-pad-quadro-textile-mousse-noire\/#primaryimage\"},\"image\":{\"@id\":\"https:\/\/www.promo24.info\/fr\/articles-promotionnels\/tapis-de-souris\/avec-repose-poignet-mousepads\/ergo-pad-quadro-textile-mousse-noire\/#primaryimage\"},\"thumbnailUrl\":\"https:\/\/www.promo24.info\/wp-content\/uploads\/F007000-scaled.jpg\",\"datePublished\":\"2023-07-18T15:29:37+00:00\",\"dateModified\":\"2026-02-13T11:01:10+00:00\",\"description\":\"Tapis de souris ergonomique en textile avec repose-poignets en mousse \u00e0 m\u00e9moire de forme. Format 240 x 200 mm, surface inf\u00e9rieure en polyester 2,5 mm en\",\"breadcrumb\":{\"@id\":\"https:\/\/www.promo24.info\/fr\/articles-promotionnels\/tapis-de-souris\/avec-repose-poignet-mousepads\/ergo-pad-quadro-textile-mousse-noire\/#breadcrumb\"},\"inLanguage\":\"fr-FR\",\"potentialAction\":[{\"@type\":\"ReadAction\",\"target\":[\"https:\/\/www.promo24.info\/fr\/articles-promotionnels\/tapis-de-souris\/avec-repose-poignet-mousepads\/ergo-pad-quadro-textile-mousse-noire\/\"]}]},{\"@type\":\"ImageObject\",\"inLanguage\":\"fr-FR\",\"@id\":\"https:\/\/www.promo24.info\/fr\/articles-promotionnels\/tapis-de-souris\/avec-repose-poignet-mousepads\/ergo-pad-quadro-textile-mousse-noire\/#primaryimage\",\"url\":\"https:\/\/www.promo24.info\/wp-content\/uploads\/F007000-scaled.jpg\",\"contentUrl\":\"https:\/\/www.promo24.info\/wp-content\/uploads\/F007000-scaled.jpg\",\"width\":2560,\"height\":2560},{\"@type\":\"BreadcrumbList\",\"@id\":\"https:\/\/www.promo24.info\/fr\/articles-promotionnels\/tapis-de-souris\/avec-repose-poignet-mousepads\/ergo-pad-quadro-textile-mousse-noire\/#breadcrumb\",\"itemListElement\":[{\"@type\":\"ListItem\",\"position\":1,\"name\":\"Home\",\"item\":\"https:\/\/www.promo24.info\/fr\/\"},{\"@type\":\"ListItem\",\"position\":2,\"name\":\"Articles Promotionnels\",\"item\":\"https:\/\/www.promo24.info\/fr\/produits\/\"},{\"@type\":\"ListItem\",\"position\":3,\"name\":\"Tapis de souris\",\"item\":\"https:\/\/www.promo24.info\/fr\/werbeartikel-kategorien\/tapis-de-souris\/\"},{\"@type\":\"ListItem\",\"position\":4,\"name\":\"Avec Insert\",\"item\":\"https:\/\/www.promo24.info\/fr\/werbeartikel-kategorien\/tapis-de-souris\/avec-insert-mousepads\/\"},{\"@type\":\"ListItem\",\"position\":5,\"name\":\"ERGO-pad Quadro textile mousse noire\"}]},{\"@type\":\"WebSite\",\"@id\":\"https:\/\/www.promo24.info\/fr\/#website\",\"url\":\"https:\/\/www.promo24.info\/fr\/\",\"name\":\"Articles promotionnels de promo24\",\"description\":\"\",\"potentialAction\":[{\"@type\":\"SearchAction\",\"target\":{\"@type\":\"EntryPoint\",\"urlTemplate\":\"https:\/\/www.promo24.info\/fr\/?s={search_term_string}\"},\"query-input\":{\"@type\":\"PropertyValueSpecification\",\"valueRequired\":true,\"valueName\":\"search_term_string\"}}],\"inLanguage\":\"fr-FR\"}]}<\/script>\n<!-- \/ Yoast SEO Premium plugin. -->","yoast_head_json":{"title":"Articles promotionnels de promo24 - ERGO-pad Quadro textile mousse noire","description":"Tapis de souris ergonomique en textile avec repose-poignets en mousse \u00e0 m\u00e9moire de forme. Format 240 x 200 mm, surface inf\u00e9rieure en polyester 2,5 mm en","robots":{"index":"index","follow":"follow","max-snippet":"max-snippet:-1","max-image-preview":"max-image-preview:large","max-video-preview":"max-video-preview:-1"},"canonical":"https:\/\/www.promo24.info\/fr\/articles-promotionnels\/tapis-de-souris\/avec-repose-poignet-mousepads\/ergo-pad-quadro-textile-mousse-noire\/","og_locale":"fr_FR","og_type":"article","og_title":"Articles promotionnels de promo24 - ERGO-pad Quadro textile mousse noire","og_description":"Tapis de souris ergonomique en textile avec repose-poignets en mousse \u00e0 m\u00e9moire de forme. Format 240 x 200 mm, surface inf\u00e9rieure en polyester 2,5 mm en","og_url":"https:\/\/www.promo24.info\/fr\/articles-promotionnels\/tapis-de-souris\/avec-repose-poignet-mousepads\/ergo-pad-quadro-textile-mousse-noire\/","og_site_name":"Articles promotionnels de promo24","article_modified_time":"2026-02-13T11:01:10+00:00","og_image":[{"width":2560,"height":2560,"url":"https:\/\/www.promo24.info\/wp-content\/uploads\/F007000-scaled.jpg","type":"image\/jpeg"}],"schema":{"@context":"https:\/\/schema.org","@graph":[{"@type":"WebPage","@id":"https:\/\/www.promo24.info\/fr\/articles-promotionnels\/tapis-de-souris\/avec-repose-poignet-mousepads\/ergo-pad-quadro-textile-mousse-noire\/","url":"https:\/\/www.promo24.info\/fr\/articles-promotionnels\/tapis-de-souris\/avec-repose-poignet-mousepads\/ergo-pad-quadro-textile-mousse-noire\/","name":"Articles promotionnels de promo24 - ERGO-pad Quadro textile mousse noire","isPartOf":{"@id":"https:\/\/www.promo24.info\/fr\/#website"},"primaryImageOfPage":{"@id":"https:\/\/www.promo24.info\/fr\/articles-promotionnels\/tapis-de-souris\/avec-repose-poignet-mousepads\/ergo-pad-quadro-textile-mousse-noire\/#primaryimage"},"image":{"@id":"https:\/\/www.promo24.info\/fr\/articles-promotionnels\/tapis-de-souris\/avec-repose-poignet-mousepads\/ergo-pad-quadro-textile-mousse-noire\/#primaryimage"},"thumbnailUrl":"https:\/\/www.promo24.info\/wp-content\/uploads\/F007000-scaled.jpg","datePublished":"2023-07-18T15:29:37+00:00","dateModified":"2026-02-13T11:01:10+00:00","description":"Tapis de souris ergonomique en textile avec repose-poignets en mousse \u00e0 m\u00e9moire de forme. Format 240 x 200 mm, surface inf\u00e9rieure en polyester 2,5 mm en","breadcrumb":{"@id":"https:\/\/www.promo24.info\/fr\/articles-promotionnels\/tapis-de-souris\/avec-repose-poignet-mousepads\/ergo-pad-quadro-textile-mousse-noire\/#breadcrumb"},"inLanguage":"fr-FR","potentialAction":[{"@type":"ReadAction","target":["https:\/\/www.promo24.info\/fr\/articles-promotionnels\/tapis-de-souris\/avec-repose-poignet-mousepads\/ergo-pad-quadro-textile-mousse-noire\/"]}]},{"@type":"ImageObject","inLanguage":"fr-FR","@id":"https:\/\/www.promo24.info\/fr\/articles-promotionnels\/tapis-de-souris\/avec-repose-poignet-mousepads\/ergo-pad-quadro-textile-mousse-noire\/#primaryimage","url":"https:\/\/www.promo24.info\/wp-content\/uploads\/F007000-scaled.jpg","contentUrl":"https:\/\/www.promo24.info\/wp-content\/uploads\/F007000-scaled.jpg","width":2560,"height":2560},{"@type":"BreadcrumbList","@id":"https:\/\/www.promo24.info\/fr\/articles-promotionnels\/tapis-de-souris\/avec-repose-poignet-mousepads\/ergo-pad-quadro-textile-mousse-noire\/#breadcrumb","itemListElement":[{"@type":"ListItem","position":1,"name":"Home","item":"https:\/\/www.promo24.info\/fr\/"},{"@type":"ListItem","position":2,"name":"Articles Promotionnels","item":"https:\/\/www.promo24.info\/fr\/produits\/"},{"@type":"ListItem","position":3,"name":"Tapis de souris","item":"https:\/\/www.promo24.info\/fr\/werbeartikel-kategorien\/tapis-de-souris\/"},{"@type":"ListItem","position":4,"name":"Avec Insert","item":"https:\/\/www.promo24.info\/fr\/werbeartikel-kategorien\/tapis-de-souris\/avec-insert-mousepads\/"},{"@type":"ListItem","position":5,"name":"ERGO-pad Quadro textile mousse noire"}]},{"@type":"WebSite","@id":"https:\/\/www.promo24.info\/fr\/#website","url":"https:\/\/www.promo24.info\/fr\/","name":"Articles promotionnels de promo24","description":"","potentialAction":[{"@type":"SearchAction","target":{"@type":"EntryPoint","urlTemplate":"https:\/\/www.promo24.info\/fr\/?s={search_term_string}"},"query-input":{"@type":"PropertyValueSpecification","valueRequired":true,"valueName":"search_term_string"}}],"inLanguage":"fr-FR"}]}},"tiered_pricing_type":"fixed","tiered_pricing_fixed_rules":{"50":"20.85","100":"15.60","250":"12.40","500":"10.60"},"tiered_pricing_percentage_rules":[],"tiered_pricing_minimum":1,"tiered_pricing_roles_data":{"b2b":{"product_id":30288,"role":"b2b","pricing_type":"flat","regular_price":null,"sale_price":null,"discount":null,"discount_type":"sale_price","tiered_pricing_type":"fixed","percentage_rules":[],"fixed_rules":{"50":"10.41","100":"7.79","250":"6.20","500":"5.29"},"minimum":null}},"_links":{"self":[{"href":"https:\/\/www.promo24.info\/fr\/wp-json\/wp\/v2\/product\/30288","targetHints":{"allow":["GET"]}}],"collection":[{"href":"https:\/\/www.promo24.info\/fr\/wp-json\/wp\/v2\/product"}],"about":[{"href":"https:\/\/www.promo24.info\/fr\/wp-json\/wp\/v2\/types\/product"}],"wp:featuredmedia":[{"embeddable":true,"href":"https:\/\/www.promo24.info\/fr\/wp-json\/wp\/v2\/media\/23314"}],"wp:attachment":[{"href":"https:\/\/www.promo24.info\/fr\/wp-json\/wp\/v2\/media?parent=30288"}],"wp:term":[{"taxonomy":"product_brand","embeddable":true,"href":"https:\/\/www.promo24.info\/fr\/wp-json\/wp\/v2\/product_brand?post=30288"},{"taxonomy":"product_cat","embeddable":true,"href":"https:\/\/www.promo24.info\/fr\/wp-json\/wp\/v2\/product_cat?post=30288"},{"taxonomy":"product_tag","embeddable":true,"href":"https:\/\/www.promo24.info\/fr\/wp-json\/wp\/v2\/product_tag?post=30288"}],"curies":[{"name":"wp","href":"https:\/\/api.w.org\/{rel}","templated":true}]}}