{"id":30310,"date":"2023-07-18T15:33:43","date_gmt":"2023-07-18T15:33:43","guid":{"rendered":"https:\/\/www.promo24.info\/products\/non%20class\u00e9\/textil-pad-sonderform-xx-x-xx-cm-25-mm-fr\/"},"modified":"2026-02-13T11:13:06","modified_gmt":"2026-02-13T11:13:06","slug":"textil-pad-forme-special-xx-x-xx-cm-25-mm","status":"publish","type":"product","link":"https:\/\/www.promo24.info\/fr\/articles-promotionnels\/tapis-de-souris\/en-microfibre-mousepads\/textil-pad-forme-special-xx-x-xx-cm-25-mm\/","title":{"rendered":"TEXTIL-pad forme special xx x xx cm 2,5 mm"},"content":{"rendered":"<p>Tapis de souris textile \u00e0 sublimation avec dessous antid\u00e9rapant en caoutchouc naturel certifi\u00e9 FSC et surface textile. Attention aux motifs avec des cadres ou des contenus proches du bord ext\u00e9rieur en raison des tol\u00e9rances de stabilit\u00e9 d&rsquo;environ +\/- 1,5 mm<\/p>\n","protected":false},"excerpt":{"rendered":"<p>Tapis de souris textile \u00e0 sublimation avec dessous antid\u00e9rapant en caoutchouc naturel certifi\u00e9 FSC et surface textile. Attention aux motifs avec des cadres ou des contenus proches du bord ext\u00e9rieur en raison des tol\u00e9rances de stabilit\u00e9 d&rsquo;environ +\/- 1,5 mm<\/p>\n","protected":false},"featured_media":23670,"template":"","meta":{"_acf_changed":false},"product_brand":[],"product_cat":[1395,1367],"product_tag":[],"class_list":{"0":"post-30310","1":"product","2":"type-product","3":"status-publish","4":"has-post-thumbnail","6":"product_cat-en-microfibre-mousepads","7":"product_cat-formes-spciales","9":"first","10":"instock","11":"taxable","12":"shipping-taxable","13":"purchasable","14":"product-type-simple"},"acf":[],"yoast_head":"<!-- This site is optimized with the Yoast SEO Premium plugin v22.3 (Yoast SEO v25.6) - https:\/\/yoast.com\/wordpress\/plugins\/seo\/ -->\n<title>Articles promotionnels de promo24 - TEXTIL-pad forme special xx x xx cm 2,5 mm<\/title>\n<meta name=\"description\" content=\"Tapis de souris textile \u00e0 sublimation avec dessous antid\u00e9rapant en caoutchouc naturel certifi\u00e9 FSC et surface textile. Attention aux motifs avec des\" \/>\n<meta name=\"robots\" content=\"index, follow, max-snippet:-1, max-image-preview:large, max-video-preview:-1\" \/>\n<link rel=\"canonical\" href=\"https:\/\/www.promo24.info\/fr\/articles-promotionnels\/tapis-de-souris\/en-microfibre-mousepads\/textil-pad-forme-special-xx-x-xx-cm-25-mm\/\" \/>\n<meta property=\"og:locale\" content=\"fr_FR\" \/>\n<meta property=\"og:type\" content=\"article\" \/>\n<meta property=\"og:title\" content=\"Articles promotionnels de promo24 - TEXTIL-pad forme special xx x xx cm 2,5 mm\" \/>\n<meta property=\"og:description\" content=\"Tapis de souris textile \u00e0 sublimation avec dessous antid\u00e9rapant en caoutchouc naturel certifi\u00e9 FSC et surface textile. Attention aux motifs avec des\" \/>\n<meta property=\"og:url\" content=\"https:\/\/www.promo24.info\/fr\/articles-promotionnels\/tapis-de-souris\/en-microfibre-mousepads\/textil-pad-forme-special-xx-x-xx-cm-25-mm\/\" \/>\n<meta property=\"og:site_name\" content=\"Articles promotionnels de promo24\" \/>\n<meta property=\"article:modified_time\" content=\"2026-02-13T11:13:06+00:00\" \/>\n<meta property=\"og:image\" content=\"https:\/\/www.promo24.info\/wp-content\/uploads\/F007160-scaled.jpg\" \/>\n\t<meta property=\"og:image:width\" content=\"2560\" \/>\n\t<meta property=\"og:image:height\" content=\"2560\" \/>\n\t<meta property=\"og:image:type\" content=\"image\/jpeg\" \/>\n<script type=\"application\/ld+json\" class=\"yoast-schema-graph\">{\"@context\":\"https:\/\/schema.org\",\"@graph\":[{\"@type\":\"WebPage\",\"@id\":\"https:\/\/www.promo24.info\/fr\/articles-promotionnels\/tapis-de-souris\/en-microfibre-mousepads\/textil-pad-forme-special-xx-x-xx-cm-25-mm\/\",\"url\":\"https:\/\/www.promo24.info\/fr\/articles-promotionnels\/tapis-de-souris\/en-microfibre-mousepads\/textil-pad-forme-special-xx-x-xx-cm-25-mm\/\",\"name\":\"Articles promotionnels de promo24 - TEXTIL-pad forme special xx x xx cm 2,5 mm\",\"isPartOf\":{\"@id\":\"https:\/\/www.promo24.info\/fr\/#website\"},\"primaryImageOfPage\":{\"@id\":\"https:\/\/www.promo24.info\/fr\/articles-promotionnels\/tapis-de-souris\/en-microfibre-mousepads\/textil-pad-forme-special-xx-x-xx-cm-25-mm\/#primaryimage\"},\"image\":{\"@id\":\"https:\/\/www.promo24.info\/fr\/articles-promotionnels\/tapis-de-souris\/en-microfibre-mousepads\/textil-pad-forme-special-xx-x-xx-cm-25-mm\/#primaryimage\"},\"thumbnailUrl\":\"https:\/\/www.promo24.info\/wp-content\/uploads\/F007160-scaled.jpg\",\"datePublished\":\"2023-07-18T15:33:43+00:00\",\"dateModified\":\"2026-02-13T11:13:06+00:00\",\"description\":\"Tapis de souris textile \u00e0 sublimation avec dessous antid\u00e9rapant en caoutchouc naturel certifi\u00e9 FSC et surface textile. Attention aux motifs avec des\",\"breadcrumb\":{\"@id\":\"https:\/\/www.promo24.info\/fr\/articles-promotionnels\/tapis-de-souris\/en-microfibre-mousepads\/textil-pad-forme-special-xx-x-xx-cm-25-mm\/#breadcrumb\"},\"inLanguage\":\"fr-FR\",\"potentialAction\":[{\"@type\":\"ReadAction\",\"target\":[\"https:\/\/www.promo24.info\/fr\/articles-promotionnels\/tapis-de-souris\/en-microfibre-mousepads\/textil-pad-forme-special-xx-x-xx-cm-25-mm\/\"]}]},{\"@type\":\"ImageObject\",\"inLanguage\":\"fr-FR\",\"@id\":\"https:\/\/www.promo24.info\/fr\/articles-promotionnels\/tapis-de-souris\/en-microfibre-mousepads\/textil-pad-forme-special-xx-x-xx-cm-25-mm\/#primaryimage\",\"url\":\"https:\/\/www.promo24.info\/wp-content\/uploads\/F007160-scaled.jpg\",\"contentUrl\":\"https:\/\/www.promo24.info\/wp-content\/uploads\/F007160-scaled.jpg\",\"width\":2560,\"height\":2560},{\"@type\":\"BreadcrumbList\",\"@id\":\"https:\/\/www.promo24.info\/fr\/articles-promotionnels\/tapis-de-souris\/en-microfibre-mousepads\/textil-pad-forme-special-xx-x-xx-cm-25-mm\/#breadcrumb\",\"itemListElement\":[{\"@type\":\"ListItem\",\"position\":1,\"name\":\"Home\",\"item\":\"https:\/\/www.promo24.info\/fr\/\"},{\"@type\":\"ListItem\",\"position\":2,\"name\":\"Articles Promotionnels\",\"item\":\"https:\/\/www.promo24.info\/fr\/produits\/\"},{\"@type\":\"ListItem\",\"position\":3,\"name\":\"Tapis de souris\",\"item\":\"https:\/\/www.promo24.info\/fr\/werbeartikel-kategorien\/tapis-de-souris\/\"},{\"@type\":\"ListItem\",\"position\":4,\"name\":\"En microfibre\",\"item\":\"https:\/\/www.promo24.info\/fr\/werbeartikel-kategorien\/tapis-de-souris\/en-microfibre-mousepads\/\"},{\"@type\":\"ListItem\",\"position\":5,\"name\":\"TEXTIL-pad forme special xx x xx cm 2,5 mm\"}]},{\"@type\":\"WebSite\",\"@id\":\"https:\/\/www.promo24.info\/fr\/#website\",\"url\":\"https:\/\/www.promo24.info\/fr\/\",\"name\":\"Articles promotionnels de promo24\",\"description\":\"\",\"potentialAction\":[{\"@type\":\"SearchAction\",\"target\":{\"@type\":\"EntryPoint\",\"urlTemplate\":\"https:\/\/www.promo24.info\/fr\/?s={search_term_string}\"},\"query-input\":{\"@type\":\"PropertyValueSpecification\",\"valueRequired\":true,\"valueName\":\"search_term_string\"}}],\"inLanguage\":\"fr-FR\"}]}<\/script>\n<!-- \/ Yoast SEO Premium plugin. -->","yoast_head_json":{"title":"Articles promotionnels de promo24 - TEXTIL-pad forme special xx x xx cm 2,5 mm","description":"Tapis de souris textile \u00e0 sublimation avec dessous antid\u00e9rapant en caoutchouc naturel certifi\u00e9 FSC et surface textile. Attention aux motifs avec des","robots":{"index":"index","follow":"follow","max-snippet":"max-snippet:-1","max-image-preview":"max-image-preview:large","max-video-preview":"max-video-preview:-1"},"canonical":"https:\/\/www.promo24.info\/fr\/articles-promotionnels\/tapis-de-souris\/en-microfibre-mousepads\/textil-pad-forme-special-xx-x-xx-cm-25-mm\/","og_locale":"fr_FR","og_type":"article","og_title":"Articles promotionnels de promo24 - TEXTIL-pad forme special xx x xx cm 2,5 mm","og_description":"Tapis de souris textile \u00e0 sublimation avec dessous antid\u00e9rapant en caoutchouc naturel certifi\u00e9 FSC et surface textile. Attention aux motifs avec des","og_url":"https:\/\/www.promo24.info\/fr\/articles-promotionnels\/tapis-de-souris\/en-microfibre-mousepads\/textil-pad-forme-special-xx-x-xx-cm-25-mm\/","og_site_name":"Articles promotionnels de promo24","article_modified_time":"2026-02-13T11:13:06+00:00","og_image":[{"width":2560,"height":2560,"url":"https:\/\/www.promo24.info\/wp-content\/uploads\/F007160-scaled.jpg","type":"image\/jpeg"}],"schema":{"@context":"https:\/\/schema.org","@graph":[{"@type":"WebPage","@id":"https:\/\/www.promo24.info\/fr\/articles-promotionnels\/tapis-de-souris\/en-microfibre-mousepads\/textil-pad-forme-special-xx-x-xx-cm-25-mm\/","url":"https:\/\/www.promo24.info\/fr\/articles-promotionnels\/tapis-de-souris\/en-microfibre-mousepads\/textil-pad-forme-special-xx-x-xx-cm-25-mm\/","name":"Articles promotionnels de promo24 - TEXTIL-pad forme special xx x xx cm 2,5 mm","isPartOf":{"@id":"https:\/\/www.promo24.info\/fr\/#website"},"primaryImageOfPage":{"@id":"https:\/\/www.promo24.info\/fr\/articles-promotionnels\/tapis-de-souris\/en-microfibre-mousepads\/textil-pad-forme-special-xx-x-xx-cm-25-mm\/#primaryimage"},"image":{"@id":"https:\/\/www.promo24.info\/fr\/articles-promotionnels\/tapis-de-souris\/en-microfibre-mousepads\/textil-pad-forme-special-xx-x-xx-cm-25-mm\/#primaryimage"},"thumbnailUrl":"https:\/\/www.promo24.info\/wp-content\/uploads\/F007160-scaled.jpg","datePublished":"2023-07-18T15:33:43+00:00","dateModified":"2026-02-13T11:13:06+00:00","description":"Tapis de souris textile \u00e0 sublimation avec dessous antid\u00e9rapant en caoutchouc naturel certifi\u00e9 FSC et surface textile. Attention aux motifs avec des","breadcrumb":{"@id":"https:\/\/www.promo24.info\/fr\/articles-promotionnels\/tapis-de-souris\/en-microfibre-mousepads\/textil-pad-forme-special-xx-x-xx-cm-25-mm\/#breadcrumb"},"inLanguage":"fr-FR","potentialAction":[{"@type":"ReadAction","target":["https:\/\/www.promo24.info\/fr\/articles-promotionnels\/tapis-de-souris\/en-microfibre-mousepads\/textil-pad-forme-special-xx-x-xx-cm-25-mm\/"]}]},{"@type":"ImageObject","inLanguage":"fr-FR","@id":"https:\/\/www.promo24.info\/fr\/articles-promotionnels\/tapis-de-souris\/en-microfibre-mousepads\/textil-pad-forme-special-xx-x-xx-cm-25-mm\/#primaryimage","url":"https:\/\/www.promo24.info\/wp-content\/uploads\/F007160-scaled.jpg","contentUrl":"https:\/\/www.promo24.info\/wp-content\/uploads\/F007160-scaled.jpg","width":2560,"height":2560},{"@type":"BreadcrumbList","@id":"https:\/\/www.promo24.info\/fr\/articles-promotionnels\/tapis-de-souris\/en-microfibre-mousepads\/textil-pad-forme-special-xx-x-xx-cm-25-mm\/#breadcrumb","itemListElement":[{"@type":"ListItem","position":1,"name":"Home","item":"https:\/\/www.promo24.info\/fr\/"},{"@type":"ListItem","position":2,"name":"Articles Promotionnels","item":"https:\/\/www.promo24.info\/fr\/produits\/"},{"@type":"ListItem","position":3,"name":"Tapis de souris","item":"https:\/\/www.promo24.info\/fr\/werbeartikel-kategorien\/tapis-de-souris\/"},{"@type":"ListItem","position":4,"name":"En microfibre","item":"https:\/\/www.promo24.info\/fr\/werbeartikel-kategorien\/tapis-de-souris\/en-microfibre-mousepads\/"},{"@type":"ListItem","position":5,"name":"TEXTIL-pad forme special xx x xx cm 2,5 mm"}]},{"@type":"WebSite","@id":"https:\/\/www.promo24.info\/fr\/#website","url":"https:\/\/www.promo24.info\/fr\/","name":"Articles promotionnels de promo24","description":"","potentialAction":[{"@type":"SearchAction","target":{"@type":"EntryPoint","urlTemplate":"https:\/\/www.promo24.info\/fr\/?s={search_term_string}"},"query-input":{"@type":"PropertyValueSpecification","valueRequired":true,"valueName":"search_term_string"}}],"inLanguage":"fr-FR"}]}},"tiered_pricing_type":"fixed","tiered_pricing_fixed_rules":[],"tiered_pricing_percentage_rules":[],"tiered_pricing_minimum":1,"tiered_pricing_roles_data":{"b2b":{"product_id":30310,"role":"b2b","pricing_type":"flat","regular_price":null,"sale_price":null,"discount":null,"discount_type":"sale_price","tiered_pricing_type":"fixed","percentage_rules":[],"fixed_rules":[],"minimum":null}},"_links":{"self":[{"href":"https:\/\/www.promo24.info\/fr\/wp-json\/wp\/v2\/product\/30310","targetHints":{"allow":["GET"]}}],"collection":[{"href":"https:\/\/www.promo24.info\/fr\/wp-json\/wp\/v2\/product"}],"about":[{"href":"https:\/\/www.promo24.info\/fr\/wp-json\/wp\/v2\/types\/product"}],"wp:featuredmedia":[{"embeddable":true,"href":"https:\/\/www.promo24.info\/fr\/wp-json\/wp\/v2\/media\/23670"}],"wp:attachment":[{"href":"https:\/\/www.promo24.info\/fr\/wp-json\/wp\/v2\/media?parent=30310"}],"wp:term":[{"taxonomy":"product_brand","embeddable":true,"href":"https:\/\/www.promo24.info\/fr\/wp-json\/wp\/v2\/product_brand?post=30310"},{"taxonomy":"product_cat","embeddable":true,"href":"https:\/\/www.promo24.info\/fr\/wp-json\/wp\/v2\/product_cat?post=30310"},{"taxonomy":"product_tag","embeddable":true,"href":"https:\/\/www.promo24.info\/fr\/wp-json\/wp\/v2\/product_tag?post=30310"}],"curies":[{"name":"wp","href":"https:\/\/api.w.org\/{rel}","templated":true}]}}