{"id":30328,"date":"2023-07-18T15:35:12","date_gmt":"2023-07-18T15:35:12","guid":{"rendered":"https:\/\/www.promo24.info\/products\/non%20class\u00e9\/rpet-mikrofasertuch-250-g-fotodruck-format-297-x-198-cm-zickzack-schnitt-fr\/"},"modified":"2026-02-13T11:19:51","modified_gmt":"2026-02-13T11:19:51","slug":"rpet-lingette-microfibre-250-g-impression-photo-format-297-x-198-cm-dcoupe-zigzag","status":"publish","type":"product","link":"https:\/\/www.promo24.info\/fr\/articles-promotionnels\/lingettes-microfibre\/rpet-lingette-microfibre-250-g-impression-photo-format-297-x-198-cm-dcoupe-zigzag\/","title":{"rendered":"RPET Lingette microfibre 250 g Impression photo Format 29,7 x 19,8 cm d\u00e9coupe zigzag"},"content":{"rendered":"<p>RPET Chiffon de nettoyage en microfibres pour lunettes, t\u00e9l\u00e9phone portable, ordinateur portable, iPad ou \u00e9crans de t\u00e9l\u00e9vision.<br \/>\nNettoyage facile, \u00e9cologique sans utilisation suppl\u00e9mentaire de d\u00e9tergents.<br \/>\nUne aide utile avec un grand espace publicitaire.<br \/>\nId\u00e9al pour les envois par courrier  ou \u00e0 emporter.<br \/>\nTol\u00e9rance de calage d&rsquo;impression de +\/-  2 mm<\/p>\n","protected":false},"excerpt":{"rendered":"<p>RPET Chiffon de nettoyage en microfibres pour lunettes, t\u00e9l\u00e9phone portable, ordinateur portable, iPad ou \u00e9crans de t\u00e9l\u00e9vision. Nettoyage facile, \u00e9cologique sans utilisation suppl\u00e9mentaire de d\u00e9tergents. Une aide utile avec un grand espace publicitaire. Id\u00e9al pour les envois par courrier ou \u00e0 emporter. Tol\u00e9rance de calage d&rsquo;impression de +\/- 2 mm<\/p>\n","protected":false},"featured_media":36535,"template":"","meta":{"_acf_changed":false},"product_brand":[],"product_cat":[1834,1373],"product_tag":[],"class_list":{"0":"post-30328","1":"product","2":"type-product","3":"status-publish","4":"has-post-thumbnail","6":"product_cat-chiffons-microfibres-rpet-nachhaltige-produkte","7":"product_cat-lingettes-microfibre","9":"first","10":"instock","11":"taxable","12":"shipping-taxable","13":"purchasable","14":"product-type-simple"},"acf":[],"yoast_head":"<!-- This site is optimized with the Yoast SEO Premium plugin v22.3 (Yoast SEO v25.6) - https:\/\/yoast.com\/wordpress\/plugins\/seo\/ -->\n<title>Articles promotionnels de promo24 - RPET Lingette microfibre 250 g Impression photo Format 29,7 x 19,8 cm d\u00e9coupe zigzag<\/title>\n<meta name=\"description\" content=\"RPET Chiffon de nettoyage en microfibres pour lunettes, t\u00e9l\u00e9phone portable, ordinateur portable, iPad ou \u00e9crans de t\u00e9l\u00e9vision. Nettoyage facile,\" \/>\n<meta name=\"robots\" content=\"index, follow, max-snippet:-1, max-image-preview:large, max-video-preview:-1\" \/>\n<link rel=\"canonical\" href=\"https:\/\/www.promo24.info\/fr\/articles-promotionnels\/lingettes-microfibre\/rpet-lingette-microfibre-250-g-impression-photo-format-297-x-198-cm-dcoupe-zigzag\/\" \/>\n<meta property=\"og:locale\" content=\"fr_FR\" \/>\n<meta property=\"og:type\" content=\"article\" \/>\n<meta property=\"og:title\" content=\"Articles promotionnels de promo24 - RPET Lingette microfibre 250 g Impression photo Format 29,7 x 19,8 cm d\u00e9coupe zigzag\" \/>\n<meta property=\"og:description\" content=\"RPET Chiffon de nettoyage en microfibres pour lunettes, t\u00e9l\u00e9phone portable, ordinateur portable, iPad ou \u00e9crans de t\u00e9l\u00e9vision. Nettoyage facile,\" \/>\n<meta property=\"og:url\" content=\"https:\/\/www.promo24.info\/fr\/articles-promotionnels\/lingettes-microfibre\/rpet-lingette-microfibre-250-g-impression-photo-format-297-x-198-cm-dcoupe-zigzag\/\" \/>\n<meta property=\"og:site_name\" content=\"Articles promotionnels de promo24\" \/>\n<meta property=\"article:modified_time\" content=\"2026-02-13T11:19:51+00:00\" \/>\n<meta property=\"og:image\" content=\"https:\/\/www.promo24.info\/wp-content\/uploads\/F007230-1.jpg\" \/>\n\t<meta property=\"og:image:width\" content=\"1772\" \/>\n\t<meta property=\"og:image:height\" content=\"1261\" \/>\n\t<meta property=\"og:image:type\" content=\"image\/jpeg\" \/>\n<script type=\"application\/ld+json\" class=\"yoast-schema-graph\">{\"@context\":\"https:\/\/schema.org\",\"@graph\":[{\"@type\":\"WebPage\",\"@id\":\"https:\/\/www.promo24.info\/fr\/articles-promotionnels\/lingettes-microfibre\/rpet-lingette-microfibre-250-g-impression-photo-format-297-x-198-cm-dcoupe-zigzag\/\",\"url\":\"https:\/\/www.promo24.info\/fr\/articles-promotionnels\/lingettes-microfibre\/rpet-lingette-microfibre-250-g-impression-photo-format-297-x-198-cm-dcoupe-zigzag\/\",\"name\":\"Articles promotionnels de promo24 - RPET Lingette microfibre 250 g Impression photo Format 29,7 x 19,8 cm d\u00e9coupe zigzag\",\"isPartOf\":{\"@id\":\"https:\/\/www.promo24.info\/fr\/#website\"},\"primaryImageOfPage\":{\"@id\":\"https:\/\/www.promo24.info\/fr\/articles-promotionnels\/lingettes-microfibre\/rpet-lingette-microfibre-250-g-impression-photo-format-297-x-198-cm-dcoupe-zigzag\/#primaryimage\"},\"image\":{\"@id\":\"https:\/\/www.promo24.info\/fr\/articles-promotionnels\/lingettes-microfibre\/rpet-lingette-microfibre-250-g-impression-photo-format-297-x-198-cm-dcoupe-zigzag\/#primaryimage\"},\"thumbnailUrl\":\"https:\/\/www.promo24.info\/wp-content\/uploads\/F007230-1.jpg\",\"datePublished\":\"2023-07-18T15:35:12+00:00\",\"dateModified\":\"2026-02-13T11:19:51+00:00\",\"description\":\"RPET Chiffon de nettoyage en microfibres pour lunettes, t\u00e9l\u00e9phone portable, ordinateur portable, iPad ou \u00e9crans de t\u00e9l\u00e9vision. Nettoyage facile,\",\"breadcrumb\":{\"@id\":\"https:\/\/www.promo24.info\/fr\/articles-promotionnels\/lingettes-microfibre\/rpet-lingette-microfibre-250-g-impression-photo-format-297-x-198-cm-dcoupe-zigzag\/#breadcrumb\"},\"inLanguage\":\"fr-FR\",\"potentialAction\":[{\"@type\":\"ReadAction\",\"target\":[\"https:\/\/www.promo24.info\/fr\/articles-promotionnels\/lingettes-microfibre\/rpet-lingette-microfibre-250-g-impression-photo-format-297-x-198-cm-dcoupe-zigzag\/\"]}]},{\"@type\":\"ImageObject\",\"inLanguage\":\"fr-FR\",\"@id\":\"https:\/\/www.promo24.info\/fr\/articles-promotionnels\/lingettes-microfibre\/rpet-lingette-microfibre-250-g-impression-photo-format-297-x-198-cm-dcoupe-zigzag\/#primaryimage\",\"url\":\"https:\/\/www.promo24.info\/wp-content\/uploads\/F007230-1.jpg\",\"contentUrl\":\"https:\/\/www.promo24.info\/wp-content\/uploads\/F007230-1.jpg\",\"width\":1772,\"height\":1261},{\"@type\":\"BreadcrumbList\",\"@id\":\"https:\/\/www.promo24.info\/fr\/articles-promotionnels\/lingettes-microfibre\/rpet-lingette-microfibre-250-g-impression-photo-format-297-x-198-cm-dcoupe-zigzag\/#breadcrumb\",\"itemListElement\":[{\"@type\":\"ListItem\",\"position\":1,\"name\":\"Home\",\"item\":\"https:\/\/www.promo24.info\/fr\/\"},{\"@type\":\"ListItem\",\"position\":2,\"name\":\"Articles Promotionnels\",\"item\":\"https:\/\/www.promo24.info\/fr\/produits\/\"},{\"@type\":\"ListItem\",\"position\":3,\"name\":\"Chiffons microfibres RPET\",\"item\":\"https:\/\/www.promo24.info\/fr\/werbeartikel-kategorien\/chiffons-microfibres-rpet-nachhaltige-produkte\/\"},{\"@type\":\"ListItem\",\"position\":4,\"name\":\"RPET Lingette microfibre 250 g Impression photo Format 29,7 x 19,8 cm d\u00e9coupe zigzag\"}]},{\"@type\":\"WebSite\",\"@id\":\"https:\/\/www.promo24.info\/fr\/#website\",\"url\":\"https:\/\/www.promo24.info\/fr\/\",\"name\":\"Articles promotionnels de promo24\",\"description\":\"\",\"potentialAction\":[{\"@type\":\"SearchAction\",\"target\":{\"@type\":\"EntryPoint\",\"urlTemplate\":\"https:\/\/www.promo24.info\/fr\/?s={search_term_string}\"},\"query-input\":{\"@type\":\"PropertyValueSpecification\",\"valueRequired\":true,\"valueName\":\"search_term_string\"}}],\"inLanguage\":\"fr-FR\"}]}<\/script>\n<!-- \/ Yoast SEO Premium plugin. -->","yoast_head_json":{"title":"Articles promotionnels de promo24 - RPET Lingette microfibre 250 g Impression photo Format 29,7 x 19,8 cm d\u00e9coupe zigzag","description":"RPET Chiffon de nettoyage en microfibres pour lunettes, t\u00e9l\u00e9phone portable, ordinateur portable, iPad ou \u00e9crans de t\u00e9l\u00e9vision. Nettoyage facile,","robots":{"index":"index","follow":"follow","max-snippet":"max-snippet:-1","max-image-preview":"max-image-preview:large","max-video-preview":"max-video-preview:-1"},"canonical":"https:\/\/www.promo24.info\/fr\/articles-promotionnels\/lingettes-microfibre\/rpet-lingette-microfibre-250-g-impression-photo-format-297-x-198-cm-dcoupe-zigzag\/","og_locale":"fr_FR","og_type":"article","og_title":"Articles promotionnels de promo24 - RPET Lingette microfibre 250 g Impression photo Format 29,7 x 19,8 cm d\u00e9coupe zigzag","og_description":"RPET Chiffon de nettoyage en microfibres pour lunettes, t\u00e9l\u00e9phone portable, ordinateur portable, iPad ou \u00e9crans de t\u00e9l\u00e9vision. Nettoyage facile,","og_url":"https:\/\/www.promo24.info\/fr\/articles-promotionnels\/lingettes-microfibre\/rpet-lingette-microfibre-250-g-impression-photo-format-297-x-198-cm-dcoupe-zigzag\/","og_site_name":"Articles promotionnels de promo24","article_modified_time":"2026-02-13T11:19:51+00:00","og_image":[{"width":1772,"height":1261,"url":"https:\/\/www.promo24.info\/wp-content\/uploads\/F007230-1.jpg","type":"image\/jpeg"}],"schema":{"@context":"https:\/\/schema.org","@graph":[{"@type":"WebPage","@id":"https:\/\/www.promo24.info\/fr\/articles-promotionnels\/lingettes-microfibre\/rpet-lingette-microfibre-250-g-impression-photo-format-297-x-198-cm-dcoupe-zigzag\/","url":"https:\/\/www.promo24.info\/fr\/articles-promotionnels\/lingettes-microfibre\/rpet-lingette-microfibre-250-g-impression-photo-format-297-x-198-cm-dcoupe-zigzag\/","name":"Articles promotionnels de promo24 - RPET Lingette microfibre 250 g Impression photo Format 29,7 x 19,8 cm d\u00e9coupe zigzag","isPartOf":{"@id":"https:\/\/www.promo24.info\/fr\/#website"},"primaryImageOfPage":{"@id":"https:\/\/www.promo24.info\/fr\/articles-promotionnels\/lingettes-microfibre\/rpet-lingette-microfibre-250-g-impression-photo-format-297-x-198-cm-dcoupe-zigzag\/#primaryimage"},"image":{"@id":"https:\/\/www.promo24.info\/fr\/articles-promotionnels\/lingettes-microfibre\/rpet-lingette-microfibre-250-g-impression-photo-format-297-x-198-cm-dcoupe-zigzag\/#primaryimage"},"thumbnailUrl":"https:\/\/www.promo24.info\/wp-content\/uploads\/F007230-1.jpg","datePublished":"2023-07-18T15:35:12+00:00","dateModified":"2026-02-13T11:19:51+00:00","description":"RPET Chiffon de nettoyage en microfibres pour lunettes, t\u00e9l\u00e9phone portable, ordinateur portable, iPad ou \u00e9crans de t\u00e9l\u00e9vision. Nettoyage facile,","breadcrumb":{"@id":"https:\/\/www.promo24.info\/fr\/articles-promotionnels\/lingettes-microfibre\/rpet-lingette-microfibre-250-g-impression-photo-format-297-x-198-cm-dcoupe-zigzag\/#breadcrumb"},"inLanguage":"fr-FR","potentialAction":[{"@type":"ReadAction","target":["https:\/\/www.promo24.info\/fr\/articles-promotionnels\/lingettes-microfibre\/rpet-lingette-microfibre-250-g-impression-photo-format-297-x-198-cm-dcoupe-zigzag\/"]}]},{"@type":"ImageObject","inLanguage":"fr-FR","@id":"https:\/\/www.promo24.info\/fr\/articles-promotionnels\/lingettes-microfibre\/rpet-lingette-microfibre-250-g-impression-photo-format-297-x-198-cm-dcoupe-zigzag\/#primaryimage","url":"https:\/\/www.promo24.info\/wp-content\/uploads\/F007230-1.jpg","contentUrl":"https:\/\/www.promo24.info\/wp-content\/uploads\/F007230-1.jpg","width":1772,"height":1261},{"@type":"BreadcrumbList","@id":"https:\/\/www.promo24.info\/fr\/articles-promotionnels\/lingettes-microfibre\/rpet-lingette-microfibre-250-g-impression-photo-format-297-x-198-cm-dcoupe-zigzag\/#breadcrumb","itemListElement":[{"@type":"ListItem","position":1,"name":"Home","item":"https:\/\/www.promo24.info\/fr\/"},{"@type":"ListItem","position":2,"name":"Articles Promotionnels","item":"https:\/\/www.promo24.info\/fr\/produits\/"},{"@type":"ListItem","position":3,"name":"Chiffons microfibres RPET","item":"https:\/\/www.promo24.info\/fr\/werbeartikel-kategorien\/chiffons-microfibres-rpet-nachhaltige-produkte\/"},{"@type":"ListItem","position":4,"name":"RPET Lingette microfibre 250 g Impression photo Format 29,7 x 19,8 cm d\u00e9coupe zigzag"}]},{"@type":"WebSite","@id":"https:\/\/www.promo24.info\/fr\/#website","url":"https:\/\/www.promo24.info\/fr\/","name":"Articles promotionnels de promo24","description":"","potentialAction":[{"@type":"SearchAction","target":{"@type":"EntryPoint","urlTemplate":"https:\/\/www.promo24.info\/fr\/?s={search_term_string}"},"query-input":{"@type":"PropertyValueSpecification","valueRequired":true,"valueName":"search_term_string"}}],"inLanguage":"fr-FR"}]}},"tiered_pricing_type":"fixed","tiered_pricing_fixed_rules":{"50":"9.00","100":"6.35","250":"4.80","500":"4.20"},"tiered_pricing_percentage_rules":[],"tiered_pricing_minimum":1,"tiered_pricing_roles_data":{"b2b":{"product_id":30328,"role":"b2b","pricing_type":"flat","regular_price":null,"sale_price":null,"discount":null,"discount_type":"sale_price","tiered_pricing_type":"fixed","percentage_rules":[],"fixed_rules":{"50":"4.50","100":"3.16","250":"2.38","500":"2.08"},"minimum":null}},"_links":{"self":[{"href":"https:\/\/www.promo24.info\/fr\/wp-json\/wp\/v2\/product\/30328","targetHints":{"allow":["GET"]}}],"collection":[{"href":"https:\/\/www.promo24.info\/fr\/wp-json\/wp\/v2\/product"}],"about":[{"href":"https:\/\/www.promo24.info\/fr\/wp-json\/wp\/v2\/types\/product"}],"wp:featuredmedia":[{"embeddable":true,"href":"https:\/\/www.promo24.info\/fr\/wp-json\/wp\/v2\/media\/36535"}],"wp:attachment":[{"href":"https:\/\/www.promo24.info\/fr\/wp-json\/wp\/v2\/media?parent=30328"}],"wp:term":[{"taxonomy":"product_brand","embeddable":true,"href":"https:\/\/www.promo24.info\/fr\/wp-json\/wp\/v2\/product_brand?post=30328"},{"taxonomy":"product_cat","embeddable":true,"href":"https:\/\/www.promo24.info\/fr\/wp-json\/wp\/v2\/product_cat?post=30328"},{"taxonomy":"product_tag","embeddable":true,"href":"https:\/\/www.promo24.info\/fr\/wp-json\/wp\/v2\/product_tag?post=30328"}],"curies":[{"name":"wp","href":"https:\/\/api.w.org\/{rel}","templated":true}]}}