{"id":31562,"date":"2023-09-07T11:51:16","date_gmt":"2023-09-07T11:51:16","guid":{"rendered":"https:\/\/www.promo24.info\/products\/non%20class\u00e9\/ergo-pad-memoryschaum-quadro-opti-top-hb-blau-fr\/"},"modified":"2026-02-13T10:37:14","modified_gmt":"2026-02-13T10:37:14","slug":"ergo-pad-quadro-opti-top-mousse-bleue","status":"publish","type":"product","link":"https:\/\/www.promo24.info\/fr\/articles-promotionnels\/tapis-de-souris\/avec-repose-poignet-mousepads\/ergo-pad-quadro-opti-top-mousse-bleue\/","title":{"rendered":"ERGO-pad Quadro OPTI-top mousse bleue"},"content":{"rendered":"<p>Tapis de souris QUADRO-pad avec repose-poignet en mousse \u00e0 m\u00e9moire. Impression offset UV. Format 240 x 200 mm. Dessus plastique OPTI-top \u00e9pais de 0,4 mm environ.<br \/>\nMousse SLIDE-stop  parfaitement antid\u00e9rapante \u00e9paisse d&rsquo;environ 1.2 mm, \u00e9paisseur totale env. 1,6 mm. <\/p>\n","protected":false},"excerpt":{"rendered":"<p>Tapis de souris QUADRO-pad avec repose-poignet en mousse \u00e0 m\u00e9moire. Impression offset UV. Format 240 x 200 mm. Dessus plastique OPTI-top \u00e9pais de 0,4 mm environ. Mousse SLIDE-stop parfaitement antid\u00e9rapante \u00e9paisse d&rsquo;environ 1.2 mm, \u00e9paisseur totale env. 1,6 mm.<\/p>\n","protected":false},"featured_media":22086,"template":"","meta":{"_acf_changed":false},"product_brand":[],"product_cat":[1388,1339,1380,1382],"product_tag":[],"class_list":{"0":"post-31562","1":"product","2":"type-product","3":"status-publish","4":"has-post-thumbnail","6":"product_cat-avec-insert-mousepads","7":"product_cat-repose-poignets","8":"product_cat-avec-repose-poignet-mousepads","9":"product_cat-pour-souris-optique-mousepads","10":"pa_farbe-f0190-fr","11":"pa_farbe-blau-gedeckt-fr","13":"first","14":"instock","15":"taxable","16":"shipping-taxable","17":"purchasable","18":"product-type-variable"},"acf":[],"yoast_head":"<!-- This site is optimized with the Yoast SEO Premium plugin v22.3 (Yoast SEO v25.6) - https:\/\/yoast.com\/wordpress\/plugins\/seo\/ -->\n<title>Articles promotionnels de promo24 - ERGO-pad Quadro OPTI-top mousse bleue<\/title>\n<meta name=\"description\" content=\"Tapis de souris QUADRO-pad avec repose-poignet en mousse \u00e0 m\u00e9moire. Impression offset UV. Format 240 x 200 mm. Dessus plastique OPTI-top \u00e9pais de 0,4 mm\" \/>\n<meta name=\"robots\" content=\"index, follow, max-snippet:-1, max-image-preview:large, max-video-preview:-1\" \/>\n<link rel=\"canonical\" href=\"https:\/\/www.promo24.info\/fr\/articles-promotionnels\/tapis-de-souris\/avec-repose-poignet-mousepads\/ergo-pad-quadro-opti-top-mousse-bleue\/\" \/>\n<meta property=\"og:locale\" content=\"fr_FR\" \/>\n<meta property=\"og:type\" content=\"article\" \/>\n<meta property=\"og:title\" content=\"Articles promotionnels de promo24 - ERGO-pad Quadro OPTI-top mousse bleue\" \/>\n<meta property=\"og:description\" content=\"Tapis de souris QUADRO-pad avec repose-poignet en mousse \u00e0 m\u00e9moire. Impression offset UV. Format 240 x 200 mm. Dessus plastique OPTI-top \u00e9pais de 0,4 mm\" \/>\n<meta property=\"og:url\" content=\"https:\/\/www.promo24.info\/fr\/articles-promotionnels\/tapis-de-souris\/avec-repose-poignet-mousepads\/ergo-pad-quadro-opti-top-mousse-bleue\/\" \/>\n<meta property=\"og:site_name\" content=\"Articles promotionnels de promo24\" \/>\n<meta property=\"article:modified_time\" content=\"2026-02-13T10:37:14+00:00\" \/>\n<meta property=\"og:image\" content=\"https:\/\/www.promo24.info\/wp-content\/uploads\/F005770.jpg\" \/>\n\t<meta property=\"og:image:width\" content=\"1200\" \/>\n\t<meta property=\"og:image:height\" content=\"1200\" \/>\n\t<meta property=\"og:image:type\" content=\"image\/jpeg\" \/>\n<script type=\"application\/ld+json\" class=\"yoast-schema-graph\">{\"@context\":\"https:\/\/schema.org\",\"@graph\":[{\"@type\":\"WebPage\",\"@id\":\"https:\/\/www.promo24.info\/fr\/articles-promotionnels\/tapis-de-souris\/avec-repose-poignet-mousepads\/ergo-pad-quadro-opti-top-mousse-bleue\/\",\"url\":\"https:\/\/www.promo24.info\/fr\/articles-promotionnels\/tapis-de-souris\/avec-repose-poignet-mousepads\/ergo-pad-quadro-opti-top-mousse-bleue\/\",\"name\":\"Articles promotionnels de promo24 - ERGO-pad Quadro OPTI-top mousse bleue\",\"isPartOf\":{\"@id\":\"https:\/\/www.promo24.info\/fr\/#website\"},\"primaryImageOfPage\":{\"@id\":\"https:\/\/www.promo24.info\/fr\/articles-promotionnels\/tapis-de-souris\/avec-repose-poignet-mousepads\/ergo-pad-quadro-opti-top-mousse-bleue\/#primaryimage\"},\"image\":{\"@id\":\"https:\/\/www.promo24.info\/fr\/articles-promotionnels\/tapis-de-souris\/avec-repose-poignet-mousepads\/ergo-pad-quadro-opti-top-mousse-bleue\/#primaryimage\"},\"thumbnailUrl\":\"https:\/\/www.promo24.info\/wp-content\/uploads\/F005770.jpg\",\"datePublished\":\"2023-09-07T11:51:16+00:00\",\"dateModified\":\"2026-02-13T10:37:14+00:00\",\"description\":\"Tapis de souris QUADRO-pad avec repose-poignet en mousse \u00e0 m\u00e9moire. Impression offset UV. Format 240 x 200 mm. Dessus plastique OPTI-top \u00e9pais de 0,4 mm\",\"breadcrumb\":{\"@id\":\"https:\/\/www.promo24.info\/fr\/articles-promotionnels\/tapis-de-souris\/avec-repose-poignet-mousepads\/ergo-pad-quadro-opti-top-mousse-bleue\/#breadcrumb\"},\"inLanguage\":\"fr-FR\",\"potentialAction\":[{\"@type\":\"ReadAction\",\"target\":[\"https:\/\/www.promo24.info\/fr\/articles-promotionnels\/tapis-de-souris\/avec-repose-poignet-mousepads\/ergo-pad-quadro-opti-top-mousse-bleue\/\"]}]},{\"@type\":\"ImageObject\",\"inLanguage\":\"fr-FR\",\"@id\":\"https:\/\/www.promo24.info\/fr\/articles-promotionnels\/tapis-de-souris\/avec-repose-poignet-mousepads\/ergo-pad-quadro-opti-top-mousse-bleue\/#primaryimage\",\"url\":\"https:\/\/www.promo24.info\/wp-content\/uploads\/F005770.jpg\",\"contentUrl\":\"https:\/\/www.promo24.info\/wp-content\/uploads\/F005770.jpg\",\"width\":1200,\"height\":1200},{\"@type\":\"BreadcrumbList\",\"@id\":\"https:\/\/www.promo24.info\/fr\/articles-promotionnels\/tapis-de-souris\/avec-repose-poignet-mousepads\/ergo-pad-quadro-opti-top-mousse-bleue\/#breadcrumb\",\"itemListElement\":[{\"@type\":\"ListItem\",\"position\":1,\"name\":\"Home\",\"item\":\"https:\/\/www.promo24.info\/fr\/\"},{\"@type\":\"ListItem\",\"position\":2,\"name\":\"Articles Promotionnels\",\"item\":\"https:\/\/www.promo24.info\/fr\/produits\/\"},{\"@type\":\"ListItem\",\"position\":3,\"name\":\"Tapis de souris\",\"item\":\"https:\/\/www.promo24.info\/fr\/werbeartikel-kategorien\/tapis-de-souris\/\"},{\"@type\":\"ListItem\",\"position\":4,\"name\":\"Avec Insert\",\"item\":\"https:\/\/www.promo24.info\/fr\/werbeartikel-kategorien\/tapis-de-souris\/avec-insert-mousepads\/\"},{\"@type\":\"ListItem\",\"position\":5,\"name\":\"ERGO-pad Quadro OPTI-top mousse bleue\"}]},{\"@type\":\"WebSite\",\"@id\":\"https:\/\/www.promo24.info\/fr\/#website\",\"url\":\"https:\/\/www.promo24.info\/fr\/\",\"name\":\"Articles promotionnels de promo24\",\"description\":\"\",\"potentialAction\":[{\"@type\":\"SearchAction\",\"target\":{\"@type\":\"EntryPoint\",\"urlTemplate\":\"https:\/\/www.promo24.info\/fr\/?s={search_term_string}\"},\"query-input\":{\"@type\":\"PropertyValueSpecification\",\"valueRequired\":true,\"valueName\":\"search_term_string\"}}],\"inLanguage\":\"fr-FR\"}]}<\/script>\n<!-- \/ Yoast SEO Premium plugin. -->","yoast_head_json":{"title":"Articles promotionnels de promo24 - ERGO-pad Quadro OPTI-top mousse bleue","description":"Tapis de souris QUADRO-pad avec repose-poignet en mousse \u00e0 m\u00e9moire. Impression offset UV. Format 240 x 200 mm. Dessus plastique OPTI-top \u00e9pais de 0,4 mm","robots":{"index":"index","follow":"follow","max-snippet":"max-snippet:-1","max-image-preview":"max-image-preview:large","max-video-preview":"max-video-preview:-1"},"canonical":"https:\/\/www.promo24.info\/fr\/articles-promotionnels\/tapis-de-souris\/avec-repose-poignet-mousepads\/ergo-pad-quadro-opti-top-mousse-bleue\/","og_locale":"fr_FR","og_type":"article","og_title":"Articles promotionnels de promo24 - ERGO-pad Quadro OPTI-top mousse bleue","og_description":"Tapis de souris QUADRO-pad avec repose-poignet en mousse \u00e0 m\u00e9moire. Impression offset UV. Format 240 x 200 mm. Dessus plastique OPTI-top \u00e9pais de 0,4 mm","og_url":"https:\/\/www.promo24.info\/fr\/articles-promotionnels\/tapis-de-souris\/avec-repose-poignet-mousepads\/ergo-pad-quadro-opti-top-mousse-bleue\/","og_site_name":"Articles promotionnels de promo24","article_modified_time":"2026-02-13T10:37:14+00:00","og_image":[{"width":1200,"height":1200,"url":"https:\/\/www.promo24.info\/wp-content\/uploads\/F005770.jpg","type":"image\/jpeg"}],"schema":{"@context":"https:\/\/schema.org","@graph":[{"@type":"WebPage","@id":"https:\/\/www.promo24.info\/fr\/articles-promotionnels\/tapis-de-souris\/avec-repose-poignet-mousepads\/ergo-pad-quadro-opti-top-mousse-bleue\/","url":"https:\/\/www.promo24.info\/fr\/articles-promotionnels\/tapis-de-souris\/avec-repose-poignet-mousepads\/ergo-pad-quadro-opti-top-mousse-bleue\/","name":"Articles promotionnels de promo24 - ERGO-pad Quadro OPTI-top mousse bleue","isPartOf":{"@id":"https:\/\/www.promo24.info\/fr\/#website"},"primaryImageOfPage":{"@id":"https:\/\/www.promo24.info\/fr\/articles-promotionnels\/tapis-de-souris\/avec-repose-poignet-mousepads\/ergo-pad-quadro-opti-top-mousse-bleue\/#primaryimage"},"image":{"@id":"https:\/\/www.promo24.info\/fr\/articles-promotionnels\/tapis-de-souris\/avec-repose-poignet-mousepads\/ergo-pad-quadro-opti-top-mousse-bleue\/#primaryimage"},"thumbnailUrl":"https:\/\/www.promo24.info\/wp-content\/uploads\/F005770.jpg","datePublished":"2023-09-07T11:51:16+00:00","dateModified":"2026-02-13T10:37:14+00:00","description":"Tapis de souris QUADRO-pad avec repose-poignet en mousse \u00e0 m\u00e9moire. Impression offset UV. Format 240 x 200 mm. Dessus plastique OPTI-top \u00e9pais de 0,4 mm","breadcrumb":{"@id":"https:\/\/www.promo24.info\/fr\/articles-promotionnels\/tapis-de-souris\/avec-repose-poignet-mousepads\/ergo-pad-quadro-opti-top-mousse-bleue\/#breadcrumb"},"inLanguage":"fr-FR","potentialAction":[{"@type":"ReadAction","target":["https:\/\/www.promo24.info\/fr\/articles-promotionnels\/tapis-de-souris\/avec-repose-poignet-mousepads\/ergo-pad-quadro-opti-top-mousse-bleue\/"]}]},{"@type":"ImageObject","inLanguage":"fr-FR","@id":"https:\/\/www.promo24.info\/fr\/articles-promotionnels\/tapis-de-souris\/avec-repose-poignet-mousepads\/ergo-pad-quadro-opti-top-mousse-bleue\/#primaryimage","url":"https:\/\/www.promo24.info\/wp-content\/uploads\/F005770.jpg","contentUrl":"https:\/\/www.promo24.info\/wp-content\/uploads\/F005770.jpg","width":1200,"height":1200},{"@type":"BreadcrumbList","@id":"https:\/\/www.promo24.info\/fr\/articles-promotionnels\/tapis-de-souris\/avec-repose-poignet-mousepads\/ergo-pad-quadro-opti-top-mousse-bleue\/#breadcrumb","itemListElement":[{"@type":"ListItem","position":1,"name":"Home","item":"https:\/\/www.promo24.info\/fr\/"},{"@type":"ListItem","position":2,"name":"Articles Promotionnels","item":"https:\/\/www.promo24.info\/fr\/produits\/"},{"@type":"ListItem","position":3,"name":"Tapis de souris","item":"https:\/\/www.promo24.info\/fr\/werbeartikel-kategorien\/tapis-de-souris\/"},{"@type":"ListItem","position":4,"name":"Avec Insert","item":"https:\/\/www.promo24.info\/fr\/werbeartikel-kategorien\/tapis-de-souris\/avec-insert-mousepads\/"},{"@type":"ListItem","position":5,"name":"ERGO-pad Quadro OPTI-top mousse bleue"}]},{"@type":"WebSite","@id":"https:\/\/www.promo24.info\/fr\/#website","url":"https:\/\/www.promo24.info\/fr\/","name":"Articles promotionnels de promo24","description":"","potentialAction":[{"@type":"SearchAction","target":{"@type":"EntryPoint","urlTemplate":"https:\/\/www.promo24.info\/fr\/?s={search_term_string}"},"query-input":{"@type":"PropertyValueSpecification","valueRequired":true,"valueName":"search_term_string"}}],"inLanguage":"fr-FR"}]}},"tiered_pricing_type":"fixed","tiered_pricing_fixed_rules":{"100":"19.65","250":"12.65","500":"10.45","750":"9.50"},"tiered_pricing_percentage_rules":[],"tiered_pricing_minimum":1,"tiered_pricing_roles_data":{"b2b":{"product_id":31562,"role":"b2b","pricing_type":"flat","regular_price":null,"sale_price":null,"discount":null,"discount_type":"sale_price","tiered_pricing_type":"fixed","percentage_rules":[],"fixed_rules":{"100":"9.81","250":"6.31","500":"5.21","750":"4.74"},"minimum":null}},"_links":{"self":[{"href":"https:\/\/www.promo24.info\/fr\/wp-json\/wp\/v2\/product\/31562","targetHints":{"allow":["GET"]}}],"collection":[{"href":"https:\/\/www.promo24.info\/fr\/wp-json\/wp\/v2\/product"}],"about":[{"href":"https:\/\/www.promo24.info\/fr\/wp-json\/wp\/v2\/types\/product"}],"wp:featuredmedia":[{"embeddable":true,"href":"https:\/\/www.promo24.info\/fr\/wp-json\/wp\/v2\/media\/22086"}],"wp:attachment":[{"href":"https:\/\/www.promo24.info\/fr\/wp-json\/wp\/v2\/media?parent=31562"}],"wp:term":[{"taxonomy":"product_brand","embeddable":true,"href":"https:\/\/www.promo24.info\/fr\/wp-json\/wp\/v2\/product_brand?post=31562"},{"taxonomy":"product_cat","embeddable":true,"href":"https:\/\/www.promo24.info\/fr\/wp-json\/wp\/v2\/product_cat?post=31562"},{"taxonomy":"product_tag","embeddable":true,"href":"https:\/\/www.promo24.info\/fr\/wp-json\/wp\/v2\/product_tag?post=31562"}],"curies":[{"name":"wp","href":"https:\/\/api.w.org\/{rel}","templated":true}]}}