{"id":32555,"date":"2023-09-07T12:10:26","date_gmt":"2023-09-07T12:10:26","guid":{"rendered":"https:\/\/www.promo24.info\/products\/non%20class\u00e9\/tpu-soft-cover-sieb-oder-fotodruck-ruckseite-iphone-13-pro-max-fr\/"},"modified":"2026-02-13T11:08:39","modified_gmt":"2026-02-13T11:08:39","slug":"tpu-soft-cover-impression-photo-ou-srigraphie-au-dos-iphone-13-pro-max","status":"publish","type":"product","link":"https:\/\/www.promo24.info\/fr\/articles-promotionnels\/coques-smartphones\/soft-cover-handy-cover\/tpu-soft-cover-impression-photo-ou-srigraphie-au-dos-iphone-13-pro-max\/","title":{"rendered":"TPU Soft-Cover, Impression photo ou s\u00e9rigraphie au dos IPHONE 13 Pro Max"},"content":{"rendered":"<p>Coque de t\u00e9l\u00e9phone en TPU  polyur\u00e9thane souple et flexible. Glisse parfaitement dans votre poche, s&rsquo;adapte parfaitement \u00e0 votre Smartphone.<br \/>\nEmball\u00e9 individuellement dans un fsc carton cadeau<\/p>\n","protected":false},"excerpt":{"rendered":"<p>Coque de t\u00e9l\u00e9phone en TPU polyur\u00e9thane souple et flexible. Glisse parfaitement dans votre poche, s&rsquo;adapte parfaitement \u00e0 votre Smartphone. Emball\u00e9 individuellement dans un fsc carton cadeau<\/p>\n","protected":false},"featured_media":23566,"template":"","meta":{"_acf_changed":false},"product_brand":[],"product_cat":[1344],"product_tag":[],"class_list":{"0":"post-32555","1":"product","2":"type-product","3":"status-publish","4":"has-post-thumbnail","6":"product_cat-soft-cover-handy-cover","7":"pa_farbe-f0178-fr","8":"pa_farbe-f0179-fr","9":"pa_farbe-f0189-fr","10":"pa_farbe-f0128-fr","11":"pa_farbe-f0160-fr","12":"pa_farbe-f0173-fr","14":"first","15":"instock","16":"taxable","17":"shipping-taxable","18":"purchasable","19":"product-type-variable"},"acf":[],"yoast_head":"<!-- This site is optimized with the Yoast SEO Premium plugin v22.3 (Yoast SEO v25.6) - https:\/\/yoast.com\/wordpress\/plugins\/seo\/ -->\n<title>Articles promotionnels de promo24 - TPU Soft-Cover, Impression photo ou s\u00e9rigraphie au dos IPHONE 13 Pro Max<\/title>\n<meta name=\"description\" content=\"Coque de t\u00e9l\u00e9phone en TPU polyur\u00e9thane souple et flexible. Glisse parfaitement dans votre poche, s&#039;adapte parfaitement \u00e0 votre Smartphone. Emball\u00e9\" \/>\n<meta name=\"robots\" content=\"index, follow, max-snippet:-1, max-image-preview:large, max-video-preview:-1\" \/>\n<link rel=\"canonical\" href=\"https:\/\/www.promo24.info\/fr\/articles-promotionnels\/coques-smartphones\/soft-cover-handy-cover\/tpu-soft-cover-impression-photo-ou-srigraphie-au-dos-iphone-13-pro-max\/\" \/>\n<meta property=\"og:locale\" content=\"fr_FR\" \/>\n<meta property=\"og:type\" content=\"article\" \/>\n<meta property=\"og:title\" content=\"Articles promotionnels de promo24 - TPU Soft-Cover, Impression photo ou s\u00e9rigraphie au dos IPHONE 13 Pro Max\" \/>\n<meta property=\"og:description\" content=\"Coque de t\u00e9l\u00e9phone en TPU polyur\u00e9thane souple et flexible. Glisse parfaitement dans votre poche, s&#039;adapte parfaitement \u00e0 votre Smartphone. Emball\u00e9\" \/>\n<meta property=\"og:url\" content=\"https:\/\/www.promo24.info\/fr\/articles-promotionnels\/coques-smartphones\/soft-cover-handy-cover\/tpu-soft-cover-impression-photo-ou-srigraphie-au-dos-iphone-13-pro-max\/\" \/>\n<meta property=\"og:site_name\" content=\"Articles promotionnels de promo24\" \/>\n<meta property=\"article:modified_time\" content=\"2026-02-13T11:08:39+00:00\" \/>\n<meta property=\"og:image\" content=\"https:\/\/www.promo24.info\/wp-content\/uploads\/F007136.jpg\" \/>\n\t<meta property=\"og:image:width\" content=\"1200\" \/>\n\t<meta property=\"og:image:height\" content=\"1200\" \/>\n\t<meta property=\"og:image:type\" content=\"image\/jpeg\" \/>\n<script type=\"application\/ld+json\" class=\"yoast-schema-graph\">{\"@context\":\"https:\/\/schema.org\",\"@graph\":[{\"@type\":\"WebPage\",\"@id\":\"https:\/\/www.promo24.info\/fr\/articles-promotionnels\/coques-smartphones\/soft-cover-handy-cover\/tpu-soft-cover-impression-photo-ou-srigraphie-au-dos-iphone-13-pro-max\/\",\"url\":\"https:\/\/www.promo24.info\/fr\/articles-promotionnels\/coques-smartphones\/soft-cover-handy-cover\/tpu-soft-cover-impression-photo-ou-srigraphie-au-dos-iphone-13-pro-max\/\",\"name\":\"Articles promotionnels de promo24 - TPU Soft-Cover, Impression photo ou s\u00e9rigraphie au dos IPHONE 13 Pro Max\",\"isPartOf\":{\"@id\":\"https:\/\/www.promo24.info\/fr\/#website\"},\"primaryImageOfPage\":{\"@id\":\"https:\/\/www.promo24.info\/fr\/articles-promotionnels\/coques-smartphones\/soft-cover-handy-cover\/tpu-soft-cover-impression-photo-ou-srigraphie-au-dos-iphone-13-pro-max\/#primaryimage\"},\"image\":{\"@id\":\"https:\/\/www.promo24.info\/fr\/articles-promotionnels\/coques-smartphones\/soft-cover-handy-cover\/tpu-soft-cover-impression-photo-ou-srigraphie-au-dos-iphone-13-pro-max\/#primaryimage\"},\"thumbnailUrl\":\"https:\/\/www.promo24.info\/wp-content\/uploads\/F007136.jpg\",\"datePublished\":\"2023-09-07T12:10:26+00:00\",\"dateModified\":\"2026-02-13T11:08:39+00:00\",\"description\":\"Coque de t\u00e9l\u00e9phone en TPU polyur\u00e9thane souple et flexible. Glisse parfaitement dans votre poche, s'adapte parfaitement \u00e0 votre Smartphone. Emball\u00e9\",\"breadcrumb\":{\"@id\":\"https:\/\/www.promo24.info\/fr\/articles-promotionnels\/coques-smartphones\/soft-cover-handy-cover\/tpu-soft-cover-impression-photo-ou-srigraphie-au-dos-iphone-13-pro-max\/#breadcrumb\"},\"inLanguage\":\"fr-FR\",\"potentialAction\":[{\"@type\":\"ReadAction\",\"target\":[\"https:\/\/www.promo24.info\/fr\/articles-promotionnels\/coques-smartphones\/soft-cover-handy-cover\/tpu-soft-cover-impression-photo-ou-srigraphie-au-dos-iphone-13-pro-max\/\"]}]},{\"@type\":\"ImageObject\",\"inLanguage\":\"fr-FR\",\"@id\":\"https:\/\/www.promo24.info\/fr\/articles-promotionnels\/coques-smartphones\/soft-cover-handy-cover\/tpu-soft-cover-impression-photo-ou-srigraphie-au-dos-iphone-13-pro-max\/#primaryimage\",\"url\":\"https:\/\/www.promo24.info\/wp-content\/uploads\/F007136.jpg\",\"contentUrl\":\"https:\/\/www.promo24.info\/wp-content\/uploads\/F007136.jpg\",\"width\":1200,\"height\":1200},{\"@type\":\"BreadcrumbList\",\"@id\":\"https:\/\/www.promo24.info\/fr\/articles-promotionnels\/coques-smartphones\/soft-cover-handy-cover\/tpu-soft-cover-impression-photo-ou-srigraphie-au-dos-iphone-13-pro-max\/#breadcrumb\",\"itemListElement\":[{\"@type\":\"ListItem\",\"position\":1,\"name\":\"Home\",\"item\":\"https:\/\/www.promo24.info\/fr\/\"},{\"@type\":\"ListItem\",\"position\":2,\"name\":\"Articles Promotionnels\",\"item\":\"https:\/\/www.promo24.info\/fr\/produits\/\"},{\"@type\":\"ListItem\",\"position\":3,\"name\":\"Coques smartphones\",\"item\":\"https:\/\/www.promo24.info\/fr\/werbeartikel-kategorien\/coques-smartphones\/\"},{\"@type\":\"ListItem\",\"position\":4,\"name\":\"Soft-cover\",\"item\":\"https:\/\/www.promo24.info\/fr\/werbeartikel-kategorien\/coques-smartphones\/soft-cover-handy-cover\/\"},{\"@type\":\"ListItem\",\"position\":5,\"name\":\"TPU Soft-Cover, Impression photo ou s\u00e9rigraphie au dos IPHONE 13 Pro Max\"}]},{\"@type\":\"WebSite\",\"@id\":\"https:\/\/www.promo24.info\/fr\/#website\",\"url\":\"https:\/\/www.promo24.info\/fr\/\",\"name\":\"Articles promotionnels de promo24\",\"description\":\"\",\"potentialAction\":[{\"@type\":\"SearchAction\",\"target\":{\"@type\":\"EntryPoint\",\"urlTemplate\":\"https:\/\/www.promo24.info\/fr\/?s={search_term_string}\"},\"query-input\":{\"@type\":\"PropertyValueSpecification\",\"valueRequired\":true,\"valueName\":\"search_term_string\"}}],\"inLanguage\":\"fr-FR\"}]}<\/script>\n<!-- \/ Yoast SEO Premium plugin. -->","yoast_head_json":{"title":"Articles promotionnels de promo24 - TPU Soft-Cover, Impression photo ou s\u00e9rigraphie au dos IPHONE 13 Pro Max","description":"Coque de t\u00e9l\u00e9phone en TPU polyur\u00e9thane souple et flexible. Glisse parfaitement dans votre poche, s'adapte parfaitement \u00e0 votre Smartphone. Emball\u00e9","robots":{"index":"index","follow":"follow","max-snippet":"max-snippet:-1","max-image-preview":"max-image-preview:large","max-video-preview":"max-video-preview:-1"},"canonical":"https:\/\/www.promo24.info\/fr\/articles-promotionnels\/coques-smartphones\/soft-cover-handy-cover\/tpu-soft-cover-impression-photo-ou-srigraphie-au-dos-iphone-13-pro-max\/","og_locale":"fr_FR","og_type":"article","og_title":"Articles promotionnels de promo24 - TPU Soft-Cover, Impression photo ou s\u00e9rigraphie au dos IPHONE 13 Pro Max","og_description":"Coque de t\u00e9l\u00e9phone en TPU polyur\u00e9thane souple et flexible. Glisse parfaitement dans votre poche, s'adapte parfaitement \u00e0 votre Smartphone. Emball\u00e9","og_url":"https:\/\/www.promo24.info\/fr\/articles-promotionnels\/coques-smartphones\/soft-cover-handy-cover\/tpu-soft-cover-impression-photo-ou-srigraphie-au-dos-iphone-13-pro-max\/","og_site_name":"Articles promotionnels de promo24","article_modified_time":"2026-02-13T11:08:39+00:00","og_image":[{"width":1200,"height":1200,"url":"https:\/\/www.promo24.info\/wp-content\/uploads\/F007136.jpg","type":"image\/jpeg"}],"schema":{"@context":"https:\/\/schema.org","@graph":[{"@type":"WebPage","@id":"https:\/\/www.promo24.info\/fr\/articles-promotionnels\/coques-smartphones\/soft-cover-handy-cover\/tpu-soft-cover-impression-photo-ou-srigraphie-au-dos-iphone-13-pro-max\/","url":"https:\/\/www.promo24.info\/fr\/articles-promotionnels\/coques-smartphones\/soft-cover-handy-cover\/tpu-soft-cover-impression-photo-ou-srigraphie-au-dos-iphone-13-pro-max\/","name":"Articles promotionnels de promo24 - TPU Soft-Cover, Impression photo ou s\u00e9rigraphie au dos IPHONE 13 Pro Max","isPartOf":{"@id":"https:\/\/www.promo24.info\/fr\/#website"},"primaryImageOfPage":{"@id":"https:\/\/www.promo24.info\/fr\/articles-promotionnels\/coques-smartphones\/soft-cover-handy-cover\/tpu-soft-cover-impression-photo-ou-srigraphie-au-dos-iphone-13-pro-max\/#primaryimage"},"image":{"@id":"https:\/\/www.promo24.info\/fr\/articles-promotionnels\/coques-smartphones\/soft-cover-handy-cover\/tpu-soft-cover-impression-photo-ou-srigraphie-au-dos-iphone-13-pro-max\/#primaryimage"},"thumbnailUrl":"https:\/\/www.promo24.info\/wp-content\/uploads\/F007136.jpg","datePublished":"2023-09-07T12:10:26+00:00","dateModified":"2026-02-13T11:08:39+00:00","description":"Coque de t\u00e9l\u00e9phone en TPU polyur\u00e9thane souple et flexible. Glisse parfaitement dans votre poche, s'adapte parfaitement \u00e0 votre Smartphone. Emball\u00e9","breadcrumb":{"@id":"https:\/\/www.promo24.info\/fr\/articles-promotionnels\/coques-smartphones\/soft-cover-handy-cover\/tpu-soft-cover-impression-photo-ou-srigraphie-au-dos-iphone-13-pro-max\/#breadcrumb"},"inLanguage":"fr-FR","potentialAction":[{"@type":"ReadAction","target":["https:\/\/www.promo24.info\/fr\/articles-promotionnels\/coques-smartphones\/soft-cover-handy-cover\/tpu-soft-cover-impression-photo-ou-srigraphie-au-dos-iphone-13-pro-max\/"]}]},{"@type":"ImageObject","inLanguage":"fr-FR","@id":"https:\/\/www.promo24.info\/fr\/articles-promotionnels\/coques-smartphones\/soft-cover-handy-cover\/tpu-soft-cover-impression-photo-ou-srigraphie-au-dos-iphone-13-pro-max\/#primaryimage","url":"https:\/\/www.promo24.info\/wp-content\/uploads\/F007136.jpg","contentUrl":"https:\/\/www.promo24.info\/wp-content\/uploads\/F007136.jpg","width":1200,"height":1200},{"@type":"BreadcrumbList","@id":"https:\/\/www.promo24.info\/fr\/articles-promotionnels\/coques-smartphones\/soft-cover-handy-cover\/tpu-soft-cover-impression-photo-ou-srigraphie-au-dos-iphone-13-pro-max\/#breadcrumb","itemListElement":[{"@type":"ListItem","position":1,"name":"Home","item":"https:\/\/www.promo24.info\/fr\/"},{"@type":"ListItem","position":2,"name":"Articles Promotionnels","item":"https:\/\/www.promo24.info\/fr\/produits\/"},{"@type":"ListItem","position":3,"name":"Coques smartphones","item":"https:\/\/www.promo24.info\/fr\/werbeartikel-kategorien\/coques-smartphones\/"},{"@type":"ListItem","position":4,"name":"Soft-cover","item":"https:\/\/www.promo24.info\/fr\/werbeartikel-kategorien\/coques-smartphones\/soft-cover-handy-cover\/"},{"@type":"ListItem","position":5,"name":"TPU Soft-Cover, Impression photo ou s\u00e9rigraphie au dos IPHONE 13 Pro Max"}]},{"@type":"WebSite","@id":"https:\/\/www.promo24.info\/fr\/#website","url":"https:\/\/www.promo24.info\/fr\/","name":"Articles promotionnels de promo24","description":"","potentialAction":[{"@type":"SearchAction","target":{"@type":"EntryPoint","urlTemplate":"https:\/\/www.promo24.info\/fr\/?s={search_term_string}"},"query-input":{"@type":"PropertyValueSpecification","valueRequired":true,"valueName":"search_term_string"}}],"inLanguage":"fr-FR"}]}},"tiered_pricing_type":"fixed","tiered_pricing_fixed_rules":{"50":"7.50","100":"6.40","250":"5.70","500":"5.25"},"tiered_pricing_percentage_rules":[],"tiered_pricing_minimum":1,"tiered_pricing_roles_data":{"b2b":{"product_id":32555,"role":"b2b","pricing_type":"flat","regular_price":null,"sale_price":null,"discount":null,"discount_type":"sale_price","tiered_pricing_type":"fixed","percentage_rules":[],"fixed_rules":{"50":"3.75","100":"3.20","250":"2.84","500":"2.62"},"minimum":null}},"_links":{"self":[{"href":"https:\/\/www.promo24.info\/fr\/wp-json\/wp\/v2\/product\/32555","targetHints":{"allow":["GET"]}}],"collection":[{"href":"https:\/\/www.promo24.info\/fr\/wp-json\/wp\/v2\/product"}],"about":[{"href":"https:\/\/www.promo24.info\/fr\/wp-json\/wp\/v2\/types\/product"}],"wp:featuredmedia":[{"embeddable":true,"href":"https:\/\/www.promo24.info\/fr\/wp-json\/wp\/v2\/media\/23566"}],"wp:attachment":[{"href":"https:\/\/www.promo24.info\/fr\/wp-json\/wp\/v2\/media?parent=32555"}],"wp:term":[{"taxonomy":"product_brand","embeddable":true,"href":"https:\/\/www.promo24.info\/fr\/wp-json\/wp\/v2\/product_brand?post=32555"},{"taxonomy":"product_cat","embeddable":true,"href":"https:\/\/www.promo24.info\/fr\/wp-json\/wp\/v2\/product_cat?post=32555"},{"taxonomy":"product_tag","embeddable":true,"href":"https:\/\/www.promo24.info\/fr\/wp-json\/wp\/v2\/product_tag?post=32555"}],"curies":[{"name":"wp","href":"https:\/\/api.w.org\/{rel}","templated":true}]}}