{"id":32680,"date":"2023-10-23T13:19:08","date_gmt":"2023-10-23T13:19:08","guid":{"rendered":"https:\/\/www.promo24.info\/products\/non%20class\u00e9\/pd-tex-cable-ladekabel-fastcharge-fr\/"},"modified":"2026-02-13T11:20:47","modified_gmt":"2026-02-13T11:20:47","slug":"pd-tex-cable-cble-de-charge-fastcharge","status":"publish","type":"product","link":"https:\/\/www.promo24.info\/fr\/articles-promotionnels\/cbles-de-chargement\/pd-tex-cable-cble-de-charge-fastcharge\/","title":{"rendered":"PD TEX-cable c\u00e2ble de charge Fastcharge"},"content":{"rendered":"<p>C\u00e2ble de charge textile d&rsquo;environ 100 cm de long Solution d&rsquo;adaptateur multifonctionnel Type-C \/USB-C vers connecteur Type-C\/Lightning<br \/>\nAdapt\u00e9 Type-C Fastcharge PD<br \/>\nAvec organisateur de c\u00e2ble noir.<br \/>\nSortie jusqu&rsquo;\u00e0 3A max.<br \/>\nimprim\u00e9.<\/p>\n","protected":false},"excerpt":{"rendered":"<p>C\u00e2ble de charge textile d&rsquo;environ 100 cm de long Solution d&rsquo;adaptateur multifonctionnel Type-C \/USB-C vers connecteur Type-C\/Lightning Adapt\u00e9 Type-C Fastcharge PD Avec organisateur de c\u00e2ble noir. Sortie jusqu&rsquo;\u00e0 3A max. imprim\u00e9.<\/p>\n","protected":false},"featured_media":23840,"template":"","meta":{"_acf_changed":false},"product_brand":[],"product_cat":[1378],"product_tag":[],"class_list":{"0":"post-32680","1":"product","2":"type-product","3":"status-publish","4":"has-post-thumbnail","6":"product_cat-cbles-de-chargement","7":"pa_farbe-rot-gedeckt-fr","8":"pa_farbe-blau-gedeckt-fr","9":"pa_farbe-orange-gedeckt-fr","10":"pa_farbe-f0018-fr","11":"pa_farbe-f0160-fr","13":"first","14":"instock","15":"taxable","16":"shipping-taxable","17":"purchasable","18":"product-type-variable"},"acf":[],"yoast_head":"<!-- This site is optimized with the Yoast SEO Premium plugin v22.3 (Yoast SEO v25.6) - https:\/\/yoast.com\/wordpress\/plugins\/seo\/ -->\n<title>Articles promotionnels de promo24 - PD TEX-cable c\u00e2ble de charge Fastcharge<\/title>\n<meta name=\"description\" content=\"C\u00e2ble de charge textile d&#039;environ 100 cm de long Solution d&#039;adaptateur multifonctionnel Type-C \/USB-C vers connecteur Type-C\/Lightning Adapt\u00e9 Type-C\" \/>\n<meta name=\"robots\" content=\"index, follow, max-snippet:-1, max-image-preview:large, max-video-preview:-1\" \/>\n<link rel=\"canonical\" href=\"https:\/\/www.promo24.info\/fr\/articles-promotionnels\/cbles-de-chargement\/pd-tex-cable-cble-de-charge-fastcharge\/\" \/>\n<meta property=\"og:locale\" content=\"fr_FR\" \/>\n<meta property=\"og:type\" content=\"article\" \/>\n<meta property=\"og:title\" content=\"Articles promotionnels de promo24 - PD TEX-cable c\u00e2ble de charge Fastcharge\" \/>\n<meta property=\"og:description\" content=\"C\u00e2ble de charge textile d&#039;environ 100 cm de long Solution d&#039;adaptateur multifonctionnel Type-C \/USB-C vers connecteur Type-C\/Lightning Adapt\u00e9 Type-C\" \/>\n<meta property=\"og:url\" content=\"https:\/\/www.promo24.info\/fr\/articles-promotionnels\/cbles-de-chargement\/pd-tex-cable-cble-de-charge-fastcharge\/\" \/>\n<meta property=\"og:site_name\" content=\"Articles promotionnels de promo24\" \/>\n<meta property=\"article:modified_time\" content=\"2026-02-13T11:20:47+00:00\" \/>\n<meta property=\"og:image\" content=\"https:\/\/www.promo24.info\/wp-content\/uploads\/F007245.jpg\" \/>\n\t<meta property=\"og:image:width\" content=\"441\" \/>\n\t<meta property=\"og:image:height\" content=\"333\" \/>\n\t<meta property=\"og:image:type\" content=\"image\/jpeg\" \/>\n<script type=\"application\/ld+json\" class=\"yoast-schema-graph\">{\"@context\":\"https:\/\/schema.org\",\"@graph\":[{\"@type\":\"WebPage\",\"@id\":\"https:\/\/www.promo24.info\/fr\/articles-promotionnels\/cbles-de-chargement\/pd-tex-cable-cble-de-charge-fastcharge\/\",\"url\":\"https:\/\/www.promo24.info\/fr\/articles-promotionnels\/cbles-de-chargement\/pd-tex-cable-cble-de-charge-fastcharge\/\",\"name\":\"Articles promotionnels de promo24 - PD TEX-cable c\u00e2ble de charge Fastcharge\",\"isPartOf\":{\"@id\":\"https:\/\/www.promo24.info\/fr\/#website\"},\"primaryImageOfPage\":{\"@id\":\"https:\/\/www.promo24.info\/fr\/articles-promotionnels\/cbles-de-chargement\/pd-tex-cable-cble-de-charge-fastcharge\/#primaryimage\"},\"image\":{\"@id\":\"https:\/\/www.promo24.info\/fr\/articles-promotionnels\/cbles-de-chargement\/pd-tex-cable-cble-de-charge-fastcharge\/#primaryimage\"},\"thumbnailUrl\":\"https:\/\/www.promo24.info\/wp-content\/uploads\/F007245.jpg\",\"datePublished\":\"2023-10-23T13:19:08+00:00\",\"dateModified\":\"2026-02-13T11:20:47+00:00\",\"description\":\"C\u00e2ble de charge textile d'environ 100 cm de long Solution d'adaptateur multifonctionnel Type-C \/USB-C vers connecteur Type-C\/Lightning Adapt\u00e9 Type-C\",\"breadcrumb\":{\"@id\":\"https:\/\/www.promo24.info\/fr\/articles-promotionnels\/cbles-de-chargement\/pd-tex-cable-cble-de-charge-fastcharge\/#breadcrumb\"},\"inLanguage\":\"fr-FR\",\"potentialAction\":[{\"@type\":\"ReadAction\",\"target\":[\"https:\/\/www.promo24.info\/fr\/articles-promotionnels\/cbles-de-chargement\/pd-tex-cable-cble-de-charge-fastcharge\/\"]}]},{\"@type\":\"ImageObject\",\"inLanguage\":\"fr-FR\",\"@id\":\"https:\/\/www.promo24.info\/fr\/articles-promotionnels\/cbles-de-chargement\/pd-tex-cable-cble-de-charge-fastcharge\/#primaryimage\",\"url\":\"https:\/\/www.promo24.info\/wp-content\/uploads\/F007245.jpg\",\"contentUrl\":\"https:\/\/www.promo24.info\/wp-content\/uploads\/F007245.jpg\",\"width\":441,\"height\":333},{\"@type\":\"BreadcrumbList\",\"@id\":\"https:\/\/www.promo24.info\/fr\/articles-promotionnels\/cbles-de-chargement\/pd-tex-cable-cble-de-charge-fastcharge\/#breadcrumb\",\"itemListElement\":[{\"@type\":\"ListItem\",\"position\":1,\"name\":\"Home\",\"item\":\"https:\/\/www.promo24.info\/fr\/\"},{\"@type\":\"ListItem\",\"position\":2,\"name\":\"Articles Promotionnels\",\"item\":\"https:\/\/www.promo24.info\/fr\/produits\/\"},{\"@type\":\"ListItem\",\"position\":3,\"name\":\"C\u00e2bles de chargement\",\"item\":\"https:\/\/www.promo24.info\/fr\/werbeartikel-kategorien\/cbles-de-chargement\/\"},{\"@type\":\"ListItem\",\"position\":4,\"name\":\"PD TEX-cable c\u00e2ble de charge Fastcharge\"}]},{\"@type\":\"WebSite\",\"@id\":\"https:\/\/www.promo24.info\/fr\/#website\",\"url\":\"https:\/\/www.promo24.info\/fr\/\",\"name\":\"Articles promotionnels de promo24\",\"description\":\"\",\"potentialAction\":[{\"@type\":\"SearchAction\",\"target\":{\"@type\":\"EntryPoint\",\"urlTemplate\":\"https:\/\/www.promo24.info\/fr\/?s={search_term_string}\"},\"query-input\":{\"@type\":\"PropertyValueSpecification\",\"valueRequired\":true,\"valueName\":\"search_term_string\"}}],\"inLanguage\":\"fr-FR\"}]}<\/script>\n<!-- \/ Yoast SEO Premium plugin. -->","yoast_head_json":{"title":"Articles promotionnels de promo24 - PD TEX-cable c\u00e2ble de charge Fastcharge","description":"C\u00e2ble de charge textile d'environ 100 cm de long Solution d'adaptateur multifonctionnel Type-C \/USB-C vers connecteur Type-C\/Lightning Adapt\u00e9 Type-C","robots":{"index":"index","follow":"follow","max-snippet":"max-snippet:-1","max-image-preview":"max-image-preview:large","max-video-preview":"max-video-preview:-1"},"canonical":"https:\/\/www.promo24.info\/fr\/articles-promotionnels\/cbles-de-chargement\/pd-tex-cable-cble-de-charge-fastcharge\/","og_locale":"fr_FR","og_type":"article","og_title":"Articles promotionnels de promo24 - PD TEX-cable c\u00e2ble de charge Fastcharge","og_description":"C\u00e2ble de charge textile d'environ 100 cm de long Solution d'adaptateur multifonctionnel Type-C \/USB-C vers connecteur Type-C\/Lightning Adapt\u00e9 Type-C","og_url":"https:\/\/www.promo24.info\/fr\/articles-promotionnels\/cbles-de-chargement\/pd-tex-cable-cble-de-charge-fastcharge\/","og_site_name":"Articles promotionnels de promo24","article_modified_time":"2026-02-13T11:20:47+00:00","og_image":[{"width":441,"height":333,"url":"https:\/\/www.promo24.info\/wp-content\/uploads\/F007245.jpg","type":"image\/jpeg"}],"schema":{"@context":"https:\/\/schema.org","@graph":[{"@type":"WebPage","@id":"https:\/\/www.promo24.info\/fr\/articles-promotionnels\/cbles-de-chargement\/pd-tex-cable-cble-de-charge-fastcharge\/","url":"https:\/\/www.promo24.info\/fr\/articles-promotionnels\/cbles-de-chargement\/pd-tex-cable-cble-de-charge-fastcharge\/","name":"Articles promotionnels de promo24 - PD TEX-cable c\u00e2ble de charge Fastcharge","isPartOf":{"@id":"https:\/\/www.promo24.info\/fr\/#website"},"primaryImageOfPage":{"@id":"https:\/\/www.promo24.info\/fr\/articles-promotionnels\/cbles-de-chargement\/pd-tex-cable-cble-de-charge-fastcharge\/#primaryimage"},"image":{"@id":"https:\/\/www.promo24.info\/fr\/articles-promotionnels\/cbles-de-chargement\/pd-tex-cable-cble-de-charge-fastcharge\/#primaryimage"},"thumbnailUrl":"https:\/\/www.promo24.info\/wp-content\/uploads\/F007245.jpg","datePublished":"2023-10-23T13:19:08+00:00","dateModified":"2026-02-13T11:20:47+00:00","description":"C\u00e2ble de charge textile d'environ 100 cm de long Solution d'adaptateur multifonctionnel Type-C \/USB-C vers connecteur Type-C\/Lightning Adapt\u00e9 Type-C","breadcrumb":{"@id":"https:\/\/www.promo24.info\/fr\/articles-promotionnels\/cbles-de-chargement\/pd-tex-cable-cble-de-charge-fastcharge\/#breadcrumb"},"inLanguage":"fr-FR","potentialAction":[{"@type":"ReadAction","target":["https:\/\/www.promo24.info\/fr\/articles-promotionnels\/cbles-de-chargement\/pd-tex-cable-cble-de-charge-fastcharge\/"]}]},{"@type":"ImageObject","inLanguage":"fr-FR","@id":"https:\/\/www.promo24.info\/fr\/articles-promotionnels\/cbles-de-chargement\/pd-tex-cable-cble-de-charge-fastcharge\/#primaryimage","url":"https:\/\/www.promo24.info\/wp-content\/uploads\/F007245.jpg","contentUrl":"https:\/\/www.promo24.info\/wp-content\/uploads\/F007245.jpg","width":441,"height":333},{"@type":"BreadcrumbList","@id":"https:\/\/www.promo24.info\/fr\/articles-promotionnels\/cbles-de-chargement\/pd-tex-cable-cble-de-charge-fastcharge\/#breadcrumb","itemListElement":[{"@type":"ListItem","position":1,"name":"Home","item":"https:\/\/www.promo24.info\/fr\/"},{"@type":"ListItem","position":2,"name":"Articles Promotionnels","item":"https:\/\/www.promo24.info\/fr\/produits\/"},{"@type":"ListItem","position":3,"name":"C\u00e2bles de chargement","item":"https:\/\/www.promo24.info\/fr\/werbeartikel-kategorien\/cbles-de-chargement\/"},{"@type":"ListItem","position":4,"name":"PD TEX-cable c\u00e2ble de charge Fastcharge"}]},{"@type":"WebSite","@id":"https:\/\/www.promo24.info\/fr\/#website","url":"https:\/\/www.promo24.info\/fr\/","name":"Articles promotionnels de promo24","description":"","potentialAction":[{"@type":"SearchAction","target":{"@type":"EntryPoint","urlTemplate":"https:\/\/www.promo24.info\/fr\/?s={search_term_string}"},"query-input":{"@type":"PropertyValueSpecification","valueRequired":true,"valueName":"search_term_string"}}],"inLanguage":"fr-FR"}]}},"tiered_pricing_type":"fixed","tiered_pricing_fixed_rules":{"100":"10.85","250":"8.10","500":"7.15","1000":"6.45"},"tiered_pricing_percentage_rules":[],"tiered_pricing_minimum":1,"tiered_pricing_roles_data":{"b2b":{"product_id":32680,"role":"b2b","pricing_type":"flat","regular_price":null,"sale_price":null,"discount":null,"discount_type":"sale_price","tiered_pricing_type":"fixed","percentage_rules":[],"fixed_rules":{"100":"5.41","250":"4.03","500":"3.56","1000":"3.22"},"minimum":null}},"_links":{"self":[{"href":"https:\/\/www.promo24.info\/fr\/wp-json\/wp\/v2\/product\/32680","targetHints":{"allow":["GET"]}}],"collection":[{"href":"https:\/\/www.promo24.info\/fr\/wp-json\/wp\/v2\/product"}],"about":[{"href":"https:\/\/www.promo24.info\/fr\/wp-json\/wp\/v2\/types\/product"}],"wp:featuredmedia":[{"embeddable":true,"href":"https:\/\/www.promo24.info\/fr\/wp-json\/wp\/v2\/media\/23840"}],"wp:attachment":[{"href":"https:\/\/www.promo24.info\/fr\/wp-json\/wp\/v2\/media?parent=32680"}],"wp:term":[{"taxonomy":"product_brand","embeddable":true,"href":"https:\/\/www.promo24.info\/fr\/wp-json\/wp\/v2\/product_brand?post=32680"},{"taxonomy":"product_cat","embeddable":true,"href":"https:\/\/www.promo24.info\/fr\/wp-json\/wp\/v2\/product_cat?post=32680"},{"taxonomy":"product_tag","embeddable":true,"href":"https:\/\/www.promo24.info\/fr\/wp-json\/wp\/v2\/product_tag?post=32680"}],"curies":[{"name":"wp","href":"https:\/\/api.w.org\/{rel}","templated":true}]}}