{"id":32692,"date":"2023-10-06T09:01:39","date_gmt":"2023-10-06T09:01:39","guid":{"rendered":"https:\/\/www.promo24.info\/products\/non%20class\u00e9\/eco-schlusselanhanger-fr\/"},"modified":"2026-02-13T11:24:23","modified_gmt":"2026-02-13T11:24:23","slug":"porte-cls-eco","status":"publish","type":"product","link":"https:\/\/www.promo24.info\/fr\/articles-promotionnels\/porte-cls\/plastique-schluesselanhaenger\/porte-cls-eco\/","title":{"rendered":"Porte-cl\u00e9s ECO"},"content":{"rendered":"<p>Porte-cl\u00e9s ECO Made in Germany<br \/>\nFabriqu\u00e9 \u00e0 partir de 100 % de pneus recycl\u00e9s en Allemagne<br \/>\nPneus de voiture.<br \/>\n\u00c9paisseur totale : env. 1 mm.<br \/>\nImpression : impression num\u00e9rique en 4-c CMYK<\/p>\n","protected":false},"excerpt":{"rendered":"<p>Porte-cl\u00e9s ECO Made in Germany Fabriqu\u00e9 \u00e0 partir de 100 % de pneus recycl\u00e9s en Allemagne Pneus de voiture. \u00c9paisseur totale : env. 1 mm. Impression : impression num\u00e9rique en 4-c CMYK<\/p>\n","protected":false},"featured_media":23854,"template":"","meta":{"_acf_changed":false},"product_brand":[],"product_cat":[1394],"product_tag":[],"class_list":{"0":"post-32692","1":"product","2":"type-product","3":"status-publish","4":"has-post-thumbnail","6":"product_cat-plastique-schluesselanhaenger","8":"first","9":"instock","10":"taxable","11":"shipping-taxable","12":"purchasable","13":"product-type-simple"},"acf":[],"yoast_head":"<!-- This site is optimized with the Yoast SEO Premium plugin v22.3 (Yoast SEO v25.6) - https:\/\/yoast.com\/wordpress\/plugins\/seo\/ -->\n<title>Articles promotionnels de promo24 - Porte-cl\u00e9s ECO<\/title>\n<meta name=\"description\" content=\"Porte-cl\u00e9s ECO Made in Germany Fabriqu\u00e9 \u00e0 partir de 100 % de pneus recycl\u00e9s en Allemagne Pneus de voiture. \u00c9paisseur totale : env. 1 mm. Impression :\" \/>\n<meta name=\"robots\" content=\"index, follow, max-snippet:-1, max-image-preview:large, max-video-preview:-1\" \/>\n<link rel=\"canonical\" href=\"https:\/\/www.promo24.info\/fr\/articles-promotionnels\/porte-cls\/plastique-schluesselanhaenger\/porte-cls-eco\/\" \/>\n<meta property=\"og:locale\" content=\"fr_FR\" \/>\n<meta property=\"og:type\" content=\"article\" \/>\n<meta property=\"og:title\" content=\"Articles promotionnels de promo24 - Porte-cl\u00e9s ECO\" \/>\n<meta property=\"og:description\" content=\"Porte-cl\u00e9s ECO Made in Germany Fabriqu\u00e9 \u00e0 partir de 100 % de pneus recycl\u00e9s en Allemagne Pneus de voiture. \u00c9paisseur totale : env. 1 mm. Impression :\" \/>\n<meta property=\"og:url\" content=\"https:\/\/www.promo24.info\/fr\/articles-promotionnels\/porte-cls\/plastique-schluesselanhaenger\/porte-cls-eco\/\" \/>\n<meta property=\"og:site_name\" content=\"Articles promotionnels de promo24\" \/>\n<meta property=\"article:modified_time\" content=\"2026-02-13T11:24:23+00:00\" \/>\n<meta property=\"og:image\" content=\"https:\/\/www.promo24.info\/wp-content\/uploads\/F007266.jpg\" \/>\n\t<meta property=\"og:image:width\" content=\"2560\" \/>\n\t<meta property=\"og:image:height\" content=\"2560\" \/>\n\t<meta property=\"og:image:type\" content=\"image\/jpeg\" \/>\n<script type=\"application\/ld+json\" class=\"yoast-schema-graph\">{\"@context\":\"https:\/\/schema.org\",\"@graph\":[{\"@type\":\"WebPage\",\"@id\":\"https:\/\/www.promo24.info\/fr\/articles-promotionnels\/porte-cls\/plastique-schluesselanhaenger\/porte-cls-eco\/\",\"url\":\"https:\/\/www.promo24.info\/fr\/articles-promotionnels\/porte-cls\/plastique-schluesselanhaenger\/porte-cls-eco\/\",\"name\":\"Articles promotionnels de promo24 - Porte-cl\u00e9s ECO\",\"isPartOf\":{\"@id\":\"https:\/\/www.promo24.info\/fr\/#website\"},\"primaryImageOfPage\":{\"@id\":\"https:\/\/www.promo24.info\/fr\/articles-promotionnels\/porte-cls\/plastique-schluesselanhaenger\/porte-cls-eco\/#primaryimage\"},\"image\":{\"@id\":\"https:\/\/www.promo24.info\/fr\/articles-promotionnels\/porte-cls\/plastique-schluesselanhaenger\/porte-cls-eco\/#primaryimage\"},\"thumbnailUrl\":\"https:\/\/www.promo24.info\/wp-content\/uploads\/F007266.jpg\",\"datePublished\":\"2023-10-06T09:01:39+00:00\",\"dateModified\":\"2026-02-13T11:24:23+00:00\",\"description\":\"Porte-cl\u00e9s ECO Made in Germany Fabriqu\u00e9 \u00e0 partir de 100 % de pneus recycl\u00e9s en Allemagne Pneus de voiture. \u00c9paisseur totale : env. 1 mm. Impression :\",\"breadcrumb\":{\"@id\":\"https:\/\/www.promo24.info\/fr\/articles-promotionnels\/porte-cls\/plastique-schluesselanhaenger\/porte-cls-eco\/#breadcrumb\"},\"inLanguage\":\"fr-FR\",\"potentialAction\":[{\"@type\":\"ReadAction\",\"target\":[\"https:\/\/www.promo24.info\/fr\/articles-promotionnels\/porte-cls\/plastique-schluesselanhaenger\/porte-cls-eco\/\"]}]},{\"@type\":\"ImageObject\",\"inLanguage\":\"fr-FR\",\"@id\":\"https:\/\/www.promo24.info\/fr\/articles-promotionnels\/porte-cls\/plastique-schluesselanhaenger\/porte-cls-eco\/#primaryimage\",\"url\":\"https:\/\/www.promo24.info\/wp-content\/uploads\/F007266.jpg\",\"contentUrl\":\"https:\/\/www.promo24.info\/wp-content\/uploads\/F007266.jpg\",\"width\":2560,\"height\":2560},{\"@type\":\"BreadcrumbList\",\"@id\":\"https:\/\/www.promo24.info\/fr\/articles-promotionnels\/porte-cls\/plastique-schluesselanhaenger\/porte-cls-eco\/#breadcrumb\",\"itemListElement\":[{\"@type\":\"ListItem\",\"position\":1,\"name\":\"Home\",\"item\":\"https:\/\/www.promo24.info\/fr\/\"},{\"@type\":\"ListItem\",\"position\":2,\"name\":\"Articles Promotionnels\",\"item\":\"https:\/\/www.promo24.info\/fr\/produits\/\"},{\"@type\":\"ListItem\",\"position\":3,\"name\":\"Porte-cl\u00e9s\",\"item\":\"https:\/\/www.promo24.info\/fr\/werbeartikel-kategorien\/porte-cls\/\"},{\"@type\":\"ListItem\",\"position\":4,\"name\":\"Plastique\",\"item\":\"https:\/\/www.promo24.info\/fr\/werbeartikel-kategorien\/porte-cls\/plastique-schluesselanhaenger\/\"},{\"@type\":\"ListItem\",\"position\":5,\"name\":\"Porte-cl\u00e9s ECO\"}]},{\"@type\":\"WebSite\",\"@id\":\"https:\/\/www.promo24.info\/fr\/#website\",\"url\":\"https:\/\/www.promo24.info\/fr\/\",\"name\":\"Articles promotionnels de promo24\",\"description\":\"\",\"potentialAction\":[{\"@type\":\"SearchAction\",\"target\":{\"@type\":\"EntryPoint\",\"urlTemplate\":\"https:\/\/www.promo24.info\/fr\/?s={search_term_string}\"},\"query-input\":{\"@type\":\"PropertyValueSpecification\",\"valueRequired\":true,\"valueName\":\"search_term_string\"}}],\"inLanguage\":\"fr-FR\"}]}<\/script>\n<!-- \/ Yoast SEO Premium plugin. -->","yoast_head_json":{"title":"Articles promotionnels de promo24 - Porte-cl\u00e9s ECO","description":"Porte-cl\u00e9s ECO Made in Germany Fabriqu\u00e9 \u00e0 partir de 100 % de pneus recycl\u00e9s en Allemagne Pneus de voiture. \u00c9paisseur totale : env. 1 mm. Impression :","robots":{"index":"index","follow":"follow","max-snippet":"max-snippet:-1","max-image-preview":"max-image-preview:large","max-video-preview":"max-video-preview:-1"},"canonical":"https:\/\/www.promo24.info\/fr\/articles-promotionnels\/porte-cls\/plastique-schluesselanhaenger\/porte-cls-eco\/","og_locale":"fr_FR","og_type":"article","og_title":"Articles promotionnels de promo24 - Porte-cl\u00e9s ECO","og_description":"Porte-cl\u00e9s ECO Made in Germany Fabriqu\u00e9 \u00e0 partir de 100 % de pneus recycl\u00e9s en Allemagne Pneus de voiture. \u00c9paisseur totale : env. 1 mm. Impression :","og_url":"https:\/\/www.promo24.info\/fr\/articles-promotionnels\/porte-cls\/plastique-schluesselanhaenger\/porte-cls-eco\/","og_site_name":"Articles promotionnels de promo24","article_modified_time":"2026-02-13T11:24:23+00:00","og_image":[{"width":2560,"height":2560,"url":"https:\/\/www.promo24.info\/wp-content\/uploads\/F007266.jpg","type":"image\/jpeg"}],"schema":{"@context":"https:\/\/schema.org","@graph":[{"@type":"WebPage","@id":"https:\/\/www.promo24.info\/fr\/articles-promotionnels\/porte-cls\/plastique-schluesselanhaenger\/porte-cls-eco\/","url":"https:\/\/www.promo24.info\/fr\/articles-promotionnels\/porte-cls\/plastique-schluesselanhaenger\/porte-cls-eco\/","name":"Articles promotionnels de promo24 - Porte-cl\u00e9s ECO","isPartOf":{"@id":"https:\/\/www.promo24.info\/fr\/#website"},"primaryImageOfPage":{"@id":"https:\/\/www.promo24.info\/fr\/articles-promotionnels\/porte-cls\/plastique-schluesselanhaenger\/porte-cls-eco\/#primaryimage"},"image":{"@id":"https:\/\/www.promo24.info\/fr\/articles-promotionnels\/porte-cls\/plastique-schluesselanhaenger\/porte-cls-eco\/#primaryimage"},"thumbnailUrl":"https:\/\/www.promo24.info\/wp-content\/uploads\/F007266.jpg","datePublished":"2023-10-06T09:01:39+00:00","dateModified":"2026-02-13T11:24:23+00:00","description":"Porte-cl\u00e9s ECO Made in Germany Fabriqu\u00e9 \u00e0 partir de 100 % de pneus recycl\u00e9s en Allemagne Pneus de voiture. \u00c9paisseur totale : env. 1 mm. Impression :","breadcrumb":{"@id":"https:\/\/www.promo24.info\/fr\/articles-promotionnels\/porte-cls\/plastique-schluesselanhaenger\/porte-cls-eco\/#breadcrumb"},"inLanguage":"fr-FR","potentialAction":[{"@type":"ReadAction","target":["https:\/\/www.promo24.info\/fr\/articles-promotionnels\/porte-cls\/plastique-schluesselanhaenger\/porte-cls-eco\/"]}]},{"@type":"ImageObject","inLanguage":"fr-FR","@id":"https:\/\/www.promo24.info\/fr\/articles-promotionnels\/porte-cls\/plastique-schluesselanhaenger\/porte-cls-eco\/#primaryimage","url":"https:\/\/www.promo24.info\/wp-content\/uploads\/F007266.jpg","contentUrl":"https:\/\/www.promo24.info\/wp-content\/uploads\/F007266.jpg","width":2560,"height":2560},{"@type":"BreadcrumbList","@id":"https:\/\/www.promo24.info\/fr\/articles-promotionnels\/porte-cls\/plastique-schluesselanhaenger\/porte-cls-eco\/#breadcrumb","itemListElement":[{"@type":"ListItem","position":1,"name":"Home","item":"https:\/\/www.promo24.info\/fr\/"},{"@type":"ListItem","position":2,"name":"Articles Promotionnels","item":"https:\/\/www.promo24.info\/fr\/produits\/"},{"@type":"ListItem","position":3,"name":"Porte-cl\u00e9s","item":"https:\/\/www.promo24.info\/fr\/werbeartikel-kategorien\/porte-cls\/"},{"@type":"ListItem","position":4,"name":"Plastique","item":"https:\/\/www.promo24.info\/fr\/werbeartikel-kategorien\/porte-cls\/plastique-schluesselanhaenger\/"},{"@type":"ListItem","position":5,"name":"Porte-cl\u00e9s ECO"}]},{"@type":"WebSite","@id":"https:\/\/www.promo24.info\/fr\/#website","url":"https:\/\/www.promo24.info\/fr\/","name":"Articles promotionnels de promo24","description":"","potentialAction":[{"@type":"SearchAction","target":{"@type":"EntryPoint","urlTemplate":"https:\/\/www.promo24.info\/fr\/?s={search_term_string}"},"query-input":{"@type":"PropertyValueSpecification","valueRequired":true,"valueName":"search_term_string"}}],"inLanguage":"fr-FR"}]}},"tiered_pricing_type":"fixed","tiered_pricing_fixed_rules":{"100":"3.95","250":"2.65","500":"2.15","1000":"1.90"},"tiered_pricing_percentage_rules":[],"tiered_pricing_minimum":1,"tiered_pricing_roles_data":{"b2b":{"product_id":32692,"role":"b2b","pricing_type":"flat","regular_price":null,"sale_price":null,"discount":null,"discount_type":"sale_price","tiered_pricing_type":"fixed","percentage_rules":[],"fixed_rules":{"100":"1.97","250":"1.31","500":"1.06","1000":"0.93"},"minimum":null}},"_links":{"self":[{"href":"https:\/\/www.promo24.info\/fr\/wp-json\/wp\/v2\/product\/32692","targetHints":{"allow":["GET"]}}],"collection":[{"href":"https:\/\/www.promo24.info\/fr\/wp-json\/wp\/v2\/product"}],"about":[{"href":"https:\/\/www.promo24.info\/fr\/wp-json\/wp\/v2\/types\/product"}],"wp:featuredmedia":[{"embeddable":true,"href":"https:\/\/www.promo24.info\/fr\/wp-json\/wp\/v2\/media\/23854"}],"wp:attachment":[{"href":"https:\/\/www.promo24.info\/fr\/wp-json\/wp\/v2\/media?parent=32692"}],"wp:term":[{"taxonomy":"product_brand","embeddable":true,"href":"https:\/\/www.promo24.info\/fr\/wp-json\/wp\/v2\/product_brand?post=32692"},{"taxonomy":"product_cat","embeddable":true,"href":"https:\/\/www.promo24.info\/fr\/wp-json\/wp\/v2\/product_cat?post=32692"},{"taxonomy":"product_tag","embeddable":true,"href":"https:\/\/www.promo24.info\/fr\/wp-json\/wp\/v2\/product_tag?post=32692"}],"curies":[{"name":"wp","href":"https:\/\/api.w.org\/{rel}","templated":true}]}}