{"id":32756,"date":"2024-01-04T15:46:26","date_gmt":"2024-01-04T15:46:26","guid":{"rendered":"https:\/\/www.promo24.info\/products\/non%20class\u00e9\/eco-pad-mauspad-circle-200-mm-ca-2-mm-dick-fr\/"},"modified":"2026-02-13T11:33:19","modified_gmt":"2026-02-13T11:33:19","slug":"eco-pad-tapis-souriscircle-200-mm-env-2-mm-paiss","status":"publish","type":"product","link":"https:\/\/www.promo24.info\/fr\/articles-promotionnels\/tapis-de-souris\/eco-pad-tapis-souris-mousepads\/eco-pad-tapis-souriscircle-200-mm-env-2-mm-paiss\/","title":{"rendered":"ECO-pad, tapis sourisCircle 200 mm, env. 2 mm \u00e9paiss."},"content":{"rendered":"<p>Tapis de souris ECO-pad Fabriqu\u00e9 en Allemagne<br \/>\nFond 100% recycl\u00e9 en Allemagne<br \/>\npneu d `auto<br \/>\nSurface : papier de pierre \u00e9cologique de 0,3 mm qui ne n\u00e9cessite qu&rsquo;une fraction de l&rsquo;\u00e9nergie et de l&rsquo;eau pour sa production.<br \/>\nLe CO2 est produit avec 1 tonne de papier de pierre = 474 KG et avec du papier normal environ 1431 KG.<br \/>\nImpression offset UV, dessous : caoutchouc recycl\u00e9 1 mm<br \/>\n\u00c9paisseur totale : environ 2 mm.<br \/>\nImpression : impression offset en 4c CMJN + vernis mat,<br \/>\nM\u00e9thode d&rsquo;impression : Impression offset UV sur le dessus de la surface.<br \/>\nRemarque importante ! Il s&rsquo;agit d&rsquo;un produit compos\u00e9 en grande partie de mat\u00e9riaux recycl\u00e9s et naturels.<br \/>\nLa couche de pneus recycl\u00e9s pr\u00e9sente des diff\u00e9rences d&rsquo;\u00e9paisseur allant jusqu&rsquo;\u00e0 +\/- 1 mm. De plus, il peut y avoir des<br \/>\ndes parties de pneus peuvent d\u00e9passer l\u00e9g\u00e8rement dans le mat\u00e9riau, ce qui peut entra\u00eener des irr\u00e9gularit\u00e9s \u00e0 la surface et, en cas de<br \/>\nDans de rares cas (moins de 3 % de la commande), l&rsquo;utilisation de la souris peut entra\u00eener un d\u00e9collement de la couleur sur la face sup\u00e9rieure du tapis.<br \/>\ndu tapis de souris. Le papier de roche a une couleur de base blanche. Si le papier de roche est d\u00e9coup\u00e9, il en r\u00e9sulte des bords blancs,<br \/>\nqui sont visibles sur les fonds sombres du motif imprim\u00e9.  Indiquez l&rsquo;utilisation des mat\u00e9riaux sp\u00e9ciaux<br \/>\nmat\u00e9riaux sur le tapis de souris. Nous vous aiderons volontiers en vous fournissant des mod\u00e8les. Ne produire qu&rsquo;un tapis de souris sans mentionner<br \/>\nproduire les mat\u00e9riaux utilis\u00e9s r\u00e9duit l&rsquo;impact publicitaire.<\/p>\n","protected":false},"excerpt":{"rendered":"<p>Tapis de souris ECO-pad Fabriqu\u00e9 en Allemagne Fond 100% recycl\u00e9 en Allemagne pneu d `auto Surface : papier de pierre \u00e9cologique de 0,3 mm qui ne n\u00e9cessite qu&rsquo;une fraction de l&rsquo;\u00e9nergie et de l&rsquo;eau pour sa production. Le CO2 est produit avec 1 tonne de papier de pierre = 474 KG et avec du papier [&hellip;]<\/p>\n","protected":false},"featured_media":24528,"template":"","meta":{"_acf_changed":false},"product_brand":[],"product_cat":[1856,1413,1333],"product_tag":[],"class_list":{"0":"post-32756","1":"product","2":"type-product","3":"status-publish","4":"has-post-thumbnail","6":"product_cat-recyclage-fabriqu-en-allemagne-nachhaltige-produkte","7":"product_cat-eco-pad-tapis-souris-mousepads","8":"product_cat-nouveaux-produits","10":"first","11":"instock","12":"taxable","13":"shipping-taxable","14":"purchasable","15":"product-type-simple"},"acf":[],"yoast_head":"<!-- This site is optimized with the Yoast SEO Premium plugin v22.3 (Yoast SEO v25.6) - https:\/\/yoast.com\/wordpress\/plugins\/seo\/ -->\n<title>Articles promotionnels de promo24 - ECO-pad, tapis sourisCircle 200 mm, env. 2 mm \u00e9paiss.<\/title>\n<meta name=\"description\" content=\"Tapis de souris ECO-pad Fabriqu\u00e9 en Allemagne Fond 100% recycl\u00e9 en Allemagne pneu d `auto Surface : papier de pierre \u00e9cologique de 0,3 mm qui ne n\u00e9cessite\" \/>\n<meta name=\"robots\" content=\"index, follow, max-snippet:-1, max-image-preview:large, max-video-preview:-1\" \/>\n<link rel=\"canonical\" href=\"https:\/\/www.promo24.info\/fr\/articles-promotionnels\/tapis-de-souris\/eco-pad-tapis-souris-mousepads\/eco-pad-tapis-souriscircle-200-mm-env-2-mm-paiss\/\" \/>\n<meta property=\"og:locale\" content=\"fr_FR\" \/>\n<meta property=\"og:type\" content=\"article\" \/>\n<meta property=\"og:title\" content=\"Articles promotionnels de promo24 - ECO-pad, tapis sourisCircle 200 mm, env. 2 mm \u00e9paiss.\" \/>\n<meta property=\"og:description\" content=\"Tapis de souris ECO-pad Fabriqu\u00e9 en Allemagne Fond 100% recycl\u00e9 en Allemagne pneu d `auto Surface : papier de pierre \u00e9cologique de 0,3 mm qui ne n\u00e9cessite\" \/>\n<meta property=\"og:url\" content=\"https:\/\/www.promo24.info\/fr\/articles-promotionnels\/tapis-de-souris\/eco-pad-tapis-souris-mousepads\/eco-pad-tapis-souriscircle-200-mm-env-2-mm-paiss\/\" \/>\n<meta property=\"og:site_name\" content=\"Articles promotionnels de promo24\" \/>\n<meta property=\"article:modified_time\" content=\"2026-02-13T11:33:19+00:00\" \/>\n<meta property=\"og:image\" content=\"https:\/\/www.promo24.info\/wp-content\/uploads\/F007310.jpg\" \/>\n\t<meta property=\"og:image:width\" content=\"2560\" \/>\n\t<meta property=\"og:image:height\" content=\"2560\" \/>\n\t<meta property=\"og:image:type\" content=\"image\/jpeg\" \/>\n<meta name=\"twitter:label1\" content=\"Dur\u00e9e de lecture estim\u00e9e\" \/>\n\t<meta name=\"twitter:data1\" content=\"1 minute\" \/>\n<script type=\"application\/ld+json\" class=\"yoast-schema-graph\">{\"@context\":\"https:\/\/schema.org\",\"@graph\":[{\"@type\":\"WebPage\",\"@id\":\"https:\/\/www.promo24.info\/fr\/articles-promotionnels\/tapis-de-souris\/eco-pad-tapis-souris-mousepads\/eco-pad-tapis-souriscircle-200-mm-env-2-mm-paiss\/\",\"url\":\"https:\/\/www.promo24.info\/fr\/articles-promotionnels\/tapis-de-souris\/eco-pad-tapis-souris-mousepads\/eco-pad-tapis-souriscircle-200-mm-env-2-mm-paiss\/\",\"name\":\"Articles promotionnels de promo24 - ECO-pad, tapis sourisCircle 200 mm, env. 2 mm \u00e9paiss.\",\"isPartOf\":{\"@id\":\"https:\/\/www.promo24.info\/fr\/#website\"},\"primaryImageOfPage\":{\"@id\":\"https:\/\/www.promo24.info\/fr\/articles-promotionnels\/tapis-de-souris\/eco-pad-tapis-souris-mousepads\/eco-pad-tapis-souriscircle-200-mm-env-2-mm-paiss\/#primaryimage\"},\"image\":{\"@id\":\"https:\/\/www.promo24.info\/fr\/articles-promotionnels\/tapis-de-souris\/eco-pad-tapis-souris-mousepads\/eco-pad-tapis-souriscircle-200-mm-env-2-mm-paiss\/#primaryimage\"},\"thumbnailUrl\":\"https:\/\/www.promo24.info\/wp-content\/uploads\/F007310.jpg\",\"datePublished\":\"2024-01-04T15:46:26+00:00\",\"dateModified\":\"2026-02-13T11:33:19+00:00\",\"description\":\"Tapis de souris ECO-pad Fabriqu\u00e9 en Allemagne Fond 100% recycl\u00e9 en Allemagne pneu d `auto Surface : papier de pierre \u00e9cologique de 0,3 mm qui ne n\u00e9cessite\",\"breadcrumb\":{\"@id\":\"https:\/\/www.promo24.info\/fr\/articles-promotionnels\/tapis-de-souris\/eco-pad-tapis-souris-mousepads\/eco-pad-tapis-souriscircle-200-mm-env-2-mm-paiss\/#breadcrumb\"},\"inLanguage\":\"fr-FR\",\"potentialAction\":[{\"@type\":\"ReadAction\",\"target\":[\"https:\/\/www.promo24.info\/fr\/articles-promotionnels\/tapis-de-souris\/eco-pad-tapis-souris-mousepads\/eco-pad-tapis-souriscircle-200-mm-env-2-mm-paiss\/\"]}]},{\"@type\":\"ImageObject\",\"inLanguage\":\"fr-FR\",\"@id\":\"https:\/\/www.promo24.info\/fr\/articles-promotionnels\/tapis-de-souris\/eco-pad-tapis-souris-mousepads\/eco-pad-tapis-souriscircle-200-mm-env-2-mm-paiss\/#primaryimage\",\"url\":\"https:\/\/www.promo24.info\/wp-content\/uploads\/F007310.jpg\",\"contentUrl\":\"https:\/\/www.promo24.info\/wp-content\/uploads\/F007310.jpg\",\"width\":2560,\"height\":2560},{\"@type\":\"BreadcrumbList\",\"@id\":\"https:\/\/www.promo24.info\/fr\/articles-promotionnels\/tapis-de-souris\/eco-pad-tapis-souris-mousepads\/eco-pad-tapis-souriscircle-200-mm-env-2-mm-paiss\/#breadcrumb\",\"itemListElement\":[{\"@type\":\"ListItem\",\"position\":1,\"name\":\"Home\",\"item\":\"https:\/\/www.promo24.info\/fr\/\"},{\"@type\":\"ListItem\",\"position\":2,\"name\":\"Articles Promotionnels\",\"item\":\"https:\/\/www.promo24.info\/fr\/produits\/\"},{\"@type\":\"ListItem\",\"position\":3,\"name\":\"Tapis de souris\",\"item\":\"https:\/\/www.promo24.info\/fr\/werbeartikel-kategorien\/tapis-de-souris\/\"},{\"@type\":\"ListItem\",\"position\":4,\"name\":\"ECO-pad tapis souris\",\"item\":\"https:\/\/www.promo24.info\/fr\/werbeartikel-kategorien\/tapis-de-souris\/eco-pad-tapis-souris-mousepads\/\"},{\"@type\":\"ListItem\",\"position\":5,\"name\":\"ECO-pad, tapis sourisCircle 200 mm, env. 2 mm \u00e9paiss.\"}]},{\"@type\":\"WebSite\",\"@id\":\"https:\/\/www.promo24.info\/fr\/#website\",\"url\":\"https:\/\/www.promo24.info\/fr\/\",\"name\":\"Articles promotionnels de promo24\",\"description\":\"\",\"potentialAction\":[{\"@type\":\"SearchAction\",\"target\":{\"@type\":\"EntryPoint\",\"urlTemplate\":\"https:\/\/www.promo24.info\/fr\/?s={search_term_string}\"},\"query-input\":{\"@type\":\"PropertyValueSpecification\",\"valueRequired\":true,\"valueName\":\"search_term_string\"}}],\"inLanguage\":\"fr-FR\"}]}<\/script>\n<!-- \/ Yoast SEO Premium plugin. -->","yoast_head_json":{"title":"Articles promotionnels de promo24 - ECO-pad, tapis sourisCircle 200 mm, env. 2 mm \u00e9paiss.","description":"Tapis de souris ECO-pad Fabriqu\u00e9 en Allemagne Fond 100% recycl\u00e9 en Allemagne pneu d `auto Surface : papier de pierre \u00e9cologique de 0,3 mm qui ne n\u00e9cessite","robots":{"index":"index","follow":"follow","max-snippet":"max-snippet:-1","max-image-preview":"max-image-preview:large","max-video-preview":"max-video-preview:-1"},"canonical":"https:\/\/www.promo24.info\/fr\/articles-promotionnels\/tapis-de-souris\/eco-pad-tapis-souris-mousepads\/eco-pad-tapis-souriscircle-200-mm-env-2-mm-paiss\/","og_locale":"fr_FR","og_type":"article","og_title":"Articles promotionnels de promo24 - ECO-pad, tapis sourisCircle 200 mm, env. 2 mm \u00e9paiss.","og_description":"Tapis de souris ECO-pad Fabriqu\u00e9 en Allemagne Fond 100% recycl\u00e9 en Allemagne pneu d `auto Surface : papier de pierre \u00e9cologique de 0,3 mm qui ne n\u00e9cessite","og_url":"https:\/\/www.promo24.info\/fr\/articles-promotionnels\/tapis-de-souris\/eco-pad-tapis-souris-mousepads\/eco-pad-tapis-souriscircle-200-mm-env-2-mm-paiss\/","og_site_name":"Articles promotionnels de promo24","article_modified_time":"2026-02-13T11:33:19+00:00","og_image":[{"width":2560,"height":2560,"url":"https:\/\/www.promo24.info\/wp-content\/uploads\/F007310.jpg","type":"image\/jpeg"}],"twitter_misc":{"Dur\u00e9e de lecture estim\u00e9e":"1 minute"},"schema":{"@context":"https:\/\/schema.org","@graph":[{"@type":"WebPage","@id":"https:\/\/www.promo24.info\/fr\/articles-promotionnels\/tapis-de-souris\/eco-pad-tapis-souris-mousepads\/eco-pad-tapis-souriscircle-200-mm-env-2-mm-paiss\/","url":"https:\/\/www.promo24.info\/fr\/articles-promotionnels\/tapis-de-souris\/eco-pad-tapis-souris-mousepads\/eco-pad-tapis-souriscircle-200-mm-env-2-mm-paiss\/","name":"Articles promotionnels de promo24 - ECO-pad, tapis sourisCircle 200 mm, env. 2 mm \u00e9paiss.","isPartOf":{"@id":"https:\/\/www.promo24.info\/fr\/#website"},"primaryImageOfPage":{"@id":"https:\/\/www.promo24.info\/fr\/articles-promotionnels\/tapis-de-souris\/eco-pad-tapis-souris-mousepads\/eco-pad-tapis-souriscircle-200-mm-env-2-mm-paiss\/#primaryimage"},"image":{"@id":"https:\/\/www.promo24.info\/fr\/articles-promotionnels\/tapis-de-souris\/eco-pad-tapis-souris-mousepads\/eco-pad-tapis-souriscircle-200-mm-env-2-mm-paiss\/#primaryimage"},"thumbnailUrl":"https:\/\/www.promo24.info\/wp-content\/uploads\/F007310.jpg","datePublished":"2024-01-04T15:46:26+00:00","dateModified":"2026-02-13T11:33:19+00:00","description":"Tapis de souris ECO-pad Fabriqu\u00e9 en Allemagne Fond 100% recycl\u00e9 en Allemagne pneu d `auto Surface : papier de pierre \u00e9cologique de 0,3 mm qui ne n\u00e9cessite","breadcrumb":{"@id":"https:\/\/www.promo24.info\/fr\/articles-promotionnels\/tapis-de-souris\/eco-pad-tapis-souris-mousepads\/eco-pad-tapis-souriscircle-200-mm-env-2-mm-paiss\/#breadcrumb"},"inLanguage":"fr-FR","potentialAction":[{"@type":"ReadAction","target":["https:\/\/www.promo24.info\/fr\/articles-promotionnels\/tapis-de-souris\/eco-pad-tapis-souris-mousepads\/eco-pad-tapis-souriscircle-200-mm-env-2-mm-paiss\/"]}]},{"@type":"ImageObject","inLanguage":"fr-FR","@id":"https:\/\/www.promo24.info\/fr\/articles-promotionnels\/tapis-de-souris\/eco-pad-tapis-souris-mousepads\/eco-pad-tapis-souriscircle-200-mm-env-2-mm-paiss\/#primaryimage","url":"https:\/\/www.promo24.info\/wp-content\/uploads\/F007310.jpg","contentUrl":"https:\/\/www.promo24.info\/wp-content\/uploads\/F007310.jpg","width":2560,"height":2560},{"@type":"BreadcrumbList","@id":"https:\/\/www.promo24.info\/fr\/articles-promotionnels\/tapis-de-souris\/eco-pad-tapis-souris-mousepads\/eco-pad-tapis-souriscircle-200-mm-env-2-mm-paiss\/#breadcrumb","itemListElement":[{"@type":"ListItem","position":1,"name":"Home","item":"https:\/\/www.promo24.info\/fr\/"},{"@type":"ListItem","position":2,"name":"Articles Promotionnels","item":"https:\/\/www.promo24.info\/fr\/produits\/"},{"@type":"ListItem","position":3,"name":"Tapis de souris","item":"https:\/\/www.promo24.info\/fr\/werbeartikel-kategorien\/tapis-de-souris\/"},{"@type":"ListItem","position":4,"name":"ECO-pad tapis souris","item":"https:\/\/www.promo24.info\/fr\/werbeartikel-kategorien\/tapis-de-souris\/eco-pad-tapis-souris-mousepads\/"},{"@type":"ListItem","position":5,"name":"ECO-pad, tapis sourisCircle 200 mm, env. 2 mm \u00e9paiss."}]},{"@type":"WebSite","@id":"https:\/\/www.promo24.info\/fr\/#website","url":"https:\/\/www.promo24.info\/fr\/","name":"Articles promotionnels de promo24","description":"","potentialAction":[{"@type":"SearchAction","target":{"@type":"EntryPoint","urlTemplate":"https:\/\/www.promo24.info\/fr\/?s={search_term_string}"},"query-input":{"@type":"PropertyValueSpecification","valueRequired":true,"valueName":"search_term_string"}}],"inLanguage":"fr-FR"}]}},"tiered_pricing_type":"fixed","tiered_pricing_fixed_rules":{"100":"9.70","250":"6.65","500":"5.65","750":"5.40"},"tiered_pricing_percentage_rules":[],"tiered_pricing_minimum":1,"tiered_pricing_roles_data":{"b2b":{"product_id":32756,"role":"b2b","pricing_type":"flat","regular_price":null,"sale_price":null,"discount":null,"discount_type":"sale_price","tiered_pricing_type":"fixed","percentage_rules":[],"fixed_rules":{"100":"4.85","250":"3.31","500":"2.82","750":"2.69"},"minimum":null}},"_links":{"self":[{"href":"https:\/\/www.promo24.info\/fr\/wp-json\/wp\/v2\/product\/32756","targetHints":{"allow":["GET"]}}],"collection":[{"href":"https:\/\/www.promo24.info\/fr\/wp-json\/wp\/v2\/product"}],"about":[{"href":"https:\/\/www.promo24.info\/fr\/wp-json\/wp\/v2\/types\/product"}],"wp:featuredmedia":[{"embeddable":true,"href":"https:\/\/www.promo24.info\/fr\/wp-json\/wp\/v2\/media\/24528"}],"wp:attachment":[{"href":"https:\/\/www.promo24.info\/fr\/wp-json\/wp\/v2\/media?parent=32756"}],"wp:term":[{"taxonomy":"product_brand","embeddable":true,"href":"https:\/\/www.promo24.info\/fr\/wp-json\/wp\/v2\/product_brand?post=32756"},{"taxonomy":"product_cat","embeddable":true,"href":"https:\/\/www.promo24.info\/fr\/wp-json\/wp\/v2\/product_cat?post=32756"},{"taxonomy":"product_tag","embeddable":true,"href":"https:\/\/www.promo24.info\/fr\/wp-json\/wp\/v2\/product_tag?post=32756"}],"curies":[{"name":"wp","href":"https:\/\/api.w.org\/{rel}","templated":true}]}}