{"id":33619,"date":"2024-04-24T14:11:25","date_gmt":"2024-04-24T14:11:25","guid":{"rendered":"https:\/\/www.promo24.info\/promotional-items\/non%20class\u00e9\/rpet-textil-pad-circle-200-x-25-mm-bord-blanc\/"},"modified":"2026-02-13T11:37:18","modified_gmt":"2026-02-13T11:37:18","slug":"rpet-textil-pad-circle-200-x-25-mm-bord-blanc","status":"publish","type":"product","link":"https:\/\/www.promo24.info\/fr\/articles-promotionnels\/tapis-de-souris\/en-microfibre-mousepads\/rpet-textil-pad-circle-200-x-25-mm-bord-blanc\/","title":{"rendered":"RPET TEXTIL-pad Circle 200 x 2,5 mm bord blanc"},"content":{"rendered":"<p>Tapis publicitaire textile \u00e0 sublimation avec dessous antid\u00e9rapant en caoutchouc naturel certifi\u00e9 FSC et surface textile en R-PET.<br \/>\nBords cousus en blanc.<br \/>\nAttention aux motifs avec cadre ou contenus proches du bord ext\u00e9rieur en raison des tol\u00e9rances de stabilit\u00e9 d&rsquo;environ +\/- 1,5 mm.<br \/>\nToutes les dimensions mentionn\u00e9es peuvent varier jusqu&rsquo;\u00e0 3 % pour des raisons de production.<\/p>\n","protected":false},"excerpt":{"rendered":"<p>Tapis publicitaire textile \u00e0 sublimation avec dessous antid\u00e9rapant en caoutchouc naturel certifi\u00e9 FSC et surface textile en R-PET. Bords cousus en blanc. Attention aux motifs avec cadre ou contenus proches du bord ext\u00e9rieur en raison des tol\u00e9rances de stabilit\u00e9 d&rsquo;environ +\/- 1,5 mm. Toutes les dimensions mentionn\u00e9es peuvent varier jusqu&rsquo;\u00e0 3 % pour des raisons [&hellip;]<\/p>\n","protected":false},"featured_media":33563,"template":"","meta":{"_acf_changed":false},"product_brand":[],"product_cat":[1395,1333],"product_tag":[],"class_list":{"0":"post-33619","1":"product","2":"type-product","3":"status-publish","4":"has-post-thumbnail","6":"product_cat-en-microfibre-mousepads","7":"product_cat-nouveaux-produits","9":"first","10":"instock","11":"taxable","12":"shipping-taxable","13":"purchasable","14":"product-type-simple"},"acf":[],"yoast_head":"<!-- This site is optimized with the Yoast SEO Premium plugin v22.3 (Yoast SEO v25.6) - https:\/\/yoast.com\/wordpress\/plugins\/seo\/ -->\n<title>Articles promotionnels de promo24 - RPET TEXTIL-pad Circle 200 x 2,5 mm bord blanc<\/title>\n<meta name=\"description\" content=\"Tapis publicitaire textile \u00e0 sublimation avec dessous antid\u00e9rapant en caoutchouc naturel certifi\u00e9 FSC et surface textile en R-PET. Bords cousus en blanc.\" \/>\n<meta name=\"robots\" content=\"index, follow, max-snippet:-1, max-image-preview:large, max-video-preview:-1\" \/>\n<link rel=\"canonical\" href=\"https:\/\/www.promo24.info\/fr\/articles-promotionnels\/tapis-de-souris\/en-microfibre-mousepads\/rpet-textil-pad-circle-200-x-25-mm-bord-blanc\/\" \/>\n<meta property=\"og:locale\" content=\"fr_FR\" \/>\n<meta property=\"og:type\" content=\"article\" \/>\n<meta property=\"og:title\" content=\"Articles promotionnels de promo24 - RPET TEXTIL-pad Circle 200 x 2,5 mm bord blanc\" \/>\n<meta property=\"og:description\" content=\"Tapis publicitaire textile \u00e0 sublimation avec dessous antid\u00e9rapant en caoutchouc naturel certifi\u00e9 FSC et surface textile en R-PET. Bords cousus en blanc.\" \/>\n<meta property=\"og:url\" content=\"https:\/\/www.promo24.info\/fr\/articles-promotionnels\/tapis-de-souris\/en-microfibre-mousepads\/rpet-textil-pad-circle-200-x-25-mm-bord-blanc\/\" \/>\n<meta property=\"og:site_name\" content=\"Articles promotionnels de promo24\" \/>\n<meta property=\"article:modified_time\" content=\"2026-02-13T11:37:18+00:00\" \/>\n<meta property=\"og:image\" content=\"https:\/\/www.promo24.info\/wp-content\/uploads\/F007338.jpg\" \/>\n\t<meta property=\"og:image:width\" content=\"2560\" \/>\n\t<meta property=\"og:image:height\" content=\"2560\" \/>\n\t<meta property=\"og:image:type\" content=\"image\/jpeg\" \/>\n<script type=\"application\/ld+json\" class=\"yoast-schema-graph\">{\"@context\":\"https:\/\/schema.org\",\"@graph\":[{\"@type\":\"WebPage\",\"@id\":\"https:\/\/www.promo24.info\/fr\/articles-promotionnels\/tapis-de-souris\/en-microfibre-mousepads\/rpet-textil-pad-circle-200-x-25-mm-bord-blanc\/\",\"url\":\"https:\/\/www.promo24.info\/fr\/articles-promotionnels\/tapis-de-souris\/en-microfibre-mousepads\/rpet-textil-pad-circle-200-x-25-mm-bord-blanc\/\",\"name\":\"Articles promotionnels de promo24 - RPET TEXTIL-pad Circle 200 x 2,5 mm bord blanc\",\"isPartOf\":{\"@id\":\"https:\/\/www.promo24.info\/fr\/#website\"},\"primaryImageOfPage\":{\"@id\":\"https:\/\/www.promo24.info\/fr\/articles-promotionnels\/tapis-de-souris\/en-microfibre-mousepads\/rpet-textil-pad-circle-200-x-25-mm-bord-blanc\/#primaryimage\"},\"image\":{\"@id\":\"https:\/\/www.promo24.info\/fr\/articles-promotionnels\/tapis-de-souris\/en-microfibre-mousepads\/rpet-textil-pad-circle-200-x-25-mm-bord-blanc\/#primaryimage\"},\"thumbnailUrl\":\"https:\/\/www.promo24.info\/wp-content\/uploads\/F007338.jpg\",\"datePublished\":\"2024-04-24T14:11:25+00:00\",\"dateModified\":\"2026-02-13T11:37:18+00:00\",\"description\":\"Tapis publicitaire textile \u00e0 sublimation avec dessous antid\u00e9rapant en caoutchouc naturel certifi\u00e9 FSC et surface textile en R-PET. Bords cousus en blanc.\",\"breadcrumb\":{\"@id\":\"https:\/\/www.promo24.info\/fr\/articles-promotionnels\/tapis-de-souris\/en-microfibre-mousepads\/rpet-textil-pad-circle-200-x-25-mm-bord-blanc\/#breadcrumb\"},\"inLanguage\":\"fr-FR\",\"potentialAction\":[{\"@type\":\"ReadAction\",\"target\":[\"https:\/\/www.promo24.info\/fr\/articles-promotionnels\/tapis-de-souris\/en-microfibre-mousepads\/rpet-textil-pad-circle-200-x-25-mm-bord-blanc\/\"]}]},{\"@type\":\"ImageObject\",\"inLanguage\":\"fr-FR\",\"@id\":\"https:\/\/www.promo24.info\/fr\/articles-promotionnels\/tapis-de-souris\/en-microfibre-mousepads\/rpet-textil-pad-circle-200-x-25-mm-bord-blanc\/#primaryimage\",\"url\":\"https:\/\/www.promo24.info\/wp-content\/uploads\/F007338.jpg\",\"contentUrl\":\"https:\/\/www.promo24.info\/wp-content\/uploads\/F007338.jpg\",\"width\":2560,\"height\":2560},{\"@type\":\"BreadcrumbList\",\"@id\":\"https:\/\/www.promo24.info\/fr\/articles-promotionnels\/tapis-de-souris\/en-microfibre-mousepads\/rpet-textil-pad-circle-200-x-25-mm-bord-blanc\/#breadcrumb\",\"itemListElement\":[{\"@type\":\"ListItem\",\"position\":1,\"name\":\"Home\",\"item\":\"https:\/\/www.promo24.info\/fr\/\"},{\"@type\":\"ListItem\",\"position\":2,\"name\":\"Articles Promotionnels\",\"item\":\"https:\/\/www.promo24.info\/fr\/produits\/\"},{\"@type\":\"ListItem\",\"position\":3,\"name\":\"Tapis de souris\",\"item\":\"https:\/\/www.promo24.info\/fr\/werbeartikel-kategorien\/tapis-de-souris\/\"},{\"@type\":\"ListItem\",\"position\":4,\"name\":\"En microfibre\",\"item\":\"https:\/\/www.promo24.info\/fr\/werbeartikel-kategorien\/tapis-de-souris\/en-microfibre-mousepads\/\"},{\"@type\":\"ListItem\",\"position\":5,\"name\":\"RPET TEXTIL-pad Circle 200 x 2,5 mm bord blanc\"}]},{\"@type\":\"WebSite\",\"@id\":\"https:\/\/www.promo24.info\/fr\/#website\",\"url\":\"https:\/\/www.promo24.info\/fr\/\",\"name\":\"Articles promotionnels de promo24\",\"description\":\"\",\"potentialAction\":[{\"@type\":\"SearchAction\",\"target\":{\"@type\":\"EntryPoint\",\"urlTemplate\":\"https:\/\/www.promo24.info\/fr\/?s={search_term_string}\"},\"query-input\":{\"@type\":\"PropertyValueSpecification\",\"valueRequired\":true,\"valueName\":\"search_term_string\"}}],\"inLanguage\":\"fr-FR\"}]}<\/script>\n<!-- \/ Yoast SEO Premium plugin. -->","yoast_head_json":{"title":"Articles promotionnels de promo24 - RPET TEXTIL-pad Circle 200 x 2,5 mm bord blanc","description":"Tapis publicitaire textile \u00e0 sublimation avec dessous antid\u00e9rapant en caoutchouc naturel certifi\u00e9 FSC et surface textile en R-PET. Bords cousus en blanc.","robots":{"index":"index","follow":"follow","max-snippet":"max-snippet:-1","max-image-preview":"max-image-preview:large","max-video-preview":"max-video-preview:-1"},"canonical":"https:\/\/www.promo24.info\/fr\/articles-promotionnels\/tapis-de-souris\/en-microfibre-mousepads\/rpet-textil-pad-circle-200-x-25-mm-bord-blanc\/","og_locale":"fr_FR","og_type":"article","og_title":"Articles promotionnels de promo24 - RPET TEXTIL-pad Circle 200 x 2,5 mm bord blanc","og_description":"Tapis publicitaire textile \u00e0 sublimation avec dessous antid\u00e9rapant en caoutchouc naturel certifi\u00e9 FSC et surface textile en R-PET. Bords cousus en blanc.","og_url":"https:\/\/www.promo24.info\/fr\/articles-promotionnels\/tapis-de-souris\/en-microfibre-mousepads\/rpet-textil-pad-circle-200-x-25-mm-bord-blanc\/","og_site_name":"Articles promotionnels de promo24","article_modified_time":"2026-02-13T11:37:18+00:00","og_image":[{"width":2560,"height":2560,"url":"https:\/\/www.promo24.info\/wp-content\/uploads\/F007338.jpg","type":"image\/jpeg"}],"schema":{"@context":"https:\/\/schema.org","@graph":[{"@type":"WebPage","@id":"https:\/\/www.promo24.info\/fr\/articles-promotionnels\/tapis-de-souris\/en-microfibre-mousepads\/rpet-textil-pad-circle-200-x-25-mm-bord-blanc\/","url":"https:\/\/www.promo24.info\/fr\/articles-promotionnels\/tapis-de-souris\/en-microfibre-mousepads\/rpet-textil-pad-circle-200-x-25-mm-bord-blanc\/","name":"Articles promotionnels de promo24 - RPET TEXTIL-pad Circle 200 x 2,5 mm bord blanc","isPartOf":{"@id":"https:\/\/www.promo24.info\/fr\/#website"},"primaryImageOfPage":{"@id":"https:\/\/www.promo24.info\/fr\/articles-promotionnels\/tapis-de-souris\/en-microfibre-mousepads\/rpet-textil-pad-circle-200-x-25-mm-bord-blanc\/#primaryimage"},"image":{"@id":"https:\/\/www.promo24.info\/fr\/articles-promotionnels\/tapis-de-souris\/en-microfibre-mousepads\/rpet-textil-pad-circle-200-x-25-mm-bord-blanc\/#primaryimage"},"thumbnailUrl":"https:\/\/www.promo24.info\/wp-content\/uploads\/F007338.jpg","datePublished":"2024-04-24T14:11:25+00:00","dateModified":"2026-02-13T11:37:18+00:00","description":"Tapis publicitaire textile \u00e0 sublimation avec dessous antid\u00e9rapant en caoutchouc naturel certifi\u00e9 FSC et surface textile en R-PET. Bords cousus en blanc.","breadcrumb":{"@id":"https:\/\/www.promo24.info\/fr\/articles-promotionnels\/tapis-de-souris\/en-microfibre-mousepads\/rpet-textil-pad-circle-200-x-25-mm-bord-blanc\/#breadcrumb"},"inLanguage":"fr-FR","potentialAction":[{"@type":"ReadAction","target":["https:\/\/www.promo24.info\/fr\/articles-promotionnels\/tapis-de-souris\/en-microfibre-mousepads\/rpet-textil-pad-circle-200-x-25-mm-bord-blanc\/"]}]},{"@type":"ImageObject","inLanguage":"fr-FR","@id":"https:\/\/www.promo24.info\/fr\/articles-promotionnels\/tapis-de-souris\/en-microfibre-mousepads\/rpet-textil-pad-circle-200-x-25-mm-bord-blanc\/#primaryimage","url":"https:\/\/www.promo24.info\/wp-content\/uploads\/F007338.jpg","contentUrl":"https:\/\/www.promo24.info\/wp-content\/uploads\/F007338.jpg","width":2560,"height":2560},{"@type":"BreadcrumbList","@id":"https:\/\/www.promo24.info\/fr\/articles-promotionnels\/tapis-de-souris\/en-microfibre-mousepads\/rpet-textil-pad-circle-200-x-25-mm-bord-blanc\/#breadcrumb","itemListElement":[{"@type":"ListItem","position":1,"name":"Home","item":"https:\/\/www.promo24.info\/fr\/"},{"@type":"ListItem","position":2,"name":"Articles Promotionnels","item":"https:\/\/www.promo24.info\/fr\/produits\/"},{"@type":"ListItem","position":3,"name":"Tapis de souris","item":"https:\/\/www.promo24.info\/fr\/werbeartikel-kategorien\/tapis-de-souris\/"},{"@type":"ListItem","position":4,"name":"En microfibre","item":"https:\/\/www.promo24.info\/fr\/werbeartikel-kategorien\/tapis-de-souris\/en-microfibre-mousepads\/"},{"@type":"ListItem","position":5,"name":"RPET TEXTIL-pad Circle 200 x 2,5 mm bord blanc"}]},{"@type":"WebSite","@id":"https:\/\/www.promo24.info\/fr\/#website","url":"https:\/\/www.promo24.info\/fr\/","name":"Articles promotionnels de promo24","description":"","potentialAction":[{"@type":"SearchAction","target":{"@type":"EntryPoint","urlTemplate":"https:\/\/www.promo24.info\/fr\/?s={search_term_string}"},"query-input":{"@type":"PropertyValueSpecification","valueRequired":true,"valueName":"search_term_string"}}],"inLanguage":"fr-FR"}]}},"tiered_pricing_type":"fixed","tiered_pricing_fixed_rules":{"50":"9.40","100":"6.60","250":"4.95","500":"4.30"},"tiered_pricing_percentage_rules":[],"tiered_pricing_minimum":1,"tiered_pricing_roles_data":{"b2b":{"product_id":33619,"role":"b2b","pricing_type":"flat","regular_price":null,"sale_price":null,"discount":null,"discount_type":"sale_price","tiered_pricing_type":"fixed","percentage_rules":[],"fixed_rules":{"50":"4.70","100":"3.30","250":"2.47","500":"2.13"},"minimum":null}},"_links":{"self":[{"href":"https:\/\/www.promo24.info\/fr\/wp-json\/wp\/v2\/product\/33619","targetHints":{"allow":["GET"]}}],"collection":[{"href":"https:\/\/www.promo24.info\/fr\/wp-json\/wp\/v2\/product"}],"about":[{"href":"https:\/\/www.promo24.info\/fr\/wp-json\/wp\/v2\/types\/product"}],"wp:featuredmedia":[{"embeddable":true,"href":"https:\/\/www.promo24.info\/fr\/wp-json\/wp\/v2\/media\/33563"}],"wp:attachment":[{"href":"https:\/\/www.promo24.info\/fr\/wp-json\/wp\/v2\/media?parent=33619"}],"wp:term":[{"taxonomy":"product_brand","embeddable":true,"href":"https:\/\/www.promo24.info\/fr\/wp-json\/wp\/v2\/product_brand?post=33619"},{"taxonomy":"product_cat","embeddable":true,"href":"https:\/\/www.promo24.info\/fr\/wp-json\/wp\/v2\/product_cat?post=33619"},{"taxonomy":"product_tag","embeddable":true,"href":"https:\/\/www.promo24.info\/fr\/wp-json\/wp\/v2\/product_tag?post=33619"}],"curies":[{"name":"wp","href":"https:\/\/api.w.org\/{rel}","templated":true}]}}