{"id":35086,"date":"2024-09-09T12:11:52","date_gmt":"2024-09-09T12:11:52","guid":{"rendered":"https:\/\/www.promo24.info\/werbeartikel\/non%20class\u00e9\/notebook-rpet-tapis-microfibre-4-en-1-290-x-150-x-1-mm\/"},"modified":"2026-02-13T11:43:24","modified_gmt":"2026-02-13T11:43:24","slug":"notebook-rpet-tapis-microfibre-4-en-1-290-x-150-x-1-mm","status":"publish","type":"product","link":"https:\/\/www.promo24.info\/fr\/articles-promotionnels\/nouveaux-produits\/notebook-rpet-tapis-microfibre-4-en-1-290-x-150-x-1-mm\/","title":{"rendered":"Notebook RPET Tapis microfibre 4 en 1 &#8211; 290 x 150 x 1 mm"},"content":{"rendered":"<p>Fabriqu\u00e9 \u00e0 partir de bouteilles PET recycl\u00e9es \u00e0 70%!<br \/>\nTapis de souris, chiffon pour lunette, chiffon en microfibre et protecteur d&rsquo;\u00e9cran pour ordinateurs.  portables, qualit\u00e9 certifi\u00e9e REACH.<br \/>\nTissu en microfibre de surface (70% polyester + 30% nylon) d&rsquo;environ 1 mm d&rsquo;\u00e9paisseur.<br \/>\nFace inf\u00e9rieure du rev\u00eatement silicone adh\u00e9sif blanc.<br \/>\nImpression par transfert.<br \/>\nSoyez prudent avec les motifs avec des cadres ou du contenu pr\u00e8s du bord ext\u00e9rieur en raison de la tol\u00e9rance de calage d&rsquo;environ +\/- 1,5 mm.<br \/>\nLe produit est certifi\u00e9 selon la norme GRS = Global Recycling Standard, qui garantit que les bouteilles PET usag\u00e9es sont r\u00e9utilis\u00e9es pour fabriquer le RPET.<\/p>\n","protected":false},"excerpt":{"rendered":"<p>Fabriqu\u00e9 \u00e0 partir de bouteilles PET recycl\u00e9es \u00e0 70%! Tapis de souris, chiffon pour lunette, chiffon en microfibre et protecteur d&rsquo;\u00e9cran pour ordinateurs. portables, qualit\u00e9 certifi\u00e9e REACH. Tissu en microfibre de surface (70% polyester + 30% nylon) d&rsquo;environ 1 mm d&rsquo;\u00e9paisseur. Face inf\u00e9rieure du rev\u00eatement silicone adh\u00e9sif blanc. Impression par transfert. Soyez prudent avec les [&hellip;]<\/p>\n","protected":false},"featured_media":35078,"template":"","meta":{"_acf_changed":false},"product_brand":[],"product_cat":[1835,1369,1373,1333],"product_tag":[],"class_list":{"0":"post-35086","1":"product","2":"type-product","3":"status-publish","4":"has-post-thumbnail","6":"product_cat-rpet-4-in-1-tapis-nachhaltige-produkte","7":"product_cat-accessoires-pour-pc-ordinateur-portable","8":"product_cat-lingettes-microfibre","9":"product_cat-nouveaux-produits","11":"first","12":"instock","13":"taxable","14":"shipping-taxable","15":"purchasable","16":"product-type-simple"},"acf":[],"yoast_head":"<!-- This site is optimized with the Yoast SEO Premium plugin v22.3 (Yoast SEO v25.6) - https:\/\/yoast.com\/wordpress\/plugins\/seo\/ -->\n<title>Articles promotionnels de promo24 - Notebook RPET Tapis microfibre 4 en 1 - 290 x 150 x 1 mm<\/title>\n<meta name=\"description\" content=\"Fabriqu\u00e9 \u00e0 partir de bouteilles PET recycl\u00e9es \u00e0 70%! Tapis de souris, chiffon pour lunette, chiffon en microfibre et protecteur d&#039;\u00e9cran pour ordinateurs.\" \/>\n<meta name=\"robots\" content=\"index, follow, max-snippet:-1, max-image-preview:large, max-video-preview:-1\" \/>\n<link rel=\"canonical\" href=\"https:\/\/www.promo24.info\/fr\/articles-promotionnels\/nouveaux-produits\/notebook-rpet-tapis-microfibre-4-en-1-290-x-150-x-1-mm\/\" \/>\n<meta property=\"og:locale\" content=\"fr_FR\" \/>\n<meta property=\"og:type\" content=\"article\" \/>\n<meta property=\"og:title\" content=\"Articles promotionnels de promo24 - Notebook RPET Tapis microfibre 4 en 1 - 290 x 150 x 1 mm\" \/>\n<meta property=\"og:description\" content=\"Fabriqu\u00e9 \u00e0 partir de bouteilles PET recycl\u00e9es \u00e0 70%! Tapis de souris, chiffon pour lunette, chiffon en microfibre et protecteur d&#039;\u00e9cran pour ordinateurs.\" \/>\n<meta property=\"og:url\" content=\"https:\/\/www.promo24.info\/fr\/articles-promotionnels\/nouveaux-produits\/notebook-rpet-tapis-microfibre-4-en-1-290-x-150-x-1-mm\/\" \/>\n<meta property=\"og:site_name\" content=\"Articles promotionnels de promo24\" \/>\n<meta property=\"article:modified_time\" content=\"2026-02-13T11:43:24+00:00\" \/>\n<meta property=\"og:image\" content=\"https:\/\/www.promo24.info\/wp-content\/uploads\/F007354.jpg\" \/>\n\t<meta property=\"og:image:width\" content=\"2560\" \/>\n\t<meta property=\"og:image:height\" content=\"1493\" \/>\n\t<meta property=\"og:image:type\" content=\"image\/jpeg\" \/>\n<meta name=\"twitter:label1\" content=\"Dur\u00e9e de lecture estim\u00e9e\" \/>\n\t<meta name=\"twitter:data1\" content=\"1 minute\" \/>\n<script type=\"application\/ld+json\" class=\"yoast-schema-graph\">{\"@context\":\"https:\/\/schema.org\",\"@graph\":[{\"@type\":\"WebPage\",\"@id\":\"https:\/\/www.promo24.info\/fr\/articles-promotionnels\/nouveaux-produits\/notebook-rpet-tapis-microfibre-4-en-1-290-x-150-x-1-mm\/\",\"url\":\"https:\/\/www.promo24.info\/fr\/articles-promotionnels\/nouveaux-produits\/notebook-rpet-tapis-microfibre-4-en-1-290-x-150-x-1-mm\/\",\"name\":\"Articles promotionnels de promo24 - Notebook RPET Tapis microfibre 4 en 1 - 290 x 150 x 1 mm\",\"isPartOf\":{\"@id\":\"https:\/\/www.promo24.info\/fr\/#website\"},\"primaryImageOfPage\":{\"@id\":\"https:\/\/www.promo24.info\/fr\/articles-promotionnels\/nouveaux-produits\/notebook-rpet-tapis-microfibre-4-en-1-290-x-150-x-1-mm\/#primaryimage\"},\"image\":{\"@id\":\"https:\/\/www.promo24.info\/fr\/articles-promotionnels\/nouveaux-produits\/notebook-rpet-tapis-microfibre-4-en-1-290-x-150-x-1-mm\/#primaryimage\"},\"thumbnailUrl\":\"https:\/\/www.promo24.info\/wp-content\/uploads\/F007354.jpg\",\"datePublished\":\"2024-09-09T12:11:52+00:00\",\"dateModified\":\"2026-02-13T11:43:24+00:00\",\"description\":\"Fabriqu\u00e9 \u00e0 partir de bouteilles PET recycl\u00e9es \u00e0 70%! Tapis de souris, chiffon pour lunette, chiffon en microfibre et protecteur d'\u00e9cran pour ordinateurs.\",\"breadcrumb\":{\"@id\":\"https:\/\/www.promo24.info\/fr\/articles-promotionnels\/nouveaux-produits\/notebook-rpet-tapis-microfibre-4-en-1-290-x-150-x-1-mm\/#breadcrumb\"},\"inLanguage\":\"fr-FR\",\"potentialAction\":[{\"@type\":\"ReadAction\",\"target\":[\"https:\/\/www.promo24.info\/fr\/articles-promotionnels\/nouveaux-produits\/notebook-rpet-tapis-microfibre-4-en-1-290-x-150-x-1-mm\/\"]}]},{\"@type\":\"ImageObject\",\"inLanguage\":\"fr-FR\",\"@id\":\"https:\/\/www.promo24.info\/fr\/articles-promotionnels\/nouveaux-produits\/notebook-rpet-tapis-microfibre-4-en-1-290-x-150-x-1-mm\/#primaryimage\",\"url\":\"https:\/\/www.promo24.info\/wp-content\/uploads\/F007354.jpg\",\"contentUrl\":\"https:\/\/www.promo24.info\/wp-content\/uploads\/F007354.jpg\",\"width\":2560,\"height\":1493},{\"@type\":\"BreadcrumbList\",\"@id\":\"https:\/\/www.promo24.info\/fr\/articles-promotionnels\/nouveaux-produits\/notebook-rpet-tapis-microfibre-4-en-1-290-x-150-x-1-mm\/#breadcrumb\",\"itemListElement\":[{\"@type\":\"ListItem\",\"position\":1,\"name\":\"Home\",\"item\":\"https:\/\/www.promo24.info\/fr\/\"},{\"@type\":\"ListItem\",\"position\":2,\"name\":\"Articles Promotionnels\",\"item\":\"https:\/\/www.promo24.info\/fr\/produits\/\"},{\"@type\":\"ListItem\",\"position\":3,\"name\":\"RPET 4 in 1 tapis\",\"item\":\"https:\/\/www.promo24.info\/fr\/werbeartikel-kategorien\/rpet-4-in-1-tapis-nachhaltige-produkte\/\"},{\"@type\":\"ListItem\",\"position\":4,\"name\":\"Notebook RPET Tapis microfibre 4 en 1 &#8211; 290 x 150 x 1 mm\"}]},{\"@type\":\"WebSite\",\"@id\":\"https:\/\/www.promo24.info\/fr\/#website\",\"url\":\"https:\/\/www.promo24.info\/fr\/\",\"name\":\"Articles promotionnels de promo24\",\"description\":\"\",\"potentialAction\":[{\"@type\":\"SearchAction\",\"target\":{\"@type\":\"EntryPoint\",\"urlTemplate\":\"https:\/\/www.promo24.info\/fr\/?s={search_term_string}\"},\"query-input\":{\"@type\":\"PropertyValueSpecification\",\"valueRequired\":true,\"valueName\":\"search_term_string\"}}],\"inLanguage\":\"fr-FR\"}]}<\/script>\n<!-- \/ Yoast SEO Premium plugin. -->","yoast_head_json":{"title":"Articles promotionnels de promo24 - Notebook RPET Tapis microfibre 4 en 1 - 290 x 150 x 1 mm","description":"Fabriqu\u00e9 \u00e0 partir de bouteilles PET recycl\u00e9es \u00e0 70%! Tapis de souris, chiffon pour lunette, chiffon en microfibre et protecteur d'\u00e9cran pour ordinateurs.","robots":{"index":"index","follow":"follow","max-snippet":"max-snippet:-1","max-image-preview":"max-image-preview:large","max-video-preview":"max-video-preview:-1"},"canonical":"https:\/\/www.promo24.info\/fr\/articles-promotionnels\/nouveaux-produits\/notebook-rpet-tapis-microfibre-4-en-1-290-x-150-x-1-mm\/","og_locale":"fr_FR","og_type":"article","og_title":"Articles promotionnels de promo24 - Notebook RPET Tapis microfibre 4 en 1 - 290 x 150 x 1 mm","og_description":"Fabriqu\u00e9 \u00e0 partir de bouteilles PET recycl\u00e9es \u00e0 70%! Tapis de souris, chiffon pour lunette, chiffon en microfibre et protecteur d'\u00e9cran pour ordinateurs.","og_url":"https:\/\/www.promo24.info\/fr\/articles-promotionnels\/nouveaux-produits\/notebook-rpet-tapis-microfibre-4-en-1-290-x-150-x-1-mm\/","og_site_name":"Articles promotionnels de promo24","article_modified_time":"2026-02-13T11:43:24+00:00","og_image":[{"width":2560,"height":1493,"url":"https:\/\/www.promo24.info\/wp-content\/uploads\/F007354.jpg","type":"image\/jpeg"}],"twitter_misc":{"Dur\u00e9e de lecture estim\u00e9e":"1 minute"},"schema":{"@context":"https:\/\/schema.org","@graph":[{"@type":"WebPage","@id":"https:\/\/www.promo24.info\/fr\/articles-promotionnels\/nouveaux-produits\/notebook-rpet-tapis-microfibre-4-en-1-290-x-150-x-1-mm\/","url":"https:\/\/www.promo24.info\/fr\/articles-promotionnels\/nouveaux-produits\/notebook-rpet-tapis-microfibre-4-en-1-290-x-150-x-1-mm\/","name":"Articles promotionnels de promo24 - Notebook RPET Tapis microfibre 4 en 1 - 290 x 150 x 1 mm","isPartOf":{"@id":"https:\/\/www.promo24.info\/fr\/#website"},"primaryImageOfPage":{"@id":"https:\/\/www.promo24.info\/fr\/articles-promotionnels\/nouveaux-produits\/notebook-rpet-tapis-microfibre-4-en-1-290-x-150-x-1-mm\/#primaryimage"},"image":{"@id":"https:\/\/www.promo24.info\/fr\/articles-promotionnels\/nouveaux-produits\/notebook-rpet-tapis-microfibre-4-en-1-290-x-150-x-1-mm\/#primaryimage"},"thumbnailUrl":"https:\/\/www.promo24.info\/wp-content\/uploads\/F007354.jpg","datePublished":"2024-09-09T12:11:52+00:00","dateModified":"2026-02-13T11:43:24+00:00","description":"Fabriqu\u00e9 \u00e0 partir de bouteilles PET recycl\u00e9es \u00e0 70%! Tapis de souris, chiffon pour lunette, chiffon en microfibre et protecteur d'\u00e9cran pour ordinateurs.","breadcrumb":{"@id":"https:\/\/www.promo24.info\/fr\/articles-promotionnels\/nouveaux-produits\/notebook-rpet-tapis-microfibre-4-en-1-290-x-150-x-1-mm\/#breadcrumb"},"inLanguage":"fr-FR","potentialAction":[{"@type":"ReadAction","target":["https:\/\/www.promo24.info\/fr\/articles-promotionnels\/nouveaux-produits\/notebook-rpet-tapis-microfibre-4-en-1-290-x-150-x-1-mm\/"]}]},{"@type":"ImageObject","inLanguage":"fr-FR","@id":"https:\/\/www.promo24.info\/fr\/articles-promotionnels\/nouveaux-produits\/notebook-rpet-tapis-microfibre-4-en-1-290-x-150-x-1-mm\/#primaryimage","url":"https:\/\/www.promo24.info\/wp-content\/uploads\/F007354.jpg","contentUrl":"https:\/\/www.promo24.info\/wp-content\/uploads\/F007354.jpg","width":2560,"height":1493},{"@type":"BreadcrumbList","@id":"https:\/\/www.promo24.info\/fr\/articles-promotionnels\/nouveaux-produits\/notebook-rpet-tapis-microfibre-4-en-1-290-x-150-x-1-mm\/#breadcrumb","itemListElement":[{"@type":"ListItem","position":1,"name":"Home","item":"https:\/\/www.promo24.info\/fr\/"},{"@type":"ListItem","position":2,"name":"Articles Promotionnels","item":"https:\/\/www.promo24.info\/fr\/produits\/"},{"@type":"ListItem","position":3,"name":"RPET 4 in 1 tapis","item":"https:\/\/www.promo24.info\/fr\/werbeartikel-kategorien\/rpet-4-in-1-tapis-nachhaltige-produkte\/"},{"@type":"ListItem","position":4,"name":"Notebook RPET Tapis microfibre 4 en 1 &#8211; 290 x 150 x 1 mm"}]},{"@type":"WebSite","@id":"https:\/\/www.promo24.info\/fr\/#website","url":"https:\/\/www.promo24.info\/fr\/","name":"Articles promotionnels de promo24","description":"","potentialAction":[{"@type":"SearchAction","target":{"@type":"EntryPoint","urlTemplate":"https:\/\/www.promo24.info\/fr\/?s={search_term_string}"},"query-input":{"@type":"PropertyValueSpecification","valueRequired":true,"valueName":"search_term_string"}}],"inLanguage":"fr-FR"}]}},"tiered_pricing_type":"fixed","tiered_pricing_fixed_rules":{"50":"12.55","100":"8.85","250":"6.70","500":"5.95"},"tiered_pricing_percentage_rules":[],"tiered_pricing_minimum":1,"tiered_pricing_roles_data":{"b2b":{"product_id":35086,"role":"b2b","pricing_type":"flat","regular_price":null,"sale_price":null,"discount":null,"discount_type":"sale_price","tiered_pricing_type":"fixed","percentage_rules":[],"fixed_rules":{"50":"6.27","100":"4.41","250":"3.33","500":"2.97"},"minimum":null}},"_links":{"self":[{"href":"https:\/\/www.promo24.info\/fr\/wp-json\/wp\/v2\/product\/35086","targetHints":{"allow":["GET"]}}],"collection":[{"href":"https:\/\/www.promo24.info\/fr\/wp-json\/wp\/v2\/product"}],"about":[{"href":"https:\/\/www.promo24.info\/fr\/wp-json\/wp\/v2\/types\/product"}],"wp:featuredmedia":[{"embeddable":true,"href":"https:\/\/www.promo24.info\/fr\/wp-json\/wp\/v2\/media\/35078"}],"wp:attachment":[{"href":"https:\/\/www.promo24.info\/fr\/wp-json\/wp\/v2\/media?parent=35086"}],"wp:term":[{"taxonomy":"product_brand","embeddable":true,"href":"https:\/\/www.promo24.info\/fr\/wp-json\/wp\/v2\/product_brand?post=35086"},{"taxonomy":"product_cat","embeddable":true,"href":"https:\/\/www.promo24.info\/fr\/wp-json\/wp\/v2\/product_cat?post=35086"},{"taxonomy":"product_tag","embeddable":true,"href":"https:\/\/www.promo24.info\/fr\/wp-json\/wp\/v2\/product_tag?post=35086"}],"curies":[{"name":"wp","href":"https:\/\/api.w.org\/{rel}","templated":true}]}}