{"id":35199,"date":"2024-11-04T14:54:05","date_gmt":"2024-11-04T14:54:05","guid":{"rendered":"https:\/\/www.promo24.info\/werbeartikel\/non%20class\u00e9\/tui-earpod-personnalis\/"},"modified":"2026-02-13T11:46:09","modified_gmt":"2026-02-13T11:46:09","slug":"tui-earpod-personnalis","status":"publish","type":"product","link":"https:\/\/www.promo24.info\/fr\/articles-promotionnels\/nouveaux-produits\/tui-earpod-personnalis\/","title":{"rendered":"\u00c9tui Earpod personnalis\u00e9"},"content":{"rendered":"<p>Cr\u00e9e ton propre bo\u00eetier Earpod &#8211; cr\u00e9atif, individuel et avec un design unique qui attirera \u00e0 coup s\u00fbr tous les regards. Chaque design est calcul\u00e9 individuellement.<\/p>\n","protected":false},"excerpt":{"rendered":"<p>Cr\u00e9e ton propre bo\u00eetier Earpod &#8211; cr\u00e9atif, individuel et avec un design unique qui attirera \u00e0 coup s\u00fbr tous les regards. Chaque design est calcul\u00e9 individuellement.<\/p>\n","protected":false},"featured_media":35193,"template":"","meta":{"_acf_changed":false},"product_brand":[],"product_cat":[1365,1367,1375,1333],"product_tag":[],"class_list":{"0":"post-35199","1":"product","2":"type-product","3":"status-publish","4":"has-post-thumbnail","6":"product_cat-casques-audio","7":"product_cat-formes-spciales","8":"product_cat-cool-gadgets","9":"product_cat-nouveaux-produits","11":"first","12":"instock","13":"taxable","14":"shipping-taxable","15":"purchasable","16":"product-type-simple"},"acf":[],"yoast_head":"<!-- This site is optimized with the Yoast SEO Premium plugin v22.3 (Yoast SEO v25.6) - https:\/\/yoast.com\/wordpress\/plugins\/seo\/ -->\n<title>Articles promotionnels de promo24 - \u00c9tui Earpod personnalis\u00e9<\/title>\n<meta name=\"description\" content=\"Cr\u00e9e ton propre bo\u00eetier Earpod - cr\u00e9atif, individuel et avec un design unique qui attirera \u00e0 coup s\u00fbr tous les regards. Chaque design est calcul\u00e9\" \/>\n<meta name=\"robots\" content=\"index, follow, max-snippet:-1, max-image-preview:large, max-video-preview:-1\" \/>\n<link rel=\"canonical\" href=\"https:\/\/www.promo24.info\/fr\/articles-promotionnels\/nouveaux-produits\/tui-earpod-personnalis\/\" \/>\n<meta property=\"og:locale\" content=\"fr_FR\" \/>\n<meta property=\"og:type\" content=\"article\" \/>\n<meta property=\"og:title\" content=\"Articles promotionnels de promo24 - \u00c9tui Earpod personnalis\u00e9\" \/>\n<meta property=\"og:description\" content=\"Cr\u00e9e ton propre bo\u00eetier Earpod - cr\u00e9atif, individuel et avec un design unique qui attirera \u00e0 coup s\u00fbr tous les regards. Chaque design est calcul\u00e9\" \/>\n<meta property=\"og:url\" content=\"https:\/\/www.promo24.info\/fr\/articles-promotionnels\/nouveaux-produits\/tui-earpod-personnalis\/\" \/>\n<meta property=\"og:site_name\" content=\"Articles promotionnels de promo24\" \/>\n<meta property=\"article:modified_time\" content=\"2026-02-13T11:46:09+00:00\" \/>\n<meta property=\"og:image\" content=\"https:\/\/www.promo24.info\/wp-content\/uploads\/F007367-scaled.jpg\" \/>\n\t<meta property=\"og:image:width\" content=\"2560\" \/>\n\t<meta property=\"og:image:height\" content=\"2560\" \/>\n\t<meta property=\"og:image:type\" content=\"image\/jpeg\" \/>\n<script type=\"application\/ld+json\" class=\"yoast-schema-graph\">{\"@context\":\"https:\/\/schema.org\",\"@graph\":[{\"@type\":\"WebPage\",\"@id\":\"https:\/\/www.promo24.info\/fr\/articles-promotionnels\/nouveaux-produits\/tui-earpod-personnalis\/\",\"url\":\"https:\/\/www.promo24.info\/fr\/articles-promotionnels\/nouveaux-produits\/tui-earpod-personnalis\/\",\"name\":\"Articles promotionnels de promo24 - \u00c9tui Earpod personnalis\u00e9\",\"isPartOf\":{\"@id\":\"https:\/\/www.promo24.info\/fr\/#website\"},\"primaryImageOfPage\":{\"@id\":\"https:\/\/www.promo24.info\/fr\/articles-promotionnels\/nouveaux-produits\/tui-earpod-personnalis\/#primaryimage\"},\"image\":{\"@id\":\"https:\/\/www.promo24.info\/fr\/articles-promotionnels\/nouveaux-produits\/tui-earpod-personnalis\/#primaryimage\"},\"thumbnailUrl\":\"https:\/\/www.promo24.info\/wp-content\/uploads\/F007367-scaled.jpg\",\"datePublished\":\"2024-11-04T14:54:05+00:00\",\"dateModified\":\"2026-02-13T11:46:09+00:00\",\"description\":\"Cr\u00e9e ton propre bo\u00eetier Earpod - cr\u00e9atif, individuel et avec un design unique qui attirera \u00e0 coup s\u00fbr tous les regards. Chaque design est calcul\u00e9\",\"breadcrumb\":{\"@id\":\"https:\/\/www.promo24.info\/fr\/articles-promotionnels\/nouveaux-produits\/tui-earpod-personnalis\/#breadcrumb\"},\"inLanguage\":\"fr-FR\",\"potentialAction\":[{\"@type\":\"ReadAction\",\"target\":[\"https:\/\/www.promo24.info\/fr\/articles-promotionnels\/nouveaux-produits\/tui-earpod-personnalis\/\"]}]},{\"@type\":\"ImageObject\",\"inLanguage\":\"fr-FR\",\"@id\":\"https:\/\/www.promo24.info\/fr\/articles-promotionnels\/nouveaux-produits\/tui-earpod-personnalis\/#primaryimage\",\"url\":\"https:\/\/www.promo24.info\/wp-content\/uploads\/F007367-scaled.jpg\",\"contentUrl\":\"https:\/\/www.promo24.info\/wp-content\/uploads\/F007367-scaled.jpg\",\"width\":2560,\"height\":2560},{\"@type\":\"BreadcrumbList\",\"@id\":\"https:\/\/www.promo24.info\/fr\/articles-promotionnels\/nouveaux-produits\/tui-earpod-personnalis\/#breadcrumb\",\"itemListElement\":[{\"@type\":\"ListItem\",\"position\":1,\"name\":\"Home\",\"item\":\"https:\/\/www.promo24.info\/fr\/\"},{\"@type\":\"ListItem\",\"position\":2,\"name\":\"Articles Promotionnels\",\"item\":\"https:\/\/www.promo24.info\/fr\/produits\/\"},{\"@type\":\"ListItem\",\"position\":3,\"name\":\"Casques audio\",\"item\":\"https:\/\/www.promo24.info\/fr\/werbeartikel-kategorien\/casques-audio\/\"},{\"@type\":\"ListItem\",\"position\":4,\"name\":\"\u00c9tui Earpod personnalis\u00e9\"}]},{\"@type\":\"WebSite\",\"@id\":\"https:\/\/www.promo24.info\/fr\/#website\",\"url\":\"https:\/\/www.promo24.info\/fr\/\",\"name\":\"Articles promotionnels de promo24\",\"description\":\"\",\"potentialAction\":[{\"@type\":\"SearchAction\",\"target\":{\"@type\":\"EntryPoint\",\"urlTemplate\":\"https:\/\/www.promo24.info\/fr\/?s={search_term_string}\"},\"query-input\":{\"@type\":\"PropertyValueSpecification\",\"valueRequired\":true,\"valueName\":\"search_term_string\"}}],\"inLanguage\":\"fr-FR\"}]}<\/script>\n<!-- \/ Yoast SEO Premium plugin. -->","yoast_head_json":{"title":"Articles promotionnels de promo24 - \u00c9tui Earpod personnalis\u00e9","description":"Cr\u00e9e ton propre bo\u00eetier Earpod - cr\u00e9atif, individuel et avec un design unique qui attirera \u00e0 coup s\u00fbr tous les regards. Chaque design est calcul\u00e9","robots":{"index":"index","follow":"follow","max-snippet":"max-snippet:-1","max-image-preview":"max-image-preview:large","max-video-preview":"max-video-preview:-1"},"canonical":"https:\/\/www.promo24.info\/fr\/articles-promotionnels\/nouveaux-produits\/tui-earpod-personnalis\/","og_locale":"fr_FR","og_type":"article","og_title":"Articles promotionnels de promo24 - \u00c9tui Earpod personnalis\u00e9","og_description":"Cr\u00e9e ton propre bo\u00eetier Earpod - cr\u00e9atif, individuel et avec un design unique qui attirera \u00e0 coup s\u00fbr tous les regards. Chaque design est calcul\u00e9","og_url":"https:\/\/www.promo24.info\/fr\/articles-promotionnels\/nouveaux-produits\/tui-earpod-personnalis\/","og_site_name":"Articles promotionnels de promo24","article_modified_time":"2026-02-13T11:46:09+00:00","og_image":[{"width":2560,"height":2560,"url":"https:\/\/www.promo24.info\/wp-content\/uploads\/F007367-scaled.jpg","type":"image\/jpeg"}],"schema":{"@context":"https:\/\/schema.org","@graph":[{"@type":"WebPage","@id":"https:\/\/www.promo24.info\/fr\/articles-promotionnels\/nouveaux-produits\/tui-earpod-personnalis\/","url":"https:\/\/www.promo24.info\/fr\/articles-promotionnels\/nouveaux-produits\/tui-earpod-personnalis\/","name":"Articles promotionnels de promo24 - \u00c9tui Earpod personnalis\u00e9","isPartOf":{"@id":"https:\/\/www.promo24.info\/fr\/#website"},"primaryImageOfPage":{"@id":"https:\/\/www.promo24.info\/fr\/articles-promotionnels\/nouveaux-produits\/tui-earpod-personnalis\/#primaryimage"},"image":{"@id":"https:\/\/www.promo24.info\/fr\/articles-promotionnels\/nouveaux-produits\/tui-earpod-personnalis\/#primaryimage"},"thumbnailUrl":"https:\/\/www.promo24.info\/wp-content\/uploads\/F007367-scaled.jpg","datePublished":"2024-11-04T14:54:05+00:00","dateModified":"2026-02-13T11:46:09+00:00","description":"Cr\u00e9e ton propre bo\u00eetier Earpod - cr\u00e9atif, individuel et avec un design unique qui attirera \u00e0 coup s\u00fbr tous les regards. Chaque design est calcul\u00e9","breadcrumb":{"@id":"https:\/\/www.promo24.info\/fr\/articles-promotionnels\/nouveaux-produits\/tui-earpod-personnalis\/#breadcrumb"},"inLanguage":"fr-FR","potentialAction":[{"@type":"ReadAction","target":["https:\/\/www.promo24.info\/fr\/articles-promotionnels\/nouveaux-produits\/tui-earpod-personnalis\/"]}]},{"@type":"ImageObject","inLanguage":"fr-FR","@id":"https:\/\/www.promo24.info\/fr\/articles-promotionnels\/nouveaux-produits\/tui-earpod-personnalis\/#primaryimage","url":"https:\/\/www.promo24.info\/wp-content\/uploads\/F007367-scaled.jpg","contentUrl":"https:\/\/www.promo24.info\/wp-content\/uploads\/F007367-scaled.jpg","width":2560,"height":2560},{"@type":"BreadcrumbList","@id":"https:\/\/www.promo24.info\/fr\/articles-promotionnels\/nouveaux-produits\/tui-earpod-personnalis\/#breadcrumb","itemListElement":[{"@type":"ListItem","position":1,"name":"Home","item":"https:\/\/www.promo24.info\/fr\/"},{"@type":"ListItem","position":2,"name":"Articles Promotionnels","item":"https:\/\/www.promo24.info\/fr\/produits\/"},{"@type":"ListItem","position":3,"name":"Casques audio","item":"https:\/\/www.promo24.info\/fr\/werbeartikel-kategorien\/casques-audio\/"},{"@type":"ListItem","position":4,"name":"\u00c9tui Earpod personnalis\u00e9"}]},{"@type":"WebSite","@id":"https:\/\/www.promo24.info\/fr\/#website","url":"https:\/\/www.promo24.info\/fr\/","name":"Articles promotionnels de promo24","description":"","potentialAction":[{"@type":"SearchAction","target":{"@type":"EntryPoint","urlTemplate":"https:\/\/www.promo24.info\/fr\/?s={search_term_string}"},"query-input":{"@type":"PropertyValueSpecification","valueRequired":true,"valueName":"search_term_string"}}],"inLanguage":"fr-FR"}]}},"tiered_pricing_type":"fixed","tiered_pricing_fixed_rules":{"250":"14.25","500":"12.05","1000":"11.25","2500":"10.60"},"tiered_pricing_percentage_rules":[],"tiered_pricing_minimum":1,"tiered_pricing_roles_data":{"b2b":{"product_id":35199,"role":"b2b","pricing_type":"flat","regular_price":null,"sale_price":null,"discount":null,"discount_type":"sale_price","tiered_pricing_type":"fixed","percentage_rules":[],"fixed_rules":{"250":"7.11","500":"6.01","1000":"5.61","2500":"5.30"},"minimum":null}},"_links":{"self":[{"href":"https:\/\/www.promo24.info\/fr\/wp-json\/wp\/v2\/product\/35199","targetHints":{"allow":["GET"]}}],"collection":[{"href":"https:\/\/www.promo24.info\/fr\/wp-json\/wp\/v2\/product"}],"about":[{"href":"https:\/\/www.promo24.info\/fr\/wp-json\/wp\/v2\/types\/product"}],"wp:featuredmedia":[{"embeddable":true,"href":"https:\/\/www.promo24.info\/fr\/wp-json\/wp\/v2\/media\/35193"}],"wp:attachment":[{"href":"https:\/\/www.promo24.info\/fr\/wp-json\/wp\/v2\/media?parent=35199"}],"wp:term":[{"taxonomy":"product_brand","embeddable":true,"href":"https:\/\/www.promo24.info\/fr\/wp-json\/wp\/v2\/product_brand?post=35199"},{"taxonomy":"product_cat","embeddable":true,"href":"https:\/\/www.promo24.info\/fr\/wp-json\/wp\/v2\/product_cat?post=35199"},{"taxonomy":"product_tag","embeddable":true,"href":"https:\/\/www.promo24.info\/fr\/wp-json\/wp\/v2\/product_tag?post=35199"}],"curies":[{"name":"wp","href":"https:\/\/api.w.org\/{rel}","templated":true}]}}