{"id":35213,"date":"2024-11-11T08:30:24","date_gmt":"2024-11-11T08:30:24","guid":{"rendered":"https:\/\/www.promo24.info\/werbeartikel\/non%20class\u00e9\/textil-gaming-pad-600-x-400-x-25-mm-bord-blanc\/"},"modified":"2026-02-18T19:37:09","modified_gmt":"2026-02-18T19:37:09","slug":"textil-gaming-pad-600-x-400-x-25-mm-bord-blanc","status":"publish","type":"product","link":"https:\/\/www.promo24.info\/fr\/articles-promotionnels\/tapis-de-souris\/tapis-de-souris-xxl-mousepads\/textil-gaming-pad-600-x-400-x-25-mm-bord-blanc\/","title":{"rendered":"TEXTIL Gaming-pad 600 x 400 x 2,5 mm bord blanc"},"content":{"rendered":"<p>Tapis publicitaire textile \u00e0 sublimation avec dessous antid\u00e9rapant en caoutchouc naturel et surface textile repoussant les liquides sans PFAS.<br \/>\nBords cousus en noir<br \/>\nAttention aux motifs avec cadre ou contenus proches du bord ext\u00e9rieur en raison des tol\u00e9rances de stabilit\u00e9 d&rsquo;env. +\/- 1,5 mm<br \/>\nToutes les dimensions indiqu\u00e9es peuvent varier jusqu&rsquo;\u00e0 3 % pour des raisons de production.<\/p>\n","protected":false},"excerpt":{"rendered":"<p>Tapis publicitaire textile \u00e0 sublimation avec dessous antid\u00e9rapant en caoutchouc naturel et surface textile repoussant les liquides sans PFAS. Bords cousus en noir Attention aux motifs avec cadre ou contenus proches du bord ext\u00e9rieur en raison des tol\u00e9rances de stabilit\u00e9 d&rsquo;env. +\/- 1,5 mm Toutes les dimensions indiqu\u00e9es peuvent varier jusqu&rsquo;\u00e0 3 % pour des [&hellip;]<\/p>\n","protected":false},"featured_media":36627,"template":"","meta":{"_acf_changed":false},"product_brand":[],"product_cat":[1720,1423,1354,1333],"product_tag":[],"class_list":{"0":"post-35213","1":"product","2":"type-product","3":"status-publish","4":"has-post-thumbnail","6":"product_cat-tapis-de-souris-xxl-mousepads","7":"product_cat-gaming-pads","8":"product_cat-sous-mains","9":"product_cat-nouveaux-produits","11":"first","12":"instock","13":"featured","14":"taxable","15":"shipping-taxable","16":"purchasable","17":"product-type-simple"},"acf":[],"yoast_head":"<!-- This site is optimized with the Yoast SEO Premium plugin v22.3 (Yoast SEO v25.6) - https:\/\/yoast.com\/wordpress\/plugins\/seo\/ -->\n<title>Articles promotionnels de promo24 - TEXTIL Gaming-pad 600 x 400 x 2,5 mm bord blanc<\/title>\n<meta name=\"description\" content=\"Tapis publicitaire textile \u00e0 sublimation avec dessous antid\u00e9rapant en caoutchouc naturel et surface textile repoussant les liquides sans PFAS. Bords\" \/>\n<meta name=\"robots\" content=\"index, follow, max-snippet:-1, max-image-preview:large, max-video-preview:-1\" \/>\n<link rel=\"canonical\" href=\"https:\/\/www.promo24.info\/fr\/articles-promotionnels\/tapis-de-souris\/tapis-de-souris-xxl-mousepads\/textil-gaming-pad-600-x-400-x-25-mm-bord-blanc\/\" \/>\n<meta property=\"og:locale\" content=\"fr_FR\" \/>\n<meta property=\"og:type\" content=\"article\" \/>\n<meta property=\"og:title\" content=\"Articles promotionnels de promo24 - TEXTIL Gaming-pad 600 x 400 x 2,5 mm bord blanc\" \/>\n<meta property=\"og:description\" content=\"Tapis publicitaire textile \u00e0 sublimation avec dessous antid\u00e9rapant en caoutchouc naturel et surface textile repoussant les liquides sans PFAS. Bords\" \/>\n<meta property=\"og:url\" content=\"https:\/\/www.promo24.info\/fr\/articles-promotionnels\/tapis-de-souris\/tapis-de-souris-xxl-mousepads\/textil-gaming-pad-600-x-400-x-25-mm-bord-blanc\/\" \/>\n<meta property=\"og:site_name\" content=\"Articles promotionnels de promo24\" \/>\n<meta property=\"article:modified_time\" content=\"2026-02-18T19:37:09+00:00\" \/>\n<meta property=\"og:image\" content=\"https:\/\/www.promo24.info\/wp-content\/uploads\/F007363-1-scaled.jpg\" \/>\n\t<meta property=\"og:image:width\" content=\"2560\" \/>\n\t<meta property=\"og:image:height\" content=\"1783\" \/>\n\t<meta property=\"og:image:type\" content=\"image\/jpeg\" \/>\n<script type=\"application\/ld+json\" class=\"yoast-schema-graph\">{\"@context\":\"https:\/\/schema.org\",\"@graph\":[{\"@type\":\"WebPage\",\"@id\":\"https:\/\/www.promo24.info\/fr\/articles-promotionnels\/tapis-de-souris\/tapis-de-souris-xxl-mousepads\/textil-gaming-pad-600-x-400-x-25-mm-bord-blanc\/\",\"url\":\"https:\/\/www.promo24.info\/fr\/articles-promotionnels\/tapis-de-souris\/tapis-de-souris-xxl-mousepads\/textil-gaming-pad-600-x-400-x-25-mm-bord-blanc\/\",\"name\":\"Articles promotionnels de promo24 - TEXTIL Gaming-pad 600 x 400 x 2,5 mm bord blanc\",\"isPartOf\":{\"@id\":\"https:\/\/www.promo24.info\/fr\/#website\"},\"primaryImageOfPage\":{\"@id\":\"https:\/\/www.promo24.info\/fr\/articles-promotionnels\/tapis-de-souris\/tapis-de-souris-xxl-mousepads\/textil-gaming-pad-600-x-400-x-25-mm-bord-blanc\/#primaryimage\"},\"image\":{\"@id\":\"https:\/\/www.promo24.info\/fr\/articles-promotionnels\/tapis-de-souris\/tapis-de-souris-xxl-mousepads\/textil-gaming-pad-600-x-400-x-25-mm-bord-blanc\/#primaryimage\"},\"thumbnailUrl\":\"https:\/\/www.promo24.info\/wp-content\/uploads\/F007363-1-scaled.jpg\",\"datePublished\":\"2024-11-11T08:30:24+00:00\",\"dateModified\":\"2026-02-18T19:37:09+00:00\",\"description\":\"Tapis publicitaire textile \u00e0 sublimation avec dessous antid\u00e9rapant en caoutchouc naturel et surface textile repoussant les liquides sans PFAS. Bords\",\"breadcrumb\":{\"@id\":\"https:\/\/www.promo24.info\/fr\/articles-promotionnels\/tapis-de-souris\/tapis-de-souris-xxl-mousepads\/textil-gaming-pad-600-x-400-x-25-mm-bord-blanc\/#breadcrumb\"},\"inLanguage\":\"fr-FR\",\"potentialAction\":[{\"@type\":\"ReadAction\",\"target\":[\"https:\/\/www.promo24.info\/fr\/articles-promotionnels\/tapis-de-souris\/tapis-de-souris-xxl-mousepads\/textil-gaming-pad-600-x-400-x-25-mm-bord-blanc\/\"]}]},{\"@type\":\"ImageObject\",\"inLanguage\":\"fr-FR\",\"@id\":\"https:\/\/www.promo24.info\/fr\/articles-promotionnels\/tapis-de-souris\/tapis-de-souris-xxl-mousepads\/textil-gaming-pad-600-x-400-x-25-mm-bord-blanc\/#primaryimage\",\"url\":\"https:\/\/www.promo24.info\/wp-content\/uploads\/F007363-1-scaled.jpg\",\"contentUrl\":\"https:\/\/www.promo24.info\/wp-content\/uploads\/F007363-1-scaled.jpg\",\"width\":2560,\"height\":1783},{\"@type\":\"BreadcrumbList\",\"@id\":\"https:\/\/www.promo24.info\/fr\/articles-promotionnels\/tapis-de-souris\/tapis-de-souris-xxl-mousepads\/textil-gaming-pad-600-x-400-x-25-mm-bord-blanc\/#breadcrumb\",\"itemListElement\":[{\"@type\":\"ListItem\",\"position\":1,\"name\":\"Home\",\"item\":\"https:\/\/www.promo24.info\/fr\/\"},{\"@type\":\"ListItem\",\"position\":2,\"name\":\"Articles Promotionnels\",\"item\":\"https:\/\/www.promo24.info\/fr\/produits\/\"},{\"@type\":\"ListItem\",\"position\":3,\"name\":\"Tapis de souris\",\"item\":\"https:\/\/www.promo24.info\/fr\/werbeartikel-kategorien\/tapis-de-souris\/\"},{\"@type\":\"ListItem\",\"position\":4,\"name\":\"Tapis de souris XXL\",\"item\":\"https:\/\/www.promo24.info\/fr\/werbeartikel-kategorien\/tapis-de-souris\/tapis-de-souris-xxl-mousepads\/\"},{\"@type\":\"ListItem\",\"position\":5,\"name\":\"TEXTIL Gaming-pad 600 x 400 x 2,5 mm bord blanc\"}]},{\"@type\":\"WebSite\",\"@id\":\"https:\/\/www.promo24.info\/fr\/#website\",\"url\":\"https:\/\/www.promo24.info\/fr\/\",\"name\":\"Articles promotionnels de promo24\",\"description\":\"\",\"potentialAction\":[{\"@type\":\"SearchAction\",\"target\":{\"@type\":\"EntryPoint\",\"urlTemplate\":\"https:\/\/www.promo24.info\/fr\/?s={search_term_string}\"},\"query-input\":{\"@type\":\"PropertyValueSpecification\",\"valueRequired\":true,\"valueName\":\"search_term_string\"}}],\"inLanguage\":\"fr-FR\"}]}<\/script>\n<!-- \/ Yoast SEO Premium plugin. -->","yoast_head_json":{"title":"Articles promotionnels de promo24 - TEXTIL Gaming-pad 600 x 400 x 2,5 mm bord blanc","description":"Tapis publicitaire textile \u00e0 sublimation avec dessous antid\u00e9rapant en caoutchouc naturel et surface textile repoussant les liquides sans PFAS. Bords","robots":{"index":"index","follow":"follow","max-snippet":"max-snippet:-1","max-image-preview":"max-image-preview:large","max-video-preview":"max-video-preview:-1"},"canonical":"https:\/\/www.promo24.info\/fr\/articles-promotionnels\/tapis-de-souris\/tapis-de-souris-xxl-mousepads\/textil-gaming-pad-600-x-400-x-25-mm-bord-blanc\/","og_locale":"fr_FR","og_type":"article","og_title":"Articles promotionnels de promo24 - TEXTIL Gaming-pad 600 x 400 x 2,5 mm bord blanc","og_description":"Tapis publicitaire textile \u00e0 sublimation avec dessous antid\u00e9rapant en caoutchouc naturel et surface textile repoussant les liquides sans PFAS. Bords","og_url":"https:\/\/www.promo24.info\/fr\/articles-promotionnels\/tapis-de-souris\/tapis-de-souris-xxl-mousepads\/textil-gaming-pad-600-x-400-x-25-mm-bord-blanc\/","og_site_name":"Articles promotionnels de promo24","article_modified_time":"2026-02-18T19:37:09+00:00","og_image":[{"width":2560,"height":1783,"url":"https:\/\/www.promo24.info\/wp-content\/uploads\/F007363-1-scaled.jpg","type":"image\/jpeg"}],"schema":{"@context":"https:\/\/schema.org","@graph":[{"@type":"WebPage","@id":"https:\/\/www.promo24.info\/fr\/articles-promotionnels\/tapis-de-souris\/tapis-de-souris-xxl-mousepads\/textil-gaming-pad-600-x-400-x-25-mm-bord-blanc\/","url":"https:\/\/www.promo24.info\/fr\/articles-promotionnels\/tapis-de-souris\/tapis-de-souris-xxl-mousepads\/textil-gaming-pad-600-x-400-x-25-mm-bord-blanc\/","name":"Articles promotionnels de promo24 - TEXTIL Gaming-pad 600 x 400 x 2,5 mm bord blanc","isPartOf":{"@id":"https:\/\/www.promo24.info\/fr\/#website"},"primaryImageOfPage":{"@id":"https:\/\/www.promo24.info\/fr\/articles-promotionnels\/tapis-de-souris\/tapis-de-souris-xxl-mousepads\/textil-gaming-pad-600-x-400-x-25-mm-bord-blanc\/#primaryimage"},"image":{"@id":"https:\/\/www.promo24.info\/fr\/articles-promotionnels\/tapis-de-souris\/tapis-de-souris-xxl-mousepads\/textil-gaming-pad-600-x-400-x-25-mm-bord-blanc\/#primaryimage"},"thumbnailUrl":"https:\/\/www.promo24.info\/wp-content\/uploads\/F007363-1-scaled.jpg","datePublished":"2024-11-11T08:30:24+00:00","dateModified":"2026-02-18T19:37:09+00:00","description":"Tapis publicitaire textile \u00e0 sublimation avec dessous antid\u00e9rapant en caoutchouc naturel et surface textile repoussant les liquides sans PFAS. Bords","breadcrumb":{"@id":"https:\/\/www.promo24.info\/fr\/articles-promotionnels\/tapis-de-souris\/tapis-de-souris-xxl-mousepads\/textil-gaming-pad-600-x-400-x-25-mm-bord-blanc\/#breadcrumb"},"inLanguage":"fr-FR","potentialAction":[{"@type":"ReadAction","target":["https:\/\/www.promo24.info\/fr\/articles-promotionnels\/tapis-de-souris\/tapis-de-souris-xxl-mousepads\/textil-gaming-pad-600-x-400-x-25-mm-bord-blanc\/"]}]},{"@type":"ImageObject","inLanguage":"fr-FR","@id":"https:\/\/www.promo24.info\/fr\/articles-promotionnels\/tapis-de-souris\/tapis-de-souris-xxl-mousepads\/textil-gaming-pad-600-x-400-x-25-mm-bord-blanc\/#primaryimage","url":"https:\/\/www.promo24.info\/wp-content\/uploads\/F007363-1-scaled.jpg","contentUrl":"https:\/\/www.promo24.info\/wp-content\/uploads\/F007363-1-scaled.jpg","width":2560,"height":1783},{"@type":"BreadcrumbList","@id":"https:\/\/www.promo24.info\/fr\/articles-promotionnels\/tapis-de-souris\/tapis-de-souris-xxl-mousepads\/textil-gaming-pad-600-x-400-x-25-mm-bord-blanc\/#breadcrumb","itemListElement":[{"@type":"ListItem","position":1,"name":"Home","item":"https:\/\/www.promo24.info\/fr\/"},{"@type":"ListItem","position":2,"name":"Articles Promotionnels","item":"https:\/\/www.promo24.info\/fr\/produits\/"},{"@type":"ListItem","position":3,"name":"Tapis de souris","item":"https:\/\/www.promo24.info\/fr\/werbeartikel-kategorien\/tapis-de-souris\/"},{"@type":"ListItem","position":4,"name":"Tapis de souris XXL","item":"https:\/\/www.promo24.info\/fr\/werbeartikel-kategorien\/tapis-de-souris\/tapis-de-souris-xxl-mousepads\/"},{"@type":"ListItem","position":5,"name":"TEXTIL Gaming-pad 600 x 400 x 2,5 mm bord blanc"}]},{"@type":"WebSite","@id":"https:\/\/www.promo24.info\/fr\/#website","url":"https:\/\/www.promo24.info\/fr\/","name":"Articles promotionnels de promo24","description":"","potentialAction":[{"@type":"SearchAction","target":{"@type":"EntryPoint","urlTemplate":"https:\/\/www.promo24.info\/fr\/?s={search_term_string}"},"query-input":{"@type":"PropertyValueSpecification","valueRequired":true,"valueName":"search_term_string"}}],"inLanguage":"fr-FR"}]}},"tiered_pricing_type":"fixed","tiered_pricing_fixed_rules":{"25":"20.35","50":"14.40","100":"11.35","250":"9.50"},"tiered_pricing_percentage_rules":[],"tiered_pricing_minimum":1,"tiered_pricing_roles_data":{"b2b":{"product_id":35213,"role":"b2b","pricing_type":"flat","regular_price":null,"sale_price":null,"discount":null,"discount_type":"sale_price","tiered_pricing_type":"fixed","percentage_rules":[],"fixed_rules":{"25":"10.17","50":"7.19","100":"5.66","250":"4.73"},"minimum":null}},"_links":{"self":[{"href":"https:\/\/www.promo24.info\/fr\/wp-json\/wp\/v2\/product\/35213","targetHints":{"allow":["GET"]}}],"collection":[{"href":"https:\/\/www.promo24.info\/fr\/wp-json\/wp\/v2\/product"}],"about":[{"href":"https:\/\/www.promo24.info\/fr\/wp-json\/wp\/v2\/types\/product"}],"wp:featuredmedia":[{"embeddable":true,"href":"https:\/\/www.promo24.info\/fr\/wp-json\/wp\/v2\/media\/36627"}],"wp:attachment":[{"href":"https:\/\/www.promo24.info\/fr\/wp-json\/wp\/v2\/media?parent=35213"}],"wp:term":[{"taxonomy":"product_brand","embeddable":true,"href":"https:\/\/www.promo24.info\/fr\/wp-json\/wp\/v2\/product_brand?post=35213"},{"taxonomy":"product_cat","embeddable":true,"href":"https:\/\/www.promo24.info\/fr\/wp-json\/wp\/v2\/product_cat?post=35213"},{"taxonomy":"product_tag","embeddable":true,"href":"https:\/\/www.promo24.info\/fr\/wp-json\/wp\/v2\/product_tag?post=35213"}],"curies":[{"name":"wp","href":"https:\/\/api.w.org\/{rel}","templated":true}]}}