{"id":35229,"date":"2024-11-15T13:32:37","date_gmt":"2024-11-15T13:32:37","guid":{"rendered":"https:\/\/www.promo24.info\/werbeartikel\/non%20class\u00e9\/smart-phonestand-magsafe\/"},"modified":"2026-02-13T11:47:45","modified_gmt":"2026-02-13T11:47:45","slug":"smart-phonestand-magntique","status":"publish","type":"product","link":"https:\/\/www.promo24.info\/fr\/articles-promotionnels\/accessoires-mobile\/supports-de-tlphones-handy-zubehoer\/smart-phonestand-magntique\/","title":{"rendered":"SMART phonestand Magn\u00e9tique"},"content":{"rendered":"<p>Accessoire pratique pour smartphone : un support pour t\u00e9l\u00e9phone portable plat et rotatif avec fonction magn\u00e9tique MagSafe. Il n&rsquo;est pas n\u00e9cessaire de retirer le support de t\u00e9l\u00e9phone pour le chargement sans fil. Vous pouvez charger votre smartphone sans fil via le support de t\u00e9l\u00e9phone. Le smartphone peut \u00eatre plac\u00e9 horizontalement ou verticalement. Fabriqu\u00e9 en mat\u00e9riau PC robuste.<\/p>\n","protected":false},"excerpt":{"rendered":"<p>Accessoire pratique pour smartphone : un support pour t\u00e9l\u00e9phone portable plat et rotatif avec fonction magn\u00e9tique MagSafe. Il n&rsquo;est pas n\u00e9cessaire de retirer le support de t\u00e9l\u00e9phone pour le chargement sans fil. Vous pouvez charger votre smartphone sans fil via le support de t\u00e9l\u00e9phone. Le smartphone peut \u00eatre plac\u00e9 horizontalement ou verticalement. Fabriqu\u00e9 en mat\u00e9riau [&hellip;]<\/p>\n","protected":false},"featured_media":35222,"template":"","meta":{"_acf_changed":false},"product_brand":[],"product_cat":[1353,1375,1333],"product_tag":[],"class_list":{"0":"post-35229","1":"product","2":"type-product","3":"status-publish","4":"has-post-thumbnail","6":"product_cat-supports-de-tlphones-handy-zubehoer","7":"product_cat-cool-gadgets","8":"product_cat-nouveaux-produits","9":"pa_farbe-schwarz-gedeckt-fr","10":"pa_farbe-weiss-gedeckt-fr","12":"first","13":"instock","14":"taxable","15":"shipping-taxable","16":"purchasable","17":"product-type-variable"},"acf":[],"yoast_head":"<!-- This site is optimized with the Yoast SEO Premium plugin v22.3 (Yoast SEO v25.6) - https:\/\/yoast.com\/wordpress\/plugins\/seo\/ -->\n<title>Articles promotionnels de promo24 - SMART phonestand Magn\u00e9tique<\/title>\n<meta name=\"description\" content=\"Accessoire pratique pour smartphone : un support pour t\u00e9l\u00e9phone portable plat et rotatif avec fonction magn\u00e9tique MagSafe. Il n&#039;est pas n\u00e9cessaire de\" \/>\n<meta name=\"robots\" content=\"index, follow, max-snippet:-1, max-image-preview:large, max-video-preview:-1\" \/>\n<link rel=\"canonical\" href=\"https:\/\/www.promo24.info\/fr\/articles-promotionnels\/accessoires-mobile\/supports-de-tlphones-handy-zubehoer\/smart-phonestand-magntique\/\" \/>\n<meta property=\"og:locale\" content=\"fr_FR\" \/>\n<meta property=\"og:type\" content=\"article\" \/>\n<meta property=\"og:title\" content=\"Articles promotionnels de promo24 - SMART phonestand Magn\u00e9tique\" \/>\n<meta property=\"og:description\" content=\"Accessoire pratique pour smartphone : un support pour t\u00e9l\u00e9phone portable plat et rotatif avec fonction magn\u00e9tique MagSafe. Il n&#039;est pas n\u00e9cessaire de\" \/>\n<meta property=\"og:url\" content=\"https:\/\/www.promo24.info\/fr\/articles-promotionnels\/accessoires-mobile\/supports-de-tlphones-handy-zubehoer\/smart-phonestand-magntique\/\" \/>\n<meta property=\"og:site_name\" content=\"Articles promotionnels de promo24\" \/>\n<meta property=\"article:modified_time\" content=\"2026-02-13T11:47:45+00:00\" \/>\n<meta property=\"og:image\" content=\"https:\/\/www.promo24.info\/wp-content\/uploads\/F007373.jpg\" \/>\n\t<meta property=\"og:image:width\" content=\"2560\" \/>\n\t<meta property=\"og:image:height\" content=\"2560\" \/>\n\t<meta property=\"og:image:type\" content=\"image\/jpeg\" \/>\n<script type=\"application\/ld+json\" class=\"yoast-schema-graph\">{\"@context\":\"https:\/\/schema.org\",\"@graph\":[{\"@type\":\"WebPage\",\"@id\":\"https:\/\/www.promo24.info\/fr\/articles-promotionnels\/accessoires-mobile\/supports-de-tlphones-handy-zubehoer\/smart-phonestand-magntique\/\",\"url\":\"https:\/\/www.promo24.info\/fr\/articles-promotionnels\/accessoires-mobile\/supports-de-tlphones-handy-zubehoer\/smart-phonestand-magntique\/\",\"name\":\"Articles promotionnels de promo24 - SMART phonestand Magn\u00e9tique\",\"isPartOf\":{\"@id\":\"https:\/\/www.promo24.info\/fr\/#website\"},\"primaryImageOfPage\":{\"@id\":\"https:\/\/www.promo24.info\/fr\/articles-promotionnels\/accessoires-mobile\/supports-de-tlphones-handy-zubehoer\/smart-phonestand-magntique\/#primaryimage\"},\"image\":{\"@id\":\"https:\/\/www.promo24.info\/fr\/articles-promotionnels\/accessoires-mobile\/supports-de-tlphones-handy-zubehoer\/smart-phonestand-magntique\/#primaryimage\"},\"thumbnailUrl\":\"https:\/\/www.promo24.info\/wp-content\/uploads\/F007373.jpg\",\"datePublished\":\"2024-11-15T13:32:37+00:00\",\"dateModified\":\"2026-02-13T11:47:45+00:00\",\"description\":\"Accessoire pratique pour smartphone : un support pour t\u00e9l\u00e9phone portable plat et rotatif avec fonction magn\u00e9tique MagSafe. Il n'est pas n\u00e9cessaire de\",\"breadcrumb\":{\"@id\":\"https:\/\/www.promo24.info\/fr\/articles-promotionnels\/accessoires-mobile\/supports-de-tlphones-handy-zubehoer\/smart-phonestand-magntique\/#breadcrumb\"},\"inLanguage\":\"fr-FR\",\"potentialAction\":[{\"@type\":\"ReadAction\",\"target\":[\"https:\/\/www.promo24.info\/fr\/articles-promotionnels\/accessoires-mobile\/supports-de-tlphones-handy-zubehoer\/smart-phonestand-magntique\/\"]}]},{\"@type\":\"ImageObject\",\"inLanguage\":\"fr-FR\",\"@id\":\"https:\/\/www.promo24.info\/fr\/articles-promotionnels\/accessoires-mobile\/supports-de-tlphones-handy-zubehoer\/smart-phonestand-magntique\/#primaryimage\",\"url\":\"https:\/\/www.promo24.info\/wp-content\/uploads\/F007373.jpg\",\"contentUrl\":\"https:\/\/www.promo24.info\/wp-content\/uploads\/F007373.jpg\",\"width\":2560,\"height\":2560},{\"@type\":\"BreadcrumbList\",\"@id\":\"https:\/\/www.promo24.info\/fr\/articles-promotionnels\/accessoires-mobile\/supports-de-tlphones-handy-zubehoer\/smart-phonestand-magntique\/#breadcrumb\",\"itemListElement\":[{\"@type\":\"ListItem\",\"position\":1,\"name\":\"Home\",\"item\":\"https:\/\/www.promo24.info\/fr\/\"},{\"@type\":\"ListItem\",\"position\":2,\"name\":\"Articles Promotionnels\",\"item\":\"https:\/\/www.promo24.info\/fr\/produits\/\"},{\"@type\":\"ListItem\",\"position\":3,\"name\":\"Accessoires mobile\",\"item\":\"https:\/\/www.promo24.info\/fr\/werbeartikel-kategorien\/accessoires-mobile\/\"},{\"@type\":\"ListItem\",\"position\":4,\"name\":\"Supports de t\u00e9l\u00e9phones\",\"item\":\"https:\/\/www.promo24.info\/fr\/werbeartikel-kategorien\/accessoires-mobile\/supports-de-tlphones-handy-zubehoer\/\"},{\"@type\":\"ListItem\",\"position\":5,\"name\":\"SMART phonestand Magn\u00e9tique\"}]},{\"@type\":\"WebSite\",\"@id\":\"https:\/\/www.promo24.info\/fr\/#website\",\"url\":\"https:\/\/www.promo24.info\/fr\/\",\"name\":\"Articles promotionnels de promo24\",\"description\":\"\",\"potentialAction\":[{\"@type\":\"SearchAction\",\"target\":{\"@type\":\"EntryPoint\",\"urlTemplate\":\"https:\/\/www.promo24.info\/fr\/?s={search_term_string}\"},\"query-input\":{\"@type\":\"PropertyValueSpecification\",\"valueRequired\":true,\"valueName\":\"search_term_string\"}}],\"inLanguage\":\"fr-FR\"}]}<\/script>\n<!-- \/ Yoast SEO Premium plugin. -->","yoast_head_json":{"title":"Articles promotionnels de promo24 - SMART phonestand Magn\u00e9tique","description":"Accessoire pratique pour smartphone : un support pour t\u00e9l\u00e9phone portable plat et rotatif avec fonction magn\u00e9tique MagSafe. Il n'est pas n\u00e9cessaire de","robots":{"index":"index","follow":"follow","max-snippet":"max-snippet:-1","max-image-preview":"max-image-preview:large","max-video-preview":"max-video-preview:-1"},"canonical":"https:\/\/www.promo24.info\/fr\/articles-promotionnels\/accessoires-mobile\/supports-de-tlphones-handy-zubehoer\/smart-phonestand-magntique\/","og_locale":"fr_FR","og_type":"article","og_title":"Articles promotionnels de promo24 - SMART phonestand Magn\u00e9tique","og_description":"Accessoire pratique pour smartphone : un support pour t\u00e9l\u00e9phone portable plat et rotatif avec fonction magn\u00e9tique MagSafe. Il n'est pas n\u00e9cessaire de","og_url":"https:\/\/www.promo24.info\/fr\/articles-promotionnels\/accessoires-mobile\/supports-de-tlphones-handy-zubehoer\/smart-phonestand-magntique\/","og_site_name":"Articles promotionnels de promo24","article_modified_time":"2026-02-13T11:47:45+00:00","og_image":[{"width":2560,"height":2560,"url":"https:\/\/www.promo24.info\/wp-content\/uploads\/F007373.jpg","type":"image\/jpeg"}],"schema":{"@context":"https:\/\/schema.org","@graph":[{"@type":"WebPage","@id":"https:\/\/www.promo24.info\/fr\/articles-promotionnels\/accessoires-mobile\/supports-de-tlphones-handy-zubehoer\/smart-phonestand-magntique\/","url":"https:\/\/www.promo24.info\/fr\/articles-promotionnels\/accessoires-mobile\/supports-de-tlphones-handy-zubehoer\/smart-phonestand-magntique\/","name":"Articles promotionnels de promo24 - SMART phonestand Magn\u00e9tique","isPartOf":{"@id":"https:\/\/www.promo24.info\/fr\/#website"},"primaryImageOfPage":{"@id":"https:\/\/www.promo24.info\/fr\/articles-promotionnels\/accessoires-mobile\/supports-de-tlphones-handy-zubehoer\/smart-phonestand-magntique\/#primaryimage"},"image":{"@id":"https:\/\/www.promo24.info\/fr\/articles-promotionnels\/accessoires-mobile\/supports-de-tlphones-handy-zubehoer\/smart-phonestand-magntique\/#primaryimage"},"thumbnailUrl":"https:\/\/www.promo24.info\/wp-content\/uploads\/F007373.jpg","datePublished":"2024-11-15T13:32:37+00:00","dateModified":"2026-02-13T11:47:45+00:00","description":"Accessoire pratique pour smartphone : un support pour t\u00e9l\u00e9phone portable plat et rotatif avec fonction magn\u00e9tique MagSafe. Il n'est pas n\u00e9cessaire de","breadcrumb":{"@id":"https:\/\/www.promo24.info\/fr\/articles-promotionnels\/accessoires-mobile\/supports-de-tlphones-handy-zubehoer\/smart-phonestand-magntique\/#breadcrumb"},"inLanguage":"fr-FR","potentialAction":[{"@type":"ReadAction","target":["https:\/\/www.promo24.info\/fr\/articles-promotionnels\/accessoires-mobile\/supports-de-tlphones-handy-zubehoer\/smart-phonestand-magntique\/"]}]},{"@type":"ImageObject","inLanguage":"fr-FR","@id":"https:\/\/www.promo24.info\/fr\/articles-promotionnels\/accessoires-mobile\/supports-de-tlphones-handy-zubehoer\/smart-phonestand-magntique\/#primaryimage","url":"https:\/\/www.promo24.info\/wp-content\/uploads\/F007373.jpg","contentUrl":"https:\/\/www.promo24.info\/wp-content\/uploads\/F007373.jpg","width":2560,"height":2560},{"@type":"BreadcrumbList","@id":"https:\/\/www.promo24.info\/fr\/articles-promotionnels\/accessoires-mobile\/supports-de-tlphones-handy-zubehoer\/smart-phonestand-magntique\/#breadcrumb","itemListElement":[{"@type":"ListItem","position":1,"name":"Home","item":"https:\/\/www.promo24.info\/fr\/"},{"@type":"ListItem","position":2,"name":"Articles Promotionnels","item":"https:\/\/www.promo24.info\/fr\/produits\/"},{"@type":"ListItem","position":3,"name":"Accessoires mobile","item":"https:\/\/www.promo24.info\/fr\/werbeartikel-kategorien\/accessoires-mobile\/"},{"@type":"ListItem","position":4,"name":"Supports de t\u00e9l\u00e9phones","item":"https:\/\/www.promo24.info\/fr\/werbeartikel-kategorien\/accessoires-mobile\/supports-de-tlphones-handy-zubehoer\/"},{"@type":"ListItem","position":5,"name":"SMART phonestand Magn\u00e9tique"}]},{"@type":"WebSite","@id":"https:\/\/www.promo24.info\/fr\/#website","url":"https:\/\/www.promo24.info\/fr\/","name":"Articles promotionnels de promo24","description":"","potentialAction":[{"@type":"SearchAction","target":{"@type":"EntryPoint","urlTemplate":"https:\/\/www.promo24.info\/fr\/?s={search_term_string}"},"query-input":{"@type":"PropertyValueSpecification","valueRequired":true,"valueName":"search_term_string"}}],"inLanguage":"fr-FR"}]}},"tiered_pricing_type":"fixed","tiered_pricing_fixed_rules":{"50":"12.30","100":"11.75","250":"10.80","500":"10.35"},"tiered_pricing_percentage_rules":[],"tiered_pricing_minimum":1,"tiered_pricing_roles_data":{"b2b":{"product_id":35229,"role":"b2b","pricing_type":"flat","regular_price":null,"sale_price":null,"discount":null,"discount_type":"sale_price","tiered_pricing_type":"fixed","percentage_rules":[],"fixed_rules":{"50":"6.15","100":"5.87","250":"5.38","500":"5.16"},"minimum":null}},"_links":{"self":[{"href":"https:\/\/www.promo24.info\/fr\/wp-json\/wp\/v2\/product\/35229","targetHints":{"allow":["GET"]}}],"collection":[{"href":"https:\/\/www.promo24.info\/fr\/wp-json\/wp\/v2\/product"}],"about":[{"href":"https:\/\/www.promo24.info\/fr\/wp-json\/wp\/v2\/types\/product"}],"wp:featuredmedia":[{"embeddable":true,"href":"https:\/\/www.promo24.info\/fr\/wp-json\/wp\/v2\/media\/35222"}],"wp:attachment":[{"href":"https:\/\/www.promo24.info\/fr\/wp-json\/wp\/v2\/media?parent=35229"}],"wp:term":[{"taxonomy":"product_brand","embeddable":true,"href":"https:\/\/www.promo24.info\/fr\/wp-json\/wp\/v2\/product_brand?post=35229"},{"taxonomy":"product_cat","embeddable":true,"href":"https:\/\/www.promo24.info\/fr\/wp-json\/wp\/v2\/product_cat?post=35229"},{"taxonomy":"product_tag","embeddable":true,"href":"https:\/\/www.promo24.info\/fr\/wp-json\/wp\/v2\/product_tag?post=35229"}],"curies":[{"name":"wp","href":"https:\/\/api.w.org\/{rel}","templated":true}]}}