{"id":35402,"date":"2025-01-09T09:10:08","date_gmt":"2025-01-09T09:10:08","guid":{"rendered":"https:\/\/www.promo24.info\/werbeartikel\/non%20class\u00e9\/hand-ventilator-1200mah\/"},"modified":"2026-02-13T11:50:37","modified_gmt":"2026-02-13T11:50:37","slug":"hand-ventilator-1200mah","status":"publish","type":"product","link":"https:\/\/www.promo24.info\/fr\/articles-promotionnels\/nouveaux-produits\/hand-ventilator-1200mah\/","title":{"rendered":"HAND-ventilator 1200mAh"},"content":{"rendered":"<p>Ce ventilateur HAND est une solution compacte et \u00e9conomique pour les voyages.<br \/>\nIl dispose de trois r\u00e9glages de vitesse et est fabriqu\u00e9 en plastique de haute qualit\u00e9.<br \/>\nCe ventilateur portable est aliment\u00e9 par une batterie rechargeable (1200mAh) et peut \u00eatre charg\u00e9 par USB-C pour une utilisation facile.<br \/>\nId\u00e9al pour une utilisation au bureau, en voiture ou lors d&rsquo;activit\u00e9s de plein air.<br \/>\nPoids du produit : 0,085 kg, 0,113 kg (avec emballage et accessoires)<br \/>\nLangue d&rsquo;utilisation : Anglais<br \/>\nDimensions : 60 x 37,5 x 132 mm : 60 x 37,5 x 132 mm<br \/>\nPuissance : 1-4w<br \/>\nTension : 5 V<br \/>\nDur\u00e9e de fonctionnement : 4,5 heures (premi\u00e8re vitesse), 2,3 heures\uff08deuxi\u00e8me vitesse\uff09\uff0c1,3 heures (troisi\u00e8me vitesse)<br \/>\nVitesse du ventilateur : 2,3m\/s (premi\u00e8re vitesse),,3,2m\/s\uff08second gear\uff09\uff0c3,7m\/s(troisi\u00e8me vitesse)<br \/>\nCaract\u00e9ristiques<br \/>\n1.\tPratique en format de poche : Profitez de la brise n&rsquo;importe o\u00f9 avec un mini ventilateur qui tient dans votre poche ou votre sac.<br \/>\n2.\tUltra-l\u00e9ger : Avec seulement 85 g, il est si l\u00e9ger que vous oublierez que vous le portez.<br \/>\n3.\tFacile \u00e0 transporter : Con\u00e7u pour les activit\u00e9s de plein air, ce ventilateur est parfait pour les personnes en d\u00e9placement.<br \/>\n4.\tCourroie de poignet pratique : Livr\u00e9 avec une sangle de poignet pour un transport facile et pratique.<br \/>\n5.\tUtilisation polyvalente : Ce ventilateur n&rsquo;est pas seulement destin\u00e9 aux aventures en plein air, il est \u00e9galement id\u00e9al pour une utilisation sur le bureau, procurant une brise rafra\u00eechissante pendant que vous travaillez ou \u00e9tudiez.<br \/>\n6.\tTrois r\u00e9glages de vitesse : Personnalisez votre confort gr\u00e2ce aux trois options de vitesse du vent.<\/p>\n","protected":false},"excerpt":{"rendered":"<p>Ce ventilateur HAND est une solution compacte et \u00e9conomique pour les voyages. Il dispose de trois r\u00e9glages de vitesse et est fabriqu\u00e9 en plastique de haute qualit\u00e9. Ce ventilateur portable est aliment\u00e9 par une batterie rechargeable (1200mAh) et peut \u00eatre charg\u00e9 par USB-C pour une utilisation facile. Id\u00e9al pour une utilisation au bureau, en voiture [&hellip;]<\/p>\n","protected":false},"featured_media":35394,"template":"","meta":{"_acf_changed":false},"product_brand":[],"product_cat":[1368,1375,1333],"product_tag":[],"class_list":{"0":"post-35402","1":"product","2":"type-product","3":"status-publish","4":"has-post-thumbnail","6":"product_cat-ventilateur","7":"product_cat-cool-gadgets","8":"product_cat-nouveaux-produits","10":"first","11":"instock","12":"featured","13":"taxable","14":"shipping-taxable","15":"purchasable","16":"product-type-simple"},"acf":[],"yoast_head":"<!-- This site is optimized with the Yoast SEO Premium plugin v22.3 (Yoast SEO v25.6) - https:\/\/yoast.com\/wordpress\/plugins\/seo\/ -->\n<title>Articles promotionnels de promo24 - HAND-ventilator 1200mAh<\/title>\n<meta name=\"description\" content=\"Ce ventilateur HAND est une solution compacte et \u00e9conomique pour les voyages. Il dispose de trois r\u00e9glages de vitesse et est fabriqu\u00e9 en plastique de\" \/>\n<meta name=\"robots\" content=\"index, follow, max-snippet:-1, max-image-preview:large, max-video-preview:-1\" \/>\n<link rel=\"canonical\" href=\"https:\/\/www.promo24.info\/fr\/articles-promotionnels\/nouveaux-produits\/hand-ventilator-1200mah\/\" \/>\n<meta property=\"og:locale\" content=\"fr_FR\" \/>\n<meta property=\"og:type\" content=\"article\" \/>\n<meta property=\"og:title\" content=\"Articles promotionnels de promo24 - HAND-ventilator 1200mAh\" \/>\n<meta property=\"og:description\" content=\"Ce ventilateur HAND est une solution compacte et \u00e9conomique pour les voyages. Il dispose de trois r\u00e9glages de vitesse et est fabriqu\u00e9 en plastique de\" \/>\n<meta property=\"og:url\" content=\"https:\/\/www.promo24.info\/fr\/articles-promotionnels\/nouveaux-produits\/hand-ventilator-1200mah\/\" \/>\n<meta property=\"og:site_name\" content=\"Articles promotionnels de promo24\" \/>\n<meta property=\"article:modified_time\" content=\"2026-02-13T11:50:37+00:00\" \/>\n<meta property=\"og:image\" content=\"https:\/\/www.promo24.info\/wp-content\/uploads\/F007381.jpg\" \/>\n\t<meta property=\"og:image:width\" content=\"2560\" \/>\n\t<meta property=\"og:image:height\" content=\"2560\" \/>\n\t<meta property=\"og:image:type\" content=\"image\/jpeg\" \/>\n<meta name=\"twitter:label1\" content=\"Dur\u00e9e de lecture estim\u00e9e\" \/>\n\t<meta name=\"twitter:data1\" content=\"1 minute\" \/>\n<script type=\"application\/ld+json\" class=\"yoast-schema-graph\">{\"@context\":\"https:\/\/schema.org\",\"@graph\":[{\"@type\":\"WebPage\",\"@id\":\"https:\/\/www.promo24.info\/fr\/articles-promotionnels\/nouveaux-produits\/hand-ventilator-1200mah\/\",\"url\":\"https:\/\/www.promo24.info\/fr\/articles-promotionnels\/nouveaux-produits\/hand-ventilator-1200mah\/\",\"name\":\"Articles promotionnels de promo24 - HAND-ventilator 1200mAh\",\"isPartOf\":{\"@id\":\"https:\/\/www.promo24.info\/fr\/#website\"},\"primaryImageOfPage\":{\"@id\":\"https:\/\/www.promo24.info\/fr\/articles-promotionnels\/nouveaux-produits\/hand-ventilator-1200mah\/#primaryimage\"},\"image\":{\"@id\":\"https:\/\/www.promo24.info\/fr\/articles-promotionnels\/nouveaux-produits\/hand-ventilator-1200mah\/#primaryimage\"},\"thumbnailUrl\":\"https:\/\/www.promo24.info\/wp-content\/uploads\/F007381.jpg\",\"datePublished\":\"2025-01-09T09:10:08+00:00\",\"dateModified\":\"2026-02-13T11:50:37+00:00\",\"description\":\"Ce ventilateur HAND est une solution compacte et \u00e9conomique pour les voyages. Il dispose de trois r\u00e9glages de vitesse et est fabriqu\u00e9 en plastique de\",\"breadcrumb\":{\"@id\":\"https:\/\/www.promo24.info\/fr\/articles-promotionnels\/nouveaux-produits\/hand-ventilator-1200mah\/#breadcrumb\"},\"inLanguage\":\"fr-FR\",\"potentialAction\":[{\"@type\":\"ReadAction\",\"target\":[\"https:\/\/www.promo24.info\/fr\/articles-promotionnels\/nouveaux-produits\/hand-ventilator-1200mah\/\"]}]},{\"@type\":\"ImageObject\",\"inLanguage\":\"fr-FR\",\"@id\":\"https:\/\/www.promo24.info\/fr\/articles-promotionnels\/nouveaux-produits\/hand-ventilator-1200mah\/#primaryimage\",\"url\":\"https:\/\/www.promo24.info\/wp-content\/uploads\/F007381.jpg\",\"contentUrl\":\"https:\/\/www.promo24.info\/wp-content\/uploads\/F007381.jpg\",\"width\":2560,\"height\":2560},{\"@type\":\"BreadcrumbList\",\"@id\":\"https:\/\/www.promo24.info\/fr\/articles-promotionnels\/nouveaux-produits\/hand-ventilator-1200mah\/#breadcrumb\",\"itemListElement\":[{\"@type\":\"ListItem\",\"position\":1,\"name\":\"Home\",\"item\":\"https:\/\/www.promo24.info\/fr\/\"},{\"@type\":\"ListItem\",\"position\":2,\"name\":\"Articles Promotionnels\",\"item\":\"https:\/\/www.promo24.info\/fr\/produits\/\"},{\"@type\":\"ListItem\",\"position\":3,\"name\":\"Ventilateur\",\"item\":\"https:\/\/www.promo24.info\/fr\/werbeartikel-kategorien\/ventilateur\/\"},{\"@type\":\"ListItem\",\"position\":4,\"name\":\"HAND-ventilator 1200mAh\"}]},{\"@type\":\"WebSite\",\"@id\":\"https:\/\/www.promo24.info\/fr\/#website\",\"url\":\"https:\/\/www.promo24.info\/fr\/\",\"name\":\"Articles promotionnels de promo24\",\"description\":\"\",\"potentialAction\":[{\"@type\":\"SearchAction\",\"target\":{\"@type\":\"EntryPoint\",\"urlTemplate\":\"https:\/\/www.promo24.info\/fr\/?s={search_term_string}\"},\"query-input\":{\"@type\":\"PropertyValueSpecification\",\"valueRequired\":true,\"valueName\":\"search_term_string\"}}],\"inLanguage\":\"fr-FR\"}]}<\/script>\n<!-- \/ Yoast SEO Premium plugin. -->","yoast_head_json":{"title":"Articles promotionnels de promo24 - HAND-ventilator 1200mAh","description":"Ce ventilateur HAND est une solution compacte et \u00e9conomique pour les voyages. Il dispose de trois r\u00e9glages de vitesse et est fabriqu\u00e9 en plastique de","robots":{"index":"index","follow":"follow","max-snippet":"max-snippet:-1","max-image-preview":"max-image-preview:large","max-video-preview":"max-video-preview:-1"},"canonical":"https:\/\/www.promo24.info\/fr\/articles-promotionnels\/nouveaux-produits\/hand-ventilator-1200mah\/","og_locale":"fr_FR","og_type":"article","og_title":"Articles promotionnels de promo24 - HAND-ventilator 1200mAh","og_description":"Ce ventilateur HAND est une solution compacte et \u00e9conomique pour les voyages. Il dispose de trois r\u00e9glages de vitesse et est fabriqu\u00e9 en plastique de","og_url":"https:\/\/www.promo24.info\/fr\/articles-promotionnels\/nouveaux-produits\/hand-ventilator-1200mah\/","og_site_name":"Articles promotionnels de promo24","article_modified_time":"2026-02-13T11:50:37+00:00","og_image":[{"width":2560,"height":2560,"url":"https:\/\/www.promo24.info\/wp-content\/uploads\/F007381.jpg","type":"image\/jpeg"}],"twitter_misc":{"Dur\u00e9e de lecture estim\u00e9e":"1 minute"},"schema":{"@context":"https:\/\/schema.org","@graph":[{"@type":"WebPage","@id":"https:\/\/www.promo24.info\/fr\/articles-promotionnels\/nouveaux-produits\/hand-ventilator-1200mah\/","url":"https:\/\/www.promo24.info\/fr\/articles-promotionnels\/nouveaux-produits\/hand-ventilator-1200mah\/","name":"Articles promotionnels de promo24 - HAND-ventilator 1200mAh","isPartOf":{"@id":"https:\/\/www.promo24.info\/fr\/#website"},"primaryImageOfPage":{"@id":"https:\/\/www.promo24.info\/fr\/articles-promotionnels\/nouveaux-produits\/hand-ventilator-1200mah\/#primaryimage"},"image":{"@id":"https:\/\/www.promo24.info\/fr\/articles-promotionnels\/nouveaux-produits\/hand-ventilator-1200mah\/#primaryimage"},"thumbnailUrl":"https:\/\/www.promo24.info\/wp-content\/uploads\/F007381.jpg","datePublished":"2025-01-09T09:10:08+00:00","dateModified":"2026-02-13T11:50:37+00:00","description":"Ce ventilateur HAND est une solution compacte et \u00e9conomique pour les voyages. Il dispose de trois r\u00e9glages de vitesse et est fabriqu\u00e9 en plastique de","breadcrumb":{"@id":"https:\/\/www.promo24.info\/fr\/articles-promotionnels\/nouveaux-produits\/hand-ventilator-1200mah\/#breadcrumb"},"inLanguage":"fr-FR","potentialAction":[{"@type":"ReadAction","target":["https:\/\/www.promo24.info\/fr\/articles-promotionnels\/nouveaux-produits\/hand-ventilator-1200mah\/"]}]},{"@type":"ImageObject","inLanguage":"fr-FR","@id":"https:\/\/www.promo24.info\/fr\/articles-promotionnels\/nouveaux-produits\/hand-ventilator-1200mah\/#primaryimage","url":"https:\/\/www.promo24.info\/wp-content\/uploads\/F007381.jpg","contentUrl":"https:\/\/www.promo24.info\/wp-content\/uploads\/F007381.jpg","width":2560,"height":2560},{"@type":"BreadcrumbList","@id":"https:\/\/www.promo24.info\/fr\/articles-promotionnels\/nouveaux-produits\/hand-ventilator-1200mah\/#breadcrumb","itemListElement":[{"@type":"ListItem","position":1,"name":"Home","item":"https:\/\/www.promo24.info\/fr\/"},{"@type":"ListItem","position":2,"name":"Articles Promotionnels","item":"https:\/\/www.promo24.info\/fr\/produits\/"},{"@type":"ListItem","position":3,"name":"Ventilateur","item":"https:\/\/www.promo24.info\/fr\/werbeartikel-kategorien\/ventilateur\/"},{"@type":"ListItem","position":4,"name":"HAND-ventilator 1200mAh"}]},{"@type":"WebSite","@id":"https:\/\/www.promo24.info\/fr\/#website","url":"https:\/\/www.promo24.info\/fr\/","name":"Articles promotionnels de promo24","description":"","potentialAction":[{"@type":"SearchAction","target":{"@type":"EntryPoint","urlTemplate":"https:\/\/www.promo24.info\/fr\/?s={search_term_string}"},"query-input":{"@type":"PropertyValueSpecification","valueRequired":true,"valueName":"search_term_string"}}],"inLanguage":"fr-FR"}]}},"tiered_pricing_type":"fixed","tiered_pricing_fixed_rules":{"100":"15.10","250":"14.00","500":"13.05","1000":"12.50"},"tiered_pricing_percentage_rules":[],"tiered_pricing_minimum":1,"tiered_pricing_roles_data":{"b2b":{"product_id":35402,"role":"b2b","pricing_type":"flat","regular_price":null,"sale_price":null,"discount":null,"discount_type":"sale_price","tiered_pricing_type":"fixed","percentage_rules":[],"fixed_rules":{"100":"7.55","250":"6.99","500":"6.52","1000":"6.25"},"minimum":null}},"_links":{"self":[{"href":"https:\/\/www.promo24.info\/fr\/wp-json\/wp\/v2\/product\/35402","targetHints":{"allow":["GET"]}}],"collection":[{"href":"https:\/\/www.promo24.info\/fr\/wp-json\/wp\/v2\/product"}],"about":[{"href":"https:\/\/www.promo24.info\/fr\/wp-json\/wp\/v2\/types\/product"}],"wp:featuredmedia":[{"embeddable":true,"href":"https:\/\/www.promo24.info\/fr\/wp-json\/wp\/v2\/media\/35394"}],"wp:attachment":[{"href":"https:\/\/www.promo24.info\/fr\/wp-json\/wp\/v2\/media?parent=35402"}],"wp:term":[{"taxonomy":"product_brand","embeddable":true,"href":"https:\/\/www.promo24.info\/fr\/wp-json\/wp\/v2\/product_brand?post=35402"},{"taxonomy":"product_cat","embeddable":true,"href":"https:\/\/www.promo24.info\/fr\/wp-json\/wp\/v2\/product_cat?post=35402"},{"taxonomy":"product_tag","embeddable":true,"href":"https:\/\/www.promo24.info\/fr\/wp-json\/wp\/v2\/product_tag?post=35402"}],"curies":[{"name":"wp","href":"https:\/\/api.w.org\/{rel}","templated":true}]}}