{"id":36235,"date":"2025-03-29T08:14:03","date_gmt":"2025-03-29T08:14:03","guid":{"rendered":"https:\/\/www.promo24.info\/werbeartikel\/non%20class\u00e9\/tui-earpod-personnalis-avec-earpods-vibepods-10\/"},"modified":"2026-02-13T11:52:13","modified_gmt":"2026-02-13T11:52:13","slug":"tui-earpod-personnalis-avec-earpods-vibepods-10","status":"publish","type":"product","link":"https:\/\/www.promo24.info\/fr\/articles-promotionnels\/nouveaux-produits\/tui-earpod-personnalis-avec-earpods-vibepods-10\/","title":{"rendered":"\u00c9tui Earpod personnalis\u00e9 avec EARPODS VibePods 1.0"},"content":{"rendered":"<p>Cr\u00e9e ton propre bo\u00eetier Earpod &#8211; cr\u00e9atif, individuel et avec un design unique qui attirera \u00e0 coup s\u00fbr tous les regards. Chaque design est calcul\u00e9 individuellement avec  nos \u00e9l\u00e9gants \u00e9couteurs blancs Earpod, qui vous offrent une exp\u00e9rience sonore exceptionnelle sans d\u00e9passer votre budget. Ces \u00e9couteurs haut de gamme sont le choix id\u00e9al pour les amateurs de musique et les auditeurs assidus qui privil\u00e9gient le confort et la qualit\u00e9 sonore.<br \/>\nUn c\u00e2ble de chargement pratique (USB-A vers USB-C) est inclus dans la livraison.<br \/>\nEntr\u00e9e : 5V 500ma<br \/>\nEntr\u00e9e : Connecteur Type-C<br \/>\nCapacit\u00e9 de la batterie : station de charge 180 mAh<br \/>\nCapacit\u00e9 de la batterie : \u00e9couteurs 25 mAh x 2<br \/>\nBluetooth : V5.3<br \/>\nFr\u00e9quence de fonctionnement : 2,402 GHz &#8211; 2,480 GHz<br \/>\nR\u00e9ponse en fr\u00e9quence : 20 Hz &#8211; 20 kHz<br \/>\nDistance de transmission : 10 m<br \/>\nTension de charge : DC 5V<br \/>\nBo\u00eetier : 180 mAh<br \/>\nOreillettes : 25 mAh x2<br \/>\n5,23 dBm Max<br \/>\nEcouteurs 4 heures pour la musique, (50% volume, iPhone)<br \/>\nL&rsquo;\u00e9tui offre 7 heures suppl\u00e9mentaires pour la musique (50 % du volume, iPhone)<br \/>\nTotal 11 heures pour la musique (50% volume, iPhone)<\/p>\n","protected":false},"excerpt":{"rendered":"<p>Cr\u00e9e ton propre bo\u00eetier Earpod &#8211; cr\u00e9atif, individuel et avec un design unique qui attirera \u00e0 coup s\u00fbr tous les regards. Chaque design est calcul\u00e9 individuellement avec nos \u00e9l\u00e9gants \u00e9couteurs blancs Earpod, qui vous offrent une exp\u00e9rience sonore exceptionnelle sans d\u00e9passer votre budget. Ces \u00e9couteurs haut de gamme sont le choix id\u00e9al pour les amateurs [&hellip;]<\/p>\n","protected":false},"featured_media":36229,"template":"","meta":{"_acf_changed":false},"product_brand":[],"product_cat":[1352,1375,1333],"product_tag":[],"class_list":{"0":"post-36235","1":"product","2":"type-product","3":"status-publish","4":"has-post-thumbnail","6":"product_cat-accessoires-mobile","7":"product_cat-cool-gadgets","8":"product_cat-nouveaux-produits","10":"first","11":"instock","12":"taxable","13":"shipping-taxable","14":"purchasable","15":"product-type-simple"},"acf":[],"yoast_head":"<!-- This site is optimized with the Yoast SEO Premium plugin v22.3 (Yoast SEO v25.6) - https:\/\/yoast.com\/wordpress\/plugins\/seo\/ -->\n<title>Articles promotionnels de promo24 - \u00c9tui Earpod personnalis\u00e9 avec EARPODS VibePods 1.0<\/title>\n<meta name=\"description\" content=\"Cr\u00e9e ton propre bo\u00eetier Earpod - cr\u00e9atif, individuel et avec un design unique qui attirera \u00e0 coup s\u00fbr tous les regards. Chaque design est calcul\u00e9\" \/>\n<meta name=\"robots\" content=\"index, follow, max-snippet:-1, max-image-preview:large, max-video-preview:-1\" \/>\n<link rel=\"canonical\" href=\"https:\/\/www.promo24.info\/fr\/articles-promotionnels\/nouveaux-produits\/tui-earpod-personnalis-avec-earpods-vibepods-10\/\" \/>\n<meta property=\"og:locale\" content=\"fr_FR\" \/>\n<meta property=\"og:type\" content=\"article\" \/>\n<meta property=\"og:title\" content=\"Articles promotionnels de promo24 - \u00c9tui Earpod personnalis\u00e9 avec EARPODS VibePods 1.0\" \/>\n<meta property=\"og:description\" content=\"Cr\u00e9e ton propre bo\u00eetier Earpod - cr\u00e9atif, individuel et avec un design unique qui attirera \u00e0 coup s\u00fbr tous les regards. Chaque design est calcul\u00e9\" \/>\n<meta property=\"og:url\" content=\"https:\/\/www.promo24.info\/fr\/articles-promotionnels\/nouveaux-produits\/tui-earpod-personnalis-avec-earpods-vibepods-10\/\" \/>\n<meta property=\"og:site_name\" content=\"Articles promotionnels de promo24\" \/>\n<meta property=\"article:modified_time\" content=\"2026-02-13T11:52:13+00:00\" \/>\n<meta property=\"og:image\" content=\"https:\/\/www.promo24.info\/wp-content\/uploads\/F007396.jpg\" \/>\n\t<meta property=\"og:image:width\" content=\"2560\" \/>\n\t<meta property=\"og:image:height\" content=\"2560\" \/>\n\t<meta property=\"og:image:type\" content=\"image\/jpeg\" \/>\n<meta name=\"twitter:label1\" content=\"Dur\u00e9e de lecture estim\u00e9e\" \/>\n\t<meta name=\"twitter:data1\" content=\"1 minute\" \/>\n<script type=\"application\/ld+json\" class=\"yoast-schema-graph\">{\"@context\":\"https:\/\/schema.org\",\"@graph\":[{\"@type\":\"WebPage\",\"@id\":\"https:\/\/www.promo24.info\/fr\/articles-promotionnels\/nouveaux-produits\/tui-earpod-personnalis-avec-earpods-vibepods-10\/\",\"url\":\"https:\/\/www.promo24.info\/fr\/articles-promotionnels\/nouveaux-produits\/tui-earpod-personnalis-avec-earpods-vibepods-10\/\",\"name\":\"Articles promotionnels de promo24 - \u00c9tui Earpod personnalis\u00e9 avec EARPODS VibePods 1.0\",\"isPartOf\":{\"@id\":\"https:\/\/www.promo24.info\/fr\/#website\"},\"primaryImageOfPage\":{\"@id\":\"https:\/\/www.promo24.info\/fr\/articles-promotionnels\/nouveaux-produits\/tui-earpod-personnalis-avec-earpods-vibepods-10\/#primaryimage\"},\"image\":{\"@id\":\"https:\/\/www.promo24.info\/fr\/articles-promotionnels\/nouveaux-produits\/tui-earpod-personnalis-avec-earpods-vibepods-10\/#primaryimage\"},\"thumbnailUrl\":\"https:\/\/www.promo24.info\/wp-content\/uploads\/F007396.jpg\",\"datePublished\":\"2025-03-29T08:14:03+00:00\",\"dateModified\":\"2026-02-13T11:52:13+00:00\",\"description\":\"Cr\u00e9e ton propre bo\u00eetier Earpod - cr\u00e9atif, individuel et avec un design unique qui attirera \u00e0 coup s\u00fbr tous les regards. Chaque design est calcul\u00e9\",\"breadcrumb\":{\"@id\":\"https:\/\/www.promo24.info\/fr\/articles-promotionnels\/nouveaux-produits\/tui-earpod-personnalis-avec-earpods-vibepods-10\/#breadcrumb\"},\"inLanguage\":\"fr-FR\",\"potentialAction\":[{\"@type\":\"ReadAction\",\"target\":[\"https:\/\/www.promo24.info\/fr\/articles-promotionnels\/nouveaux-produits\/tui-earpod-personnalis-avec-earpods-vibepods-10\/\"]}]},{\"@type\":\"ImageObject\",\"inLanguage\":\"fr-FR\",\"@id\":\"https:\/\/www.promo24.info\/fr\/articles-promotionnels\/nouveaux-produits\/tui-earpod-personnalis-avec-earpods-vibepods-10\/#primaryimage\",\"url\":\"https:\/\/www.promo24.info\/wp-content\/uploads\/F007396.jpg\",\"contentUrl\":\"https:\/\/www.promo24.info\/wp-content\/uploads\/F007396.jpg\",\"width\":2560,\"height\":2560},{\"@type\":\"BreadcrumbList\",\"@id\":\"https:\/\/www.promo24.info\/fr\/articles-promotionnels\/nouveaux-produits\/tui-earpod-personnalis-avec-earpods-vibepods-10\/#breadcrumb\",\"itemListElement\":[{\"@type\":\"ListItem\",\"position\":1,\"name\":\"Home\",\"item\":\"https:\/\/www.promo24.info\/fr\/\"},{\"@type\":\"ListItem\",\"position\":2,\"name\":\"Articles Promotionnels\",\"item\":\"https:\/\/www.promo24.info\/fr\/produits\/\"},{\"@type\":\"ListItem\",\"position\":3,\"name\":\"Accessoires mobile\",\"item\":\"https:\/\/www.promo24.info\/fr\/werbeartikel-kategorien\/accessoires-mobile\/\"},{\"@type\":\"ListItem\",\"position\":4,\"name\":\"\u00c9tui Earpod personnalis\u00e9 avec EARPODS VibePods 1.0\"}]},{\"@type\":\"WebSite\",\"@id\":\"https:\/\/www.promo24.info\/fr\/#website\",\"url\":\"https:\/\/www.promo24.info\/fr\/\",\"name\":\"Articles promotionnels de promo24\",\"description\":\"\",\"potentialAction\":[{\"@type\":\"SearchAction\",\"target\":{\"@type\":\"EntryPoint\",\"urlTemplate\":\"https:\/\/www.promo24.info\/fr\/?s={search_term_string}\"},\"query-input\":{\"@type\":\"PropertyValueSpecification\",\"valueRequired\":true,\"valueName\":\"search_term_string\"}}],\"inLanguage\":\"fr-FR\"}]}<\/script>\n<!-- \/ Yoast SEO Premium plugin. -->","yoast_head_json":{"title":"Articles promotionnels de promo24 - \u00c9tui Earpod personnalis\u00e9 avec EARPODS VibePods 1.0","description":"Cr\u00e9e ton propre bo\u00eetier Earpod - cr\u00e9atif, individuel et avec un design unique qui attirera \u00e0 coup s\u00fbr tous les regards. Chaque design est calcul\u00e9","robots":{"index":"index","follow":"follow","max-snippet":"max-snippet:-1","max-image-preview":"max-image-preview:large","max-video-preview":"max-video-preview:-1"},"canonical":"https:\/\/www.promo24.info\/fr\/articles-promotionnels\/nouveaux-produits\/tui-earpod-personnalis-avec-earpods-vibepods-10\/","og_locale":"fr_FR","og_type":"article","og_title":"Articles promotionnels de promo24 - \u00c9tui Earpod personnalis\u00e9 avec EARPODS VibePods 1.0","og_description":"Cr\u00e9e ton propre bo\u00eetier Earpod - cr\u00e9atif, individuel et avec un design unique qui attirera \u00e0 coup s\u00fbr tous les regards. Chaque design est calcul\u00e9","og_url":"https:\/\/www.promo24.info\/fr\/articles-promotionnels\/nouveaux-produits\/tui-earpod-personnalis-avec-earpods-vibepods-10\/","og_site_name":"Articles promotionnels de promo24","article_modified_time":"2026-02-13T11:52:13+00:00","og_image":[{"width":2560,"height":2560,"url":"https:\/\/www.promo24.info\/wp-content\/uploads\/F007396.jpg","type":"image\/jpeg"}],"twitter_misc":{"Dur\u00e9e de lecture estim\u00e9e":"1 minute"},"schema":{"@context":"https:\/\/schema.org","@graph":[{"@type":"WebPage","@id":"https:\/\/www.promo24.info\/fr\/articles-promotionnels\/nouveaux-produits\/tui-earpod-personnalis-avec-earpods-vibepods-10\/","url":"https:\/\/www.promo24.info\/fr\/articles-promotionnels\/nouveaux-produits\/tui-earpod-personnalis-avec-earpods-vibepods-10\/","name":"Articles promotionnels de promo24 - \u00c9tui Earpod personnalis\u00e9 avec EARPODS VibePods 1.0","isPartOf":{"@id":"https:\/\/www.promo24.info\/fr\/#website"},"primaryImageOfPage":{"@id":"https:\/\/www.promo24.info\/fr\/articles-promotionnels\/nouveaux-produits\/tui-earpod-personnalis-avec-earpods-vibepods-10\/#primaryimage"},"image":{"@id":"https:\/\/www.promo24.info\/fr\/articles-promotionnels\/nouveaux-produits\/tui-earpod-personnalis-avec-earpods-vibepods-10\/#primaryimage"},"thumbnailUrl":"https:\/\/www.promo24.info\/wp-content\/uploads\/F007396.jpg","datePublished":"2025-03-29T08:14:03+00:00","dateModified":"2026-02-13T11:52:13+00:00","description":"Cr\u00e9e ton propre bo\u00eetier Earpod - cr\u00e9atif, individuel et avec un design unique qui attirera \u00e0 coup s\u00fbr tous les regards. Chaque design est calcul\u00e9","breadcrumb":{"@id":"https:\/\/www.promo24.info\/fr\/articles-promotionnels\/nouveaux-produits\/tui-earpod-personnalis-avec-earpods-vibepods-10\/#breadcrumb"},"inLanguage":"fr-FR","potentialAction":[{"@type":"ReadAction","target":["https:\/\/www.promo24.info\/fr\/articles-promotionnels\/nouveaux-produits\/tui-earpod-personnalis-avec-earpods-vibepods-10\/"]}]},{"@type":"ImageObject","inLanguage":"fr-FR","@id":"https:\/\/www.promo24.info\/fr\/articles-promotionnels\/nouveaux-produits\/tui-earpod-personnalis-avec-earpods-vibepods-10\/#primaryimage","url":"https:\/\/www.promo24.info\/wp-content\/uploads\/F007396.jpg","contentUrl":"https:\/\/www.promo24.info\/wp-content\/uploads\/F007396.jpg","width":2560,"height":2560},{"@type":"BreadcrumbList","@id":"https:\/\/www.promo24.info\/fr\/articles-promotionnels\/nouveaux-produits\/tui-earpod-personnalis-avec-earpods-vibepods-10\/#breadcrumb","itemListElement":[{"@type":"ListItem","position":1,"name":"Home","item":"https:\/\/www.promo24.info\/fr\/"},{"@type":"ListItem","position":2,"name":"Articles Promotionnels","item":"https:\/\/www.promo24.info\/fr\/produits\/"},{"@type":"ListItem","position":3,"name":"Accessoires mobile","item":"https:\/\/www.promo24.info\/fr\/werbeartikel-kategorien\/accessoires-mobile\/"},{"@type":"ListItem","position":4,"name":"\u00c9tui Earpod personnalis\u00e9 avec EARPODS VibePods 1.0"}]},{"@type":"WebSite","@id":"https:\/\/www.promo24.info\/fr\/#website","url":"https:\/\/www.promo24.info\/fr\/","name":"Articles promotionnels de promo24","description":"","potentialAction":[{"@type":"SearchAction","target":{"@type":"EntryPoint","urlTemplate":"https:\/\/www.promo24.info\/fr\/?s={search_term_string}"},"query-input":{"@type":"PropertyValueSpecification","valueRequired":true,"valueName":"search_term_string"}}],"inLanguage":"fr-FR"}]}},"tiered_pricing_type":"fixed","tiered_pricing_fixed_rules":{"250":"28.10","500":"25.75","1000":"20.60","2500":"19.00"},"tiered_pricing_percentage_rules":[],"tiered_pricing_minimum":1,"tiered_pricing_roles_data":{"b2b":{"product_id":36235,"role":"b2b","pricing_type":"flat","regular_price":null,"sale_price":null,"discount":null,"discount_type":"sale_price","tiered_pricing_type":"fixed","percentage_rules":[],"fixed_rules":{"250":"14.05","500":"12.86","1000":"10.28","2500":"9.48"},"minimum":null}},"_links":{"self":[{"href":"https:\/\/www.promo24.info\/fr\/wp-json\/wp\/v2\/product\/36235","targetHints":{"allow":["GET"]}}],"collection":[{"href":"https:\/\/www.promo24.info\/fr\/wp-json\/wp\/v2\/product"}],"about":[{"href":"https:\/\/www.promo24.info\/fr\/wp-json\/wp\/v2\/types\/product"}],"wp:featuredmedia":[{"embeddable":true,"href":"https:\/\/www.promo24.info\/fr\/wp-json\/wp\/v2\/media\/36229"}],"wp:attachment":[{"href":"https:\/\/www.promo24.info\/fr\/wp-json\/wp\/v2\/media?parent=36235"}],"wp:term":[{"taxonomy":"product_brand","embeddable":true,"href":"https:\/\/www.promo24.info\/fr\/wp-json\/wp\/v2\/product_brand?post=36235"},{"taxonomy":"product_cat","embeddable":true,"href":"https:\/\/www.promo24.info\/fr\/wp-json\/wp\/v2\/product_cat?post=36235"},{"taxonomy":"product_tag","embeddable":true,"href":"https:\/\/www.promo24.info\/fr\/wp-json\/wp\/v2\/product_tag?post=36235"}],"curies":[{"name":"wp","href":"https:\/\/api.w.org\/{rel}","templated":true}]}}