{"id":36656,"date":"2025-06-27T11:43:45","date_gmt":"2025-06-27T11:43:45","guid":{"rendered":"https:\/\/www.promo24.info\/werbeartikel\/non%20class\u00e9\/square-spinn-cable-100-watt\/"},"modified":"2026-02-13T11:54:32","modified_gmt":"2026-02-13T11:54:32","slug":"square-spinn-cable-240-watt","status":"publish","type":"product","link":"https:\/\/www.promo24.info\/fr\/articles-promotionnels\/nouveaux-produits\/square-spinn-cable-240-watt\/","title":{"rendered":"SQUARE Spinn-cable 240 Watt"},"content":{"rendered":"<p>C\u00e2ble de charge compact avec bobine et supports de contact magn\u00e9tiques, d&rsquo;environ 100 cm de long, avec connecteur USB-C vers USB-C en aluminium de haute qualit\u00e9.<br \/>\nPuissance\u00a0: 240\u00a0watt PD.<br \/>\nConditionn\u00e9 dans une bo\u00eete individuelle.<\/p>\n","protected":false},"excerpt":{"rendered":"<p>C\u00e2ble de charge compact avec bobine et supports de contact magn\u00e9tiques, d&rsquo;environ 100 cm de long, avec connecteur USB-C vers USB-C en aluminium de haute qualit\u00e9. Puissance\u00a0: 240\u00a0watt PD. Conditionn\u00e9 dans une bo\u00eete individuelle.<\/p>\n","protected":false},"featured_media":36670,"template":"","meta":{"_acf_changed":false},"product_brand":[],"product_cat":[1375,1378,1333],"product_tag":[],"class_list":{"0":"post-36656","1":"product","2":"type-product","3":"status-publish","4":"has-post-thumbnail","6":"product_cat-cool-gadgets","7":"product_cat-cbles-de-chargement","8":"product_cat-nouveaux-produits","9":"pa_farbe-schwarz-gedeckt-fr","10":"pa_farbe-weiss-gedeckt-fr","11":"pa_farbe-f0013-fr","13":"first","14":"instock","15":"featured","16":"taxable","17":"shipping-taxable","18":"purchasable","19":"product-type-variable"},"acf":[],"yoast_head":"<!-- This site is optimized with the Yoast SEO Premium plugin v22.3 (Yoast SEO v25.6) - https:\/\/yoast.com\/wordpress\/plugins\/seo\/ -->\n<title>Articles promotionnels de promo24 - SQUARE Spinn-cable 240 Watt<\/title>\n<meta name=\"description\" content=\"C\u00e2ble de charge compact avec bobine et supports de contact magn\u00e9tiques, d&#039;environ 100 cm de long, avec connecteur USB-C vers USB-C en aluminium de haute\" \/>\n<meta name=\"robots\" content=\"index, follow, max-snippet:-1, max-image-preview:large, max-video-preview:-1\" \/>\n<link rel=\"canonical\" href=\"https:\/\/www.promo24.info\/fr\/articles-promotionnels\/nouveaux-produits\/square-spinn-cable-240-watt\/\" \/>\n<meta property=\"og:locale\" content=\"fr_FR\" \/>\n<meta property=\"og:type\" content=\"article\" \/>\n<meta property=\"og:title\" content=\"Articles promotionnels de promo24 - SQUARE Spinn-cable 240 Watt\" \/>\n<meta property=\"og:description\" content=\"C\u00e2ble de charge compact avec bobine et supports de contact magn\u00e9tiques, d&#039;environ 100 cm de long, avec connecteur USB-C vers USB-C en aluminium de haute\" \/>\n<meta property=\"og:url\" content=\"https:\/\/www.promo24.info\/fr\/articles-promotionnels\/nouveaux-produits\/square-spinn-cable-240-watt\/\" \/>\n<meta property=\"og:site_name\" content=\"Articles promotionnels de promo24\" \/>\n<meta property=\"article:modified_time\" content=\"2026-02-13T11:54:32+00:00\" \/>\n<meta property=\"og:image\" content=\"https:\/\/www.promo24.info\/wp-content\/uploads\/F007409-1.jpg\" \/>\n\t<meta property=\"og:image:width\" content=\"1800\" \/>\n\t<meta property=\"og:image:height\" content=\"2046\" \/>\n\t<meta property=\"og:image:type\" content=\"image\/jpeg\" \/>\n<script type=\"application\/ld+json\" class=\"yoast-schema-graph\">{\"@context\":\"https:\/\/schema.org\",\"@graph\":[{\"@type\":\"WebPage\",\"@id\":\"https:\/\/www.promo24.info\/fr\/articles-promotionnels\/nouveaux-produits\/square-spinn-cable-240-watt\/\",\"url\":\"https:\/\/www.promo24.info\/fr\/articles-promotionnels\/nouveaux-produits\/square-spinn-cable-240-watt\/\",\"name\":\"Articles promotionnels de promo24 - SQUARE Spinn-cable 240 Watt\",\"isPartOf\":{\"@id\":\"https:\/\/www.promo24.info\/fr\/#website\"},\"primaryImageOfPage\":{\"@id\":\"https:\/\/www.promo24.info\/fr\/articles-promotionnels\/nouveaux-produits\/square-spinn-cable-240-watt\/#primaryimage\"},\"image\":{\"@id\":\"https:\/\/www.promo24.info\/fr\/articles-promotionnels\/nouveaux-produits\/square-spinn-cable-240-watt\/#primaryimage\"},\"thumbnailUrl\":\"https:\/\/www.promo24.info\/wp-content\/uploads\/F007409-1.jpg\",\"datePublished\":\"2025-06-27T11:43:45+00:00\",\"dateModified\":\"2026-02-13T11:54:32+00:00\",\"description\":\"C\u00e2ble de charge compact avec bobine et supports de contact magn\u00e9tiques, d'environ 100 cm de long, avec connecteur USB-C vers USB-C en aluminium de haute\",\"breadcrumb\":{\"@id\":\"https:\/\/www.promo24.info\/fr\/articles-promotionnels\/nouveaux-produits\/square-spinn-cable-240-watt\/#breadcrumb\"},\"inLanguage\":\"fr-FR\",\"potentialAction\":[{\"@type\":\"ReadAction\",\"target\":[\"https:\/\/www.promo24.info\/fr\/articles-promotionnels\/nouveaux-produits\/square-spinn-cable-240-watt\/\"]}]},{\"@type\":\"ImageObject\",\"inLanguage\":\"fr-FR\",\"@id\":\"https:\/\/www.promo24.info\/fr\/articles-promotionnels\/nouveaux-produits\/square-spinn-cable-240-watt\/#primaryimage\",\"url\":\"https:\/\/www.promo24.info\/wp-content\/uploads\/F007409-1.jpg\",\"contentUrl\":\"https:\/\/www.promo24.info\/wp-content\/uploads\/F007409-1.jpg\",\"width\":1800,\"height\":2046},{\"@type\":\"BreadcrumbList\",\"@id\":\"https:\/\/www.promo24.info\/fr\/articles-promotionnels\/nouveaux-produits\/square-spinn-cable-240-watt\/#breadcrumb\",\"itemListElement\":[{\"@type\":\"ListItem\",\"position\":1,\"name\":\"Home\",\"item\":\"https:\/\/www.promo24.info\/fr\/\"},{\"@type\":\"ListItem\",\"position\":2,\"name\":\"Articles Promotionnels\",\"item\":\"https:\/\/www.promo24.info\/fr\/produits\/\"},{\"@type\":\"ListItem\",\"position\":3,\"name\":\"Cool Gadgets\",\"item\":\"https:\/\/www.promo24.info\/fr\/werbeartikel-kategorien\/cool-gadgets\/\"},{\"@type\":\"ListItem\",\"position\":4,\"name\":\"SQUARE Spinn-cable 240 Watt\"}]},{\"@type\":\"WebSite\",\"@id\":\"https:\/\/www.promo24.info\/fr\/#website\",\"url\":\"https:\/\/www.promo24.info\/fr\/\",\"name\":\"Articles promotionnels de promo24\",\"description\":\"\",\"potentialAction\":[{\"@type\":\"SearchAction\",\"target\":{\"@type\":\"EntryPoint\",\"urlTemplate\":\"https:\/\/www.promo24.info\/fr\/?s={search_term_string}\"},\"query-input\":{\"@type\":\"PropertyValueSpecification\",\"valueRequired\":true,\"valueName\":\"search_term_string\"}}],\"inLanguage\":\"fr-FR\"}]}<\/script>\n<!-- \/ Yoast SEO Premium plugin. -->","yoast_head_json":{"title":"Articles promotionnels de promo24 - SQUARE Spinn-cable 240 Watt","description":"C\u00e2ble de charge compact avec bobine et supports de contact magn\u00e9tiques, d'environ 100 cm de long, avec connecteur USB-C vers USB-C en aluminium de haute","robots":{"index":"index","follow":"follow","max-snippet":"max-snippet:-1","max-image-preview":"max-image-preview:large","max-video-preview":"max-video-preview:-1"},"canonical":"https:\/\/www.promo24.info\/fr\/articles-promotionnels\/nouveaux-produits\/square-spinn-cable-240-watt\/","og_locale":"fr_FR","og_type":"article","og_title":"Articles promotionnels de promo24 - SQUARE Spinn-cable 240 Watt","og_description":"C\u00e2ble de charge compact avec bobine et supports de contact magn\u00e9tiques, d'environ 100 cm de long, avec connecteur USB-C vers USB-C en aluminium de haute","og_url":"https:\/\/www.promo24.info\/fr\/articles-promotionnels\/nouveaux-produits\/square-spinn-cable-240-watt\/","og_site_name":"Articles promotionnels de promo24","article_modified_time":"2026-02-13T11:54:32+00:00","og_image":[{"width":1800,"height":2046,"url":"https:\/\/www.promo24.info\/wp-content\/uploads\/F007409-1.jpg","type":"image\/jpeg"}],"schema":{"@context":"https:\/\/schema.org","@graph":[{"@type":"WebPage","@id":"https:\/\/www.promo24.info\/fr\/articles-promotionnels\/nouveaux-produits\/square-spinn-cable-240-watt\/","url":"https:\/\/www.promo24.info\/fr\/articles-promotionnels\/nouveaux-produits\/square-spinn-cable-240-watt\/","name":"Articles promotionnels de promo24 - SQUARE Spinn-cable 240 Watt","isPartOf":{"@id":"https:\/\/www.promo24.info\/fr\/#website"},"primaryImageOfPage":{"@id":"https:\/\/www.promo24.info\/fr\/articles-promotionnels\/nouveaux-produits\/square-spinn-cable-240-watt\/#primaryimage"},"image":{"@id":"https:\/\/www.promo24.info\/fr\/articles-promotionnels\/nouveaux-produits\/square-spinn-cable-240-watt\/#primaryimage"},"thumbnailUrl":"https:\/\/www.promo24.info\/wp-content\/uploads\/F007409-1.jpg","datePublished":"2025-06-27T11:43:45+00:00","dateModified":"2026-02-13T11:54:32+00:00","description":"C\u00e2ble de charge compact avec bobine et supports de contact magn\u00e9tiques, d'environ 100 cm de long, avec connecteur USB-C vers USB-C en aluminium de haute","breadcrumb":{"@id":"https:\/\/www.promo24.info\/fr\/articles-promotionnels\/nouveaux-produits\/square-spinn-cable-240-watt\/#breadcrumb"},"inLanguage":"fr-FR","potentialAction":[{"@type":"ReadAction","target":["https:\/\/www.promo24.info\/fr\/articles-promotionnels\/nouveaux-produits\/square-spinn-cable-240-watt\/"]}]},{"@type":"ImageObject","inLanguage":"fr-FR","@id":"https:\/\/www.promo24.info\/fr\/articles-promotionnels\/nouveaux-produits\/square-spinn-cable-240-watt\/#primaryimage","url":"https:\/\/www.promo24.info\/wp-content\/uploads\/F007409-1.jpg","contentUrl":"https:\/\/www.promo24.info\/wp-content\/uploads\/F007409-1.jpg","width":1800,"height":2046},{"@type":"BreadcrumbList","@id":"https:\/\/www.promo24.info\/fr\/articles-promotionnels\/nouveaux-produits\/square-spinn-cable-240-watt\/#breadcrumb","itemListElement":[{"@type":"ListItem","position":1,"name":"Home","item":"https:\/\/www.promo24.info\/fr\/"},{"@type":"ListItem","position":2,"name":"Articles Promotionnels","item":"https:\/\/www.promo24.info\/fr\/produits\/"},{"@type":"ListItem","position":3,"name":"Cool Gadgets","item":"https:\/\/www.promo24.info\/fr\/werbeartikel-kategorien\/cool-gadgets\/"},{"@type":"ListItem","position":4,"name":"SQUARE Spinn-cable 240 Watt"}]},{"@type":"WebSite","@id":"https:\/\/www.promo24.info\/fr\/#website","url":"https:\/\/www.promo24.info\/fr\/","name":"Articles promotionnels de promo24","description":"","potentialAction":[{"@type":"SearchAction","target":{"@type":"EntryPoint","urlTemplate":"https:\/\/www.promo24.info\/fr\/?s={search_term_string}"},"query-input":{"@type":"PropertyValueSpecification","valueRequired":true,"valueName":"search_term_string"}}],"inLanguage":"fr-FR"}]}},"tiered_pricing_type":"fixed","tiered_pricing_fixed_rules":{"100":"8.90","250":"7.00","500":"6.35","1000":"5.95"},"tiered_pricing_percentage_rules":[],"tiered_pricing_minimum":1,"tiered_pricing_roles_data":{"b2b":{"product_id":36656,"role":"b2b","pricing_type":"flat","regular_price":null,"sale_price":null,"discount":null,"discount_type":"sale_price","tiered_pricing_type":"fixed","percentage_rules":[],"fixed_rules":{"100":"4.44","250":"3.49","500":"3.17","1000":"2.97"},"minimum":null}},"_links":{"self":[{"href":"https:\/\/www.promo24.info\/fr\/wp-json\/wp\/v2\/product\/36656","targetHints":{"allow":["GET"]}}],"collection":[{"href":"https:\/\/www.promo24.info\/fr\/wp-json\/wp\/v2\/product"}],"about":[{"href":"https:\/\/www.promo24.info\/fr\/wp-json\/wp\/v2\/types\/product"}],"wp:featuredmedia":[{"embeddable":true,"href":"https:\/\/www.promo24.info\/fr\/wp-json\/wp\/v2\/media\/36670"}],"wp:attachment":[{"href":"https:\/\/www.promo24.info\/fr\/wp-json\/wp\/v2\/media?parent=36656"}],"wp:term":[{"taxonomy":"product_brand","embeddable":true,"href":"https:\/\/www.promo24.info\/fr\/wp-json\/wp\/v2\/product_brand?post=36656"},{"taxonomy":"product_cat","embeddable":true,"href":"https:\/\/www.promo24.info\/fr\/wp-json\/wp\/v2\/product_cat?post=36656"},{"taxonomy":"product_tag","embeddable":true,"href":"https:\/\/www.promo24.info\/fr\/wp-json\/wp\/v2\/product_tag?post=36656"}],"curies":[{"name":"wp","href":"https:\/\/api.w.org\/{rel}","templated":true}]}}