{"id":37543,"date":"2025-12-17T13:58:13","date_gmt":"2025-12-17T13:58:13","guid":{"rendered":"https:\/\/www.promo24.info\/werbeartikel\/non%20class\u00e9\/air-mount-max-support-de-smartphone-pour-voiture\/"},"modified":"2026-02-13T12:05:13","modified_gmt":"2026-02-13T12:05:13","slug":"air-mount-max-support-de-smartphone-pour-voiture","status":"publish","type":"product","link":"https:\/\/www.promo24.info\/fr\/articles-promotionnels\/nouveaux-produits\/air-mount-max-support-de-smartphone-pour-voiture\/","title":{"rendered":"Air mount Max support de smartphone pour voiture"},"content":{"rendered":"<p>Un support universel pour smartphone en plastique robuste qui maintient votre appareil en toute s\u00e9curit\u00e9 et fiabilit\u00e9 lors de vos d\u00e9placements. La pince automatique assure un maintien ferme d\u00e8s l&rsquo;insertion, sans aucun r\u00e9glage manuel.<br \/>\nStable et dot\u00e9 d&rsquo;une fixation ajustable, ce support se fixe facilement sur presque toutes les grilles d&rsquo;a\u00e9ration. Il reste bien en place, m\u00eame sur les routes accident\u00e9es.<br \/>\nCompatible avec tous les smartphones standards, il est id\u00e9al pour la navigation, le contr\u00f4le de la musique ou les appels mains libres au volant.<\/p>\n","protected":false},"excerpt":{"rendered":"<p>Un support universel pour smartphone en plastique robuste qui maintient votre appareil en toute s\u00e9curit\u00e9 et fiabilit\u00e9 lors de vos d\u00e9placements. La pince automatique assure un maintien ferme d\u00e8s l&rsquo;insertion, sans aucun r\u00e9glage manuel. Stable et dot\u00e9 d&rsquo;une fixation ajustable, ce support se fixe facilement sur presque toutes les grilles d&rsquo;a\u00e9ration. Il reste bien en [&hellip;]<\/p>\n","protected":false},"featured_media":37534,"template":"","meta":{"_acf_changed":false},"product_brand":[],"product_cat":[1352,1333],"product_tag":[],"class_list":{"0":"post-37543","1":"product","2":"type-product","3":"status-publish","4":"has-post-thumbnail","6":"product_cat-accessoires-mobile","7":"product_cat-nouveaux-produits","9":"first","10":"instock","11":"taxable","12":"shipping-taxable","13":"purchasable","14":"product-type-simple"},"acf":[],"yoast_head":"<!-- This site is optimized with the Yoast SEO Premium plugin v22.3 (Yoast SEO v25.6) - https:\/\/yoast.com\/wordpress\/plugins\/seo\/ -->\n<title>Articles promotionnels de promo24 - Air mount Max support de smartphone pour voiture<\/title>\n<meta name=\"description\" content=\"Un support universel pour smartphone en plastique robuste qui maintient votre appareil en toute s\u00e9curit\u00e9 et fiabilit\u00e9 lors de vos d\u00e9placements. La pince\" \/>\n<meta name=\"robots\" content=\"index, follow, max-snippet:-1, max-image-preview:large, max-video-preview:-1\" \/>\n<link rel=\"canonical\" href=\"https:\/\/www.promo24.info\/fr\/articles-promotionnels\/nouveaux-produits\/air-mount-max-support-de-smartphone-pour-voiture\/\" \/>\n<meta property=\"og:locale\" content=\"fr_FR\" \/>\n<meta property=\"og:type\" content=\"article\" \/>\n<meta property=\"og:title\" content=\"Articles promotionnels de promo24 - Air mount Max support de smartphone pour voiture\" \/>\n<meta property=\"og:description\" content=\"Un support universel pour smartphone en plastique robuste qui maintient votre appareil en toute s\u00e9curit\u00e9 et fiabilit\u00e9 lors de vos d\u00e9placements. La pince\" \/>\n<meta property=\"og:url\" content=\"https:\/\/www.promo24.info\/fr\/articles-promotionnels\/nouveaux-produits\/air-mount-max-support-de-smartphone-pour-voiture\/\" \/>\n<meta property=\"og:site_name\" content=\"Articles promotionnels de promo24\" \/>\n<meta property=\"article:modified_time\" content=\"2026-02-13T12:05:13+00:00\" \/>\n<meta property=\"og:image\" content=\"https:\/\/www.promo24.info\/wp-content\/uploads\/F007437-scaled.jpg\" \/>\n\t<meta property=\"og:image:width\" content=\"2560\" \/>\n\t<meta property=\"og:image:height\" content=\"2560\" \/>\n\t<meta property=\"og:image:type\" content=\"image\/jpeg\" \/>\n<script type=\"application\/ld+json\" class=\"yoast-schema-graph\">{\"@context\":\"https:\/\/schema.org\",\"@graph\":[{\"@type\":\"WebPage\",\"@id\":\"https:\/\/www.promo24.info\/fr\/articles-promotionnels\/nouveaux-produits\/air-mount-max-support-de-smartphone-pour-voiture\/\",\"url\":\"https:\/\/www.promo24.info\/fr\/articles-promotionnels\/nouveaux-produits\/air-mount-max-support-de-smartphone-pour-voiture\/\",\"name\":\"Articles promotionnels de promo24 - Air mount Max support de smartphone pour voiture\",\"isPartOf\":{\"@id\":\"https:\/\/www.promo24.info\/fr\/#website\"},\"primaryImageOfPage\":{\"@id\":\"https:\/\/www.promo24.info\/fr\/articles-promotionnels\/nouveaux-produits\/air-mount-max-support-de-smartphone-pour-voiture\/#primaryimage\"},\"image\":{\"@id\":\"https:\/\/www.promo24.info\/fr\/articles-promotionnels\/nouveaux-produits\/air-mount-max-support-de-smartphone-pour-voiture\/#primaryimage\"},\"thumbnailUrl\":\"https:\/\/www.promo24.info\/wp-content\/uploads\/F007437-scaled.jpg\",\"datePublished\":\"2025-12-17T13:58:13+00:00\",\"dateModified\":\"2026-02-13T12:05:13+00:00\",\"description\":\"Un support universel pour smartphone en plastique robuste qui maintient votre appareil en toute s\u00e9curit\u00e9 et fiabilit\u00e9 lors de vos d\u00e9placements. La pince\",\"breadcrumb\":{\"@id\":\"https:\/\/www.promo24.info\/fr\/articles-promotionnels\/nouveaux-produits\/air-mount-max-support-de-smartphone-pour-voiture\/#breadcrumb\"},\"inLanguage\":\"fr-FR\",\"potentialAction\":[{\"@type\":\"ReadAction\",\"target\":[\"https:\/\/www.promo24.info\/fr\/articles-promotionnels\/nouveaux-produits\/air-mount-max-support-de-smartphone-pour-voiture\/\"]}]},{\"@type\":\"ImageObject\",\"inLanguage\":\"fr-FR\",\"@id\":\"https:\/\/www.promo24.info\/fr\/articles-promotionnels\/nouveaux-produits\/air-mount-max-support-de-smartphone-pour-voiture\/#primaryimage\",\"url\":\"https:\/\/www.promo24.info\/wp-content\/uploads\/F007437-scaled.jpg\",\"contentUrl\":\"https:\/\/www.promo24.info\/wp-content\/uploads\/F007437-scaled.jpg\",\"width\":2560,\"height\":2560},{\"@type\":\"BreadcrumbList\",\"@id\":\"https:\/\/www.promo24.info\/fr\/articles-promotionnels\/nouveaux-produits\/air-mount-max-support-de-smartphone-pour-voiture\/#breadcrumb\",\"itemListElement\":[{\"@type\":\"ListItem\",\"position\":1,\"name\":\"Home\",\"item\":\"https:\/\/www.promo24.info\/fr\/\"},{\"@type\":\"ListItem\",\"position\":2,\"name\":\"Articles Promotionnels\",\"item\":\"https:\/\/www.promo24.info\/fr\/produits\/\"},{\"@type\":\"ListItem\",\"position\":3,\"name\":\"Accessoires mobile\",\"item\":\"https:\/\/www.promo24.info\/fr\/werbeartikel-kategorien\/accessoires-mobile\/\"},{\"@type\":\"ListItem\",\"position\":4,\"name\":\"Air mount Max support de smartphone pour voiture\"}]},{\"@type\":\"WebSite\",\"@id\":\"https:\/\/www.promo24.info\/fr\/#website\",\"url\":\"https:\/\/www.promo24.info\/fr\/\",\"name\":\"Articles promotionnels de promo24\",\"description\":\"\",\"potentialAction\":[{\"@type\":\"SearchAction\",\"target\":{\"@type\":\"EntryPoint\",\"urlTemplate\":\"https:\/\/www.promo24.info\/fr\/?s={search_term_string}\"},\"query-input\":{\"@type\":\"PropertyValueSpecification\",\"valueRequired\":true,\"valueName\":\"search_term_string\"}}],\"inLanguage\":\"fr-FR\"}]}<\/script>\n<!-- \/ Yoast SEO Premium plugin. -->","yoast_head_json":{"title":"Articles promotionnels de promo24 - Air mount Max support de smartphone pour voiture","description":"Un support universel pour smartphone en plastique robuste qui maintient votre appareil en toute s\u00e9curit\u00e9 et fiabilit\u00e9 lors de vos d\u00e9placements. La pince","robots":{"index":"index","follow":"follow","max-snippet":"max-snippet:-1","max-image-preview":"max-image-preview:large","max-video-preview":"max-video-preview:-1"},"canonical":"https:\/\/www.promo24.info\/fr\/articles-promotionnels\/nouveaux-produits\/air-mount-max-support-de-smartphone-pour-voiture\/","og_locale":"fr_FR","og_type":"article","og_title":"Articles promotionnels de promo24 - Air mount Max support de smartphone pour voiture","og_description":"Un support universel pour smartphone en plastique robuste qui maintient votre appareil en toute s\u00e9curit\u00e9 et fiabilit\u00e9 lors de vos d\u00e9placements. La pince","og_url":"https:\/\/www.promo24.info\/fr\/articles-promotionnels\/nouveaux-produits\/air-mount-max-support-de-smartphone-pour-voiture\/","og_site_name":"Articles promotionnels de promo24","article_modified_time":"2026-02-13T12:05:13+00:00","og_image":[{"width":2560,"height":2560,"url":"https:\/\/www.promo24.info\/wp-content\/uploads\/F007437-scaled.jpg","type":"image\/jpeg"}],"schema":{"@context":"https:\/\/schema.org","@graph":[{"@type":"WebPage","@id":"https:\/\/www.promo24.info\/fr\/articles-promotionnels\/nouveaux-produits\/air-mount-max-support-de-smartphone-pour-voiture\/","url":"https:\/\/www.promo24.info\/fr\/articles-promotionnels\/nouveaux-produits\/air-mount-max-support-de-smartphone-pour-voiture\/","name":"Articles promotionnels de promo24 - Air mount Max support de smartphone pour voiture","isPartOf":{"@id":"https:\/\/www.promo24.info\/fr\/#website"},"primaryImageOfPage":{"@id":"https:\/\/www.promo24.info\/fr\/articles-promotionnels\/nouveaux-produits\/air-mount-max-support-de-smartphone-pour-voiture\/#primaryimage"},"image":{"@id":"https:\/\/www.promo24.info\/fr\/articles-promotionnels\/nouveaux-produits\/air-mount-max-support-de-smartphone-pour-voiture\/#primaryimage"},"thumbnailUrl":"https:\/\/www.promo24.info\/wp-content\/uploads\/F007437-scaled.jpg","datePublished":"2025-12-17T13:58:13+00:00","dateModified":"2026-02-13T12:05:13+00:00","description":"Un support universel pour smartphone en plastique robuste qui maintient votre appareil en toute s\u00e9curit\u00e9 et fiabilit\u00e9 lors de vos d\u00e9placements. La pince","breadcrumb":{"@id":"https:\/\/www.promo24.info\/fr\/articles-promotionnels\/nouveaux-produits\/air-mount-max-support-de-smartphone-pour-voiture\/#breadcrumb"},"inLanguage":"fr-FR","potentialAction":[{"@type":"ReadAction","target":["https:\/\/www.promo24.info\/fr\/articles-promotionnels\/nouveaux-produits\/air-mount-max-support-de-smartphone-pour-voiture\/"]}]},{"@type":"ImageObject","inLanguage":"fr-FR","@id":"https:\/\/www.promo24.info\/fr\/articles-promotionnels\/nouveaux-produits\/air-mount-max-support-de-smartphone-pour-voiture\/#primaryimage","url":"https:\/\/www.promo24.info\/wp-content\/uploads\/F007437-scaled.jpg","contentUrl":"https:\/\/www.promo24.info\/wp-content\/uploads\/F007437-scaled.jpg","width":2560,"height":2560},{"@type":"BreadcrumbList","@id":"https:\/\/www.promo24.info\/fr\/articles-promotionnels\/nouveaux-produits\/air-mount-max-support-de-smartphone-pour-voiture\/#breadcrumb","itemListElement":[{"@type":"ListItem","position":1,"name":"Home","item":"https:\/\/www.promo24.info\/fr\/"},{"@type":"ListItem","position":2,"name":"Articles Promotionnels","item":"https:\/\/www.promo24.info\/fr\/produits\/"},{"@type":"ListItem","position":3,"name":"Accessoires mobile","item":"https:\/\/www.promo24.info\/fr\/werbeartikel-kategorien\/accessoires-mobile\/"},{"@type":"ListItem","position":4,"name":"Air mount Max support de smartphone pour voiture"}]},{"@type":"WebSite","@id":"https:\/\/www.promo24.info\/fr\/#website","url":"https:\/\/www.promo24.info\/fr\/","name":"Articles promotionnels de promo24","description":"","potentialAction":[{"@type":"SearchAction","target":{"@type":"EntryPoint","urlTemplate":"https:\/\/www.promo24.info\/fr\/?s={search_term_string}"},"query-input":{"@type":"PropertyValueSpecification","valueRequired":true,"valueName":"search_term_string"}}],"inLanguage":"fr-FR"}]}},"tiered_pricing_type":"fixed","tiered_pricing_fixed_rules":{"100":"13.15","250":"12.05","500":"11.40","1000":"10.90"},"tiered_pricing_percentage_rules":[],"tiered_pricing_minimum":1,"tiered_pricing_roles_data":{"b2b":{"product_id":37543,"role":"b2b","pricing_type":"flat","regular_price":null,"sale_price":null,"discount":null,"discount_type":"sale_price","tiered_pricing_type":"fixed","percentage_rules":[],"fixed_rules":{"100":"6.56","250":"6.01","500":"5.69","1000":"5.45"},"minimum":null}},"_links":{"self":[{"href":"https:\/\/www.promo24.info\/fr\/wp-json\/wp\/v2\/product\/37543","targetHints":{"allow":["GET"]}}],"collection":[{"href":"https:\/\/www.promo24.info\/fr\/wp-json\/wp\/v2\/product"}],"about":[{"href":"https:\/\/www.promo24.info\/fr\/wp-json\/wp\/v2\/types\/product"}],"wp:featuredmedia":[{"embeddable":true,"href":"https:\/\/www.promo24.info\/fr\/wp-json\/wp\/v2\/media\/37534"}],"wp:attachment":[{"href":"https:\/\/www.promo24.info\/fr\/wp-json\/wp\/v2\/media?parent=37543"}],"wp:term":[{"taxonomy":"product_brand","embeddable":true,"href":"https:\/\/www.promo24.info\/fr\/wp-json\/wp\/v2\/product_brand?post=37543"},{"taxonomy":"product_cat","embeddable":true,"href":"https:\/\/www.promo24.info\/fr\/wp-json\/wp\/v2\/product_cat?post=37543"},{"taxonomy":"product_tag","embeddable":true,"href":"https:\/\/www.promo24.info\/fr\/wp-json\/wp\/v2\/product_tag?post=37543"}],"curies":[{"name":"wp","href":"https:\/\/api.w.org\/{rel}","templated":true}]}}