{"id":40569,"date":"2025-12-23T08:00:57","date_gmt":"2025-12-23T08:00:57","guid":{"rendered":"https:\/\/www.promo24.info\/werbeartikel\/non%20class\u00e9\/pd-fastcharge-set-35-watt\/"},"modified":"2026-02-13T12:06:38","modified_gmt":"2026-02-13T12:06:38","slug":"pd-fastcharge-set-35-watt","status":"publish","type":"product","link":"https:\/\/www.promo24.info\/fr\/articles-promotionnels\/nouveaux-produits\/pd-fastcharge-set-35-watt\/","title":{"rendered":"PD Fastcharge Set 35 Watt"},"content":{"rendered":"<p>Ce kit de charge pratique de 35 W comprend un adaptateur de charge rapide PD et un 240 Watt c\u00e2ble USB-C r\u00e9tractable moderne. Id\u00e9al \u00e0 la maison, au bureau ou en d\u00e9placement. Compact, l\u00e9ger et facile \u00e0 utiliser, il est fourni avec tous les accessoires.<br \/>\nL&rsquo;adaptateur de charge rapide 35 W est certifi\u00e9 T\u00dcV-GS, garantissant une s\u00e9curit\u00e9 maximale. Dot\u00e9 de connecteurs USB-C et USB-A, il charge rapidement vos appareils et est compatible avec toutes les tensions d&rsquo;entr\u00e9e (100-240 V). Les protections contre les surintensit\u00e9s, les surtensions et la surchauffe assurent une charge en toute s\u00e9curit\u00e9.<br \/>\nLe c\u00e2ble USB-C r\u00e9tractable est \u00e9quip\u00e9 d&rsquo;un enrouleur et de fixations magn\u00e9tiques. D&rsquo;une longueur de 100 cm, il se d\u00e9ploie facilement et se r\u00e9tracte automatiquement. Compatible avec une puissance PD jusqu&rsquo;\u00e0 240 W, il est dot\u00e9 de connecteurs USB-C en aluminium de haute qualit\u00e9. Fini les c\u00e2bles emm\u00eal\u00e9s\u00a0! Id\u00e9al pour les voyages.<br \/>\nLe kit est pr\u00e9sent\u00e9 dans un \u00e9l\u00e9gant coffret noir, parfait pour un usage quotidien ou comme cadeau.<\/p>\n","protected":false},"excerpt":{"rendered":"<p>Ce kit de charge pratique de 35 W comprend un adaptateur de charge rapide PD et un 240 Watt c\u00e2ble USB-C r\u00e9tractable moderne. Id\u00e9al \u00e0 la maison, au bureau ou en d\u00e9placement. Compact, l\u00e9ger et facile \u00e0 utiliser, il est fourni avec tous les accessoires. L&rsquo;adaptateur de charge rapide 35 W est certifi\u00e9 T\u00dcV-GS, garantissant [&hellip;]<\/p>\n","protected":false},"featured_media":40640,"template":"","meta":{"_acf_changed":false},"product_brand":[],"product_cat":[1352,1376,1378,1333],"product_tag":[],"class_list":{"0":"post-40569","1":"product","2":"type-product","3":"status-publish","4":"has-post-thumbnail","6":"product_cat-accessoires-mobile","7":"product_cat-adaptateur-de-charge","8":"product_cat-cbles-de-chargement","9":"product_cat-nouveaux-produits","10":"pa_farbe-f0178-fr","11":"pa_farbe-f0179-fr","13":"first","14":"instock","15":"taxable","16":"shipping-taxable","17":"purchasable","18":"product-type-variable"},"acf":[],"yoast_head":"<!-- This site is optimized with the Yoast SEO Premium plugin v22.3 (Yoast SEO v25.6) - https:\/\/yoast.com\/wordpress\/plugins\/seo\/ -->\n<title>Articles promotionnels de promo24 - PD Fastcharge Set 35 Watt<\/title>\n<meta name=\"description\" content=\"Ce kit de charge pratique de 35 W comprend un adaptateur de charge rapide PD et un 240 Watt c\u00e2ble USB-C r\u00e9tractable moderne. Id\u00e9al \u00e0 la maison, au bureau\" \/>\n<meta name=\"robots\" content=\"index, follow, max-snippet:-1, max-image-preview:large, max-video-preview:-1\" \/>\n<link rel=\"canonical\" href=\"https:\/\/www.promo24.info\/fr\/articles-promotionnels\/nouveaux-produits\/pd-fastcharge-set-35-watt\/\" \/>\n<meta property=\"og:locale\" content=\"fr_FR\" \/>\n<meta property=\"og:type\" content=\"article\" \/>\n<meta property=\"og:title\" content=\"Articles promotionnels de promo24 - PD Fastcharge Set 35 Watt\" \/>\n<meta property=\"og:description\" content=\"Ce kit de charge pratique de 35 W comprend un adaptateur de charge rapide PD et un 240 Watt c\u00e2ble USB-C r\u00e9tractable moderne. Id\u00e9al \u00e0 la maison, au bureau\" \/>\n<meta property=\"og:url\" content=\"https:\/\/www.promo24.info\/fr\/articles-promotionnels\/nouveaux-produits\/pd-fastcharge-set-35-watt\/\" \/>\n<meta property=\"og:site_name\" content=\"Articles promotionnels de promo24\" \/>\n<meta property=\"article:modified_time\" content=\"2026-02-13T12:06:38+00:00\" \/>\n<meta property=\"og:image\" content=\"https:\/\/www.promo24.info\/wp-content\/uploads\/F007440-1.jpg\" \/>\n\t<meta property=\"og:image:width\" content=\"2560\" \/>\n\t<meta property=\"og:image:height\" content=\"2560\" \/>\n\t<meta property=\"og:image:type\" content=\"image\/jpeg\" \/>\n<meta name=\"twitter:label1\" content=\"Dur\u00e9e de lecture estim\u00e9e\" \/>\n\t<meta name=\"twitter:data1\" content=\"1 minute\" \/>\n<script type=\"application\/ld+json\" class=\"yoast-schema-graph\">{\"@context\":\"https:\/\/schema.org\",\"@graph\":[{\"@type\":\"WebPage\",\"@id\":\"https:\/\/www.promo24.info\/fr\/articles-promotionnels\/nouveaux-produits\/pd-fastcharge-set-35-watt\/\",\"url\":\"https:\/\/www.promo24.info\/fr\/articles-promotionnels\/nouveaux-produits\/pd-fastcharge-set-35-watt\/\",\"name\":\"Articles promotionnels de promo24 - PD Fastcharge Set 35 Watt\",\"isPartOf\":{\"@id\":\"https:\/\/www.promo24.info\/fr\/#website\"},\"primaryImageOfPage\":{\"@id\":\"https:\/\/www.promo24.info\/fr\/articles-promotionnels\/nouveaux-produits\/pd-fastcharge-set-35-watt\/#primaryimage\"},\"image\":{\"@id\":\"https:\/\/www.promo24.info\/fr\/articles-promotionnels\/nouveaux-produits\/pd-fastcharge-set-35-watt\/#primaryimage\"},\"thumbnailUrl\":\"https:\/\/www.promo24.info\/wp-content\/uploads\/F007440-1.jpg\",\"datePublished\":\"2025-12-23T08:00:57+00:00\",\"dateModified\":\"2026-02-13T12:06:38+00:00\",\"description\":\"Ce kit de charge pratique de 35 W comprend un adaptateur de charge rapide PD et un 240 Watt c\u00e2ble USB-C r\u00e9tractable moderne. Id\u00e9al \u00e0 la maison, au bureau\",\"breadcrumb\":{\"@id\":\"https:\/\/www.promo24.info\/fr\/articles-promotionnels\/nouveaux-produits\/pd-fastcharge-set-35-watt\/#breadcrumb\"},\"inLanguage\":\"fr-FR\",\"potentialAction\":[{\"@type\":\"ReadAction\",\"target\":[\"https:\/\/www.promo24.info\/fr\/articles-promotionnels\/nouveaux-produits\/pd-fastcharge-set-35-watt\/\"]}]},{\"@type\":\"ImageObject\",\"inLanguage\":\"fr-FR\",\"@id\":\"https:\/\/www.promo24.info\/fr\/articles-promotionnels\/nouveaux-produits\/pd-fastcharge-set-35-watt\/#primaryimage\",\"url\":\"https:\/\/www.promo24.info\/wp-content\/uploads\/F007440-1.jpg\",\"contentUrl\":\"https:\/\/www.promo24.info\/wp-content\/uploads\/F007440-1.jpg\",\"width\":2560,\"height\":2560},{\"@type\":\"BreadcrumbList\",\"@id\":\"https:\/\/www.promo24.info\/fr\/articles-promotionnels\/nouveaux-produits\/pd-fastcharge-set-35-watt\/#breadcrumb\",\"itemListElement\":[{\"@type\":\"ListItem\",\"position\":1,\"name\":\"Home\",\"item\":\"https:\/\/www.promo24.info\/fr\/\"},{\"@type\":\"ListItem\",\"position\":2,\"name\":\"Articles Promotionnels\",\"item\":\"https:\/\/www.promo24.info\/fr\/produits\/\"},{\"@type\":\"ListItem\",\"position\":3,\"name\":\"Accessoires mobile\",\"item\":\"https:\/\/www.promo24.info\/fr\/werbeartikel-kategorien\/accessoires-mobile\/\"},{\"@type\":\"ListItem\",\"position\":4,\"name\":\"PD Fastcharge Set 35 Watt\"}]},{\"@type\":\"WebSite\",\"@id\":\"https:\/\/www.promo24.info\/fr\/#website\",\"url\":\"https:\/\/www.promo24.info\/fr\/\",\"name\":\"Articles promotionnels de promo24\",\"description\":\"\",\"potentialAction\":[{\"@type\":\"SearchAction\",\"target\":{\"@type\":\"EntryPoint\",\"urlTemplate\":\"https:\/\/www.promo24.info\/fr\/?s={search_term_string}\"},\"query-input\":{\"@type\":\"PropertyValueSpecification\",\"valueRequired\":true,\"valueName\":\"search_term_string\"}}],\"inLanguage\":\"fr-FR\"}]}<\/script>\n<!-- \/ Yoast SEO Premium plugin. -->","yoast_head_json":{"title":"Articles promotionnels de promo24 - PD Fastcharge Set 35 Watt","description":"Ce kit de charge pratique de 35 W comprend un adaptateur de charge rapide PD et un 240 Watt c\u00e2ble USB-C r\u00e9tractable moderne. Id\u00e9al \u00e0 la maison, au bureau","robots":{"index":"index","follow":"follow","max-snippet":"max-snippet:-1","max-image-preview":"max-image-preview:large","max-video-preview":"max-video-preview:-1"},"canonical":"https:\/\/www.promo24.info\/fr\/articles-promotionnels\/nouveaux-produits\/pd-fastcharge-set-35-watt\/","og_locale":"fr_FR","og_type":"article","og_title":"Articles promotionnels de promo24 - PD Fastcharge Set 35 Watt","og_description":"Ce kit de charge pratique de 35 W comprend un adaptateur de charge rapide PD et un 240 Watt c\u00e2ble USB-C r\u00e9tractable moderne. Id\u00e9al \u00e0 la maison, au bureau","og_url":"https:\/\/www.promo24.info\/fr\/articles-promotionnels\/nouveaux-produits\/pd-fastcharge-set-35-watt\/","og_site_name":"Articles promotionnels de promo24","article_modified_time":"2026-02-13T12:06:38+00:00","og_image":[{"width":2560,"height":2560,"url":"https:\/\/www.promo24.info\/wp-content\/uploads\/F007440-1.jpg","type":"image\/jpeg"}],"twitter_misc":{"Dur\u00e9e de lecture estim\u00e9e":"1 minute"},"schema":{"@context":"https:\/\/schema.org","@graph":[{"@type":"WebPage","@id":"https:\/\/www.promo24.info\/fr\/articles-promotionnels\/nouveaux-produits\/pd-fastcharge-set-35-watt\/","url":"https:\/\/www.promo24.info\/fr\/articles-promotionnels\/nouveaux-produits\/pd-fastcharge-set-35-watt\/","name":"Articles promotionnels de promo24 - PD Fastcharge Set 35 Watt","isPartOf":{"@id":"https:\/\/www.promo24.info\/fr\/#website"},"primaryImageOfPage":{"@id":"https:\/\/www.promo24.info\/fr\/articles-promotionnels\/nouveaux-produits\/pd-fastcharge-set-35-watt\/#primaryimage"},"image":{"@id":"https:\/\/www.promo24.info\/fr\/articles-promotionnels\/nouveaux-produits\/pd-fastcharge-set-35-watt\/#primaryimage"},"thumbnailUrl":"https:\/\/www.promo24.info\/wp-content\/uploads\/F007440-1.jpg","datePublished":"2025-12-23T08:00:57+00:00","dateModified":"2026-02-13T12:06:38+00:00","description":"Ce kit de charge pratique de 35 W comprend un adaptateur de charge rapide PD et un 240 Watt c\u00e2ble USB-C r\u00e9tractable moderne. Id\u00e9al \u00e0 la maison, au bureau","breadcrumb":{"@id":"https:\/\/www.promo24.info\/fr\/articles-promotionnels\/nouveaux-produits\/pd-fastcharge-set-35-watt\/#breadcrumb"},"inLanguage":"fr-FR","potentialAction":[{"@type":"ReadAction","target":["https:\/\/www.promo24.info\/fr\/articles-promotionnels\/nouveaux-produits\/pd-fastcharge-set-35-watt\/"]}]},{"@type":"ImageObject","inLanguage":"fr-FR","@id":"https:\/\/www.promo24.info\/fr\/articles-promotionnels\/nouveaux-produits\/pd-fastcharge-set-35-watt\/#primaryimage","url":"https:\/\/www.promo24.info\/wp-content\/uploads\/F007440-1.jpg","contentUrl":"https:\/\/www.promo24.info\/wp-content\/uploads\/F007440-1.jpg","width":2560,"height":2560},{"@type":"BreadcrumbList","@id":"https:\/\/www.promo24.info\/fr\/articles-promotionnels\/nouveaux-produits\/pd-fastcharge-set-35-watt\/#breadcrumb","itemListElement":[{"@type":"ListItem","position":1,"name":"Home","item":"https:\/\/www.promo24.info\/fr\/"},{"@type":"ListItem","position":2,"name":"Articles Promotionnels","item":"https:\/\/www.promo24.info\/fr\/produits\/"},{"@type":"ListItem","position":3,"name":"Accessoires mobile","item":"https:\/\/www.promo24.info\/fr\/werbeartikel-kategorien\/accessoires-mobile\/"},{"@type":"ListItem","position":4,"name":"PD Fastcharge Set 35 Watt"}]},{"@type":"WebSite","@id":"https:\/\/www.promo24.info\/fr\/#website","url":"https:\/\/www.promo24.info\/fr\/","name":"Articles promotionnels de promo24","description":"","potentialAction":[{"@type":"SearchAction","target":{"@type":"EntryPoint","urlTemplate":"https:\/\/www.promo24.info\/fr\/?s={search_term_string}"},"query-input":{"@type":"PropertyValueSpecification","valueRequired":true,"valueName":"search_term_string"}}],"inLanguage":"fr-FR"}]}},"tiered_pricing_type":"fixed","tiered_pricing_fixed_rules":{"50":"23.20","100":"22.35","250":"21.55","500":"20.80"},"tiered_pricing_percentage_rules":[],"tiered_pricing_minimum":1,"tiered_pricing_roles_data":{"b2b":{"product_id":40569,"role":"b2b","pricing_type":"flat","regular_price":null,"sale_price":null,"discount":null,"discount_type":"sale_price","tiered_pricing_type":"fixed","percentage_rules":[],"fixed_rules":{"50":"11.58","100":"11.16","250":"10.76","500":"10.39"},"minimum":null}},"_links":{"self":[{"href":"https:\/\/www.promo24.info\/fr\/wp-json\/wp\/v2\/product\/40569","targetHints":{"allow":["GET"]}}],"collection":[{"href":"https:\/\/www.promo24.info\/fr\/wp-json\/wp\/v2\/product"}],"about":[{"href":"https:\/\/www.promo24.info\/fr\/wp-json\/wp\/v2\/types\/product"}],"wp:featuredmedia":[{"embeddable":true,"href":"https:\/\/www.promo24.info\/fr\/wp-json\/wp\/v2\/media\/40640"}],"wp:attachment":[{"href":"https:\/\/www.promo24.info\/fr\/wp-json\/wp\/v2\/media?parent=40569"}],"wp:term":[{"taxonomy":"product_brand","embeddable":true,"href":"https:\/\/www.promo24.info\/fr\/wp-json\/wp\/v2\/product_brand?post=40569"},{"taxonomy":"product_cat","embeddable":true,"href":"https:\/\/www.promo24.info\/fr\/wp-json\/wp\/v2\/product_cat?post=40569"},{"taxonomy":"product_tag","embeddable":true,"href":"https:\/\/www.promo24.info\/fr\/wp-json\/wp\/v2\/product_tag?post=40569"}],"curies":[{"name":"wp","href":"https:\/\/api.w.org\/{rel}","templated":true}]}}